{"id":20424,"date":"2025-11-02T14:29:36","date_gmt":"2025-11-02T14:29:36","guid":{"rendered":"https:\/\/modesthanim.com\/product\/pileli-keten-pantolon-bej\/"},"modified":"2026-04-14T04:52:19","modified_gmt":"2026-04-14T04:52:19","slug":"pileli-keten-pantolon-bej","status":"publish","type":"product","link":"https:\/\/mod.wisdar.net\/tr\/urun\/pileli-keten-pantolon-bej\/","title":{"rendered":"Pileli Keten Pantolon \u2013 Bej"},"content":{"rendered":"<p>Ketenin do\u011fal ve hafif dokusuyla tasarlanan bu pantolon, pileli yap\u0131s\u0131yla modern ve \u015f\u0131k bir siluet sunar. Nefes alabilen kuma\u015f\u0131 sayesinde s\u0131cak havalarda g\u00fcn boyu ferahl\u0131k sa\u011flarken, rahat kesimi hareket \u00f6zg\u00fcrl\u00fc\u011f\u00fc verir. Teknik Detaylar: Desen: D\u00fcz, Bel Tipi: Normal Bel, Pa\u00e7a Tipi: Bol Pa\u00e7a, Cep: Yan Cep, Astar: Astars\u0131z, \u00dcr\u00fcn Boyu: 100 cm, Kal\u0131p Tipi: Normal Kal\u0131p, Mankenin Giydi\u011fi Beden: 38, Manken \u00d6l\u00e7\u00fcleri: Boy: 174 cm, G\u00f6\u011f\u00fcs: 82 cm, Bel: 63 cm, Basen: 90 cm.<\/p>\n","protected":false},"excerpt":{"rendered":"<p>Ketenin do\u011fal ve hafif dokusuyla tasarlanan bu pantolon, pileli yap\u0131s\u0131yla modern ve \u015f\u0131k bir siluet sunar. Nefes alabilen kuma\u015f\u0131 sayesinde s\u0131cak havalarda g\u00fcn boyu ferahl\u0131k sa\u011flarken, rahat kesimi hareket \u00f6zg\u00fcrl\u00fc\u011f\u00fc verir. Teknik Detaylar: Desen: D\u00fcz, Bel Tipi: Normal Bel, Pa\u00e7a Tipi: Bol Pa\u00e7a, Cep: Yan Cep, Astar: Astars\u0131z, \u00dcr\u00fcn Boyu: 100 cm, Kal\u0131p Tipi: Normal [&hellip;]<\/p>\n","protected":false},"featured_media":0,"comment_status":"open","ping_status":"closed","template":"","meta":[],"product_brand":[],"product_cat":[1882],"product_tag":[],"class_list":{"0":"post-20424","1":"product","2":"type-product","3":"status-publish","5":"product_cat-alt-giyim","6":"pa_brand-tugba","7":"pa_color-beige","8":"pa_size-4706","9":"pa_size-4711","10":"pa_size-4713","11":"pa_size-4751","12":"pa_size-4749","13":"pa_size-4747","15":"first","16":"instock","17":"sale","18":"shipping-taxable","19":"purchasable","20":"product-type-variable"},"_links":{"self":[{"href":"https:\/\/mod.wisdar.net\/tr\/wp-json\/wp\/v2\/product\/20424","targetHints":{"allow":["GET"]}}],"collection":[{"href":"https:\/\/mod.wisdar.net\/tr\/wp-json\/wp\/v2\/product"}],"about":[{"href":"https:\/\/mod.wisdar.net\/tr\/wp-json\/wp\/v2\/types\/product"}],"replies":[{"embeddable":true,"href":"https:\/\/mod.wisdar.net\/tr\/wp-json\/wp\/v2\/comments?post=20424"}],"wp:attachment":[{"href":"https:\/\/mod.wisdar.net\/tr\/wp-json\/wp\/v2\/media?parent=20424"}],"wp:term":[{"taxonomy":"product_brand","embeddable":true,"href":"https:\/\/mod.wisdar.net\/tr\/wp-json\/wp\/v2\/product_brand?post=20424"},{"taxonomy":"product_cat","embeddable":true,"href":"https:\/\/mod.wisdar.net\/tr\/wp-json\/wp\/v2\/product_cat?post=20424"},{"taxonomy":"product_tag","embeddable":true,"href":"https:\/\/mod.wisdar.net\/tr\/wp-json\/wp\/v2\/product_tag?post=20424"}],"curies":[{"name":"wp","href":"https:\/\/api.w.org\/{rel}","templated":true}]}}