{"id":204319,"date":"2026-04-03T14:39:42","date_gmt":"2026-04-03T14:39:42","guid":{"rendered":"https:\/\/modesthanim.com\/product\/genis-mansetli-%100-keten-tunik-lacivert\/"},"modified":"2026-04-03T14:39:55","modified_gmt":"2026-04-03T14:39:55","slug":"genis-mansetli-%100-keten-tunik-lacivert","status":"publish","type":"product","link":"https:\/\/mod.wisdar.net\/tr\/urun\/genis-mansetli-%100-keten-tunik-lacivert\/","title":{"rendered":"Geni\u015f Man\u015fetli %100 Keten Tunik Lacivert"},"content":{"rendered":"<p>Do\u011fal keten dokusu ve ferah yap\u0131s\u0131yla yaz aylar\u0131nda konfor sunan bu lacivert tunik, sade tasar\u0131m\u0131yla \u015f\u0131kl\u0131\u011f\u0131 ve rahatl\u0131\u011f\u0131 bir arada ya\u015fat\u0131r. Geni\u015f man\u015fet detaylar\u0131, zamans\u0131z bir duru\u015f kazand\u0131r\u0131rken, %100 keten kuma\u015f\u0131 sayesinde nefes al\u0131r ve terletmez. D\u00fc\u011fmeli \u00f6n tasar\u0131m\u0131 ile ister a\u00e7\u0131k ister kapal\u0131 \u015fekilde kullanabilece\u011finiz bu par\u00e7a, hem g\u00fcnl\u00fck kombinlere hem de tatil stiline kolayca uyum sa\u011flar. Uzun ve sala\u015f kesimi, v\u00fccutta \u00f6zg\u00fcr bir hareket alan\u0131 yarat\u0131rken modern bir siluet olu\u015fturur. Lacivert rengi, do\u011fadan ilham alan tonuyla hem n\u00f6tr hem canl\u0131 renklerle kolayca e\u015fle\u015fir. Sandaletlerden espadrillere, keten pantolonlardan \u015fortlara kadar bir\u00e7ok par\u00e7ayla kombinlenebilecek bu tunik, yaz gard\u0131robunuzun kurtar\u0131c\u0131lar\u0131ndan biri olacak.<\/p>\n<p>\u2014 Technical Details \u2014<br \/>\nSezon: YAZ<br \/>\nCinsiyet: Kad\u0131n<br \/>\nMalzeme: Keten<br \/>\nKuma\u015f \u0130\u00e7eri\u011fi: %100 Keten<br \/>\nKal\u0131p: Normal Kal\u0131p<br \/>\nKol Boyu: Uzun Kollu<br \/>\nYaka Tipi: G\u00f6mlek Yaka<br \/>\nMankenin Giydi\u011fi Beden: S Beden<br \/>\nA\u00e7\u0131klama: Elde y\u0131kanmaz Kuru temizleme yap\u0131n\u0131z, Kemerlidir.<\/p>\n","protected":false},"excerpt":{"rendered":"<p>Do\u011fal keten dokusu ve ferah yap\u0131s\u0131yla yaz aylar\u0131nda konfor sunan bu lacivert tunik, sade tasar\u0131m\u0131yla \u015f\u0131kl\u0131\u011f\u0131 ve rahatl\u0131\u011f\u0131 bir arada ya\u015fat\u0131r. Geni\u015f man\u015fet detaylar\u0131, zamans\u0131z bir duru\u015f kazand\u0131r\u0131rken, %100 keten kuma\u015f\u0131 sayesinde nefes al\u0131r ve terletmez. D\u00fc\u011fmeli \u00f6n tasar\u0131m\u0131 ile ister a\u00e7\u0131k ister kapal\u0131 \u015fekilde kullanabilece\u011finiz bu par\u00e7a, hem g\u00fcnl\u00fck kombinlere hem de tatil stiline [&hellip;]<\/p>\n","protected":false},"featured_media":204310,"comment_status":"open","ping_status":"closed","template":"","meta":[],"product_brand":[],"product_cat":[2050],"product_tag":[6771,7238,6768],"class_list":{"0":"post-204319","1":"product","2":"type-product","3":"status-publish","4":"has-post-thumbnail","6":"product_cat-blazer-ceketler","7":"product_tag-gomlek-yaka","8":"product_tag-lacivert","9":"product_tag-uzun-kol","10":"pa_brand-minik-terzi","11":"pa_color-lacivert","12":"pa_size-l","13":"pa_size-m","14":"pa_size-s","16":"first","17":"instock","18":"sale","19":"shipping-taxable","20":"purchasable","21":"product-type-variable"},"_links":{"self":[{"href":"https:\/\/mod.wisdar.net\/tr\/wp-json\/wp\/v2\/product\/204319","targetHints":{"allow":["GET"]}}],"collection":[{"href":"https:\/\/mod.wisdar.net\/tr\/wp-json\/wp\/v2\/product"}],"about":[{"href":"https:\/\/mod.wisdar.net\/tr\/wp-json\/wp\/v2\/types\/product"}],"replies":[{"embeddable":true,"href":"https:\/\/mod.wisdar.net\/tr\/wp-json\/wp\/v2\/comments?post=204319"}],"wp:featuredmedia":[{"embeddable":true,"href":"https:\/\/mod.wisdar.net\/tr\/wp-json\/wp\/v2\/media\/204310"}],"wp:attachment":[{"href":"https:\/\/mod.wisdar.net\/tr\/wp-json\/wp\/v2\/media?parent=204319"}],"wp:term":[{"taxonomy":"product_brand","embeddable":true,"href":"https:\/\/mod.wisdar.net\/tr\/wp-json\/wp\/v2\/product_brand?post=204319"},{"taxonomy":"product_cat","embeddable":true,"href":"https:\/\/mod.wisdar.net\/tr\/wp-json\/wp\/v2\/product_cat?post=204319"},{"taxonomy":"product_tag","embeddable":true,"href":"https:\/\/mod.wisdar.net\/tr\/wp-json\/wp\/v2\/product_tag?post=204319"}],"curies":[{"name":"wp","href":"https:\/\/api.w.org\/{rel}","templated":true}]}}