{"id":20438,"date":"2025-11-07T20:16:06","date_gmt":"2025-11-02T14:29:39","guid":{"rendered":"https:\/\/modesthanim.com\/product\/keten-pantolon-indigo\/"},"modified":"2026-04-14T04:50:49","modified_gmt":"2026-04-14T04:50:49","slug":"keten-pantolon-indigo","status":"publish","type":"product","link":"https:\/\/mod.wisdar.net\/tr\/urun\/keten-pantolon-indigo\/","title":{"rendered":"Keten Pantolon \u2013 \u0130ndigo"},"content":{"rendered":"<p>Do\u011fal duru\u015fu ile hem g\u00fcnl\u00fck kullan\u0131m hem de ofis \u015f\u0131kl\u0131\u011f\u0131 i\u00e7in ideal bir se\u00e7enektir. Zamans\u0131z bir tarz arayanlar i\u00e7in \u015f\u0131k ve fonksiyonel bir alternatif. Kuma\u015f \u0130\u00e7eri\u011fi: %100 Keten. Desen: D\u00fcz. Bel Tipi: Normal Bel. Pa\u00e7a Tipi: Bol Pa\u00e7a. Cep: Yan Cep. Astar: Astars\u0131z. \u00dcr\u00fcn Boyu: 111 cm. Kal\u0131p Tipi: Normal Kal\u0131p. Mankenin Giydi\u011fi Beden: 36. Manken \u00d6l\u00e7\u00fcleri: Boy: 175 cm, G\u00f6\u011f\u00fcs: 80 cm, Bel: 62 cm, Basen: 89 cm.<\/p>\n","protected":false},"excerpt":{"rendered":"<p>Do\u011fal duru\u015fu ile hem g\u00fcnl\u00fck kullan\u0131m hem de ofis \u015f\u0131kl\u0131\u011f\u0131 i\u00e7in ideal bir se\u00e7enektir. Zamans\u0131z bir tarz arayanlar i\u00e7in \u015f\u0131k ve fonksiyonel bir alternatif. Kuma\u015f \u0130\u00e7eri\u011fi: %100 Keten. Desen: D\u00fcz. Bel Tipi: Normal Bel. Pa\u00e7a Tipi: Bol Pa\u00e7a. Cep: Yan Cep. Astar: Astars\u0131z. \u00dcr\u00fcn Boyu: 111 cm. Kal\u0131p Tipi: Normal Kal\u0131p. Mankenin Giydi\u011fi Beden: 36. [&hellip;]<\/p>\n","protected":false},"featured_media":20394,"comment_status":"open","ping_status":"closed","template":"","meta":[],"product_brand":[],"product_cat":[1882],"product_tag":[],"class_list":{"0":"post-20438","1":"product","2":"type-product","3":"status-publish","4":"has-post-thumbnail","6":"product_cat-alt-giyim","7":"pa_brand-tugba","8":"pa_color-indigo","9":"pa_size-4701","10":"pa_size-4706","11":"pa_size-4711","12":"pa_size-4713","13":"pa_size-4751","14":"pa_size-4749","16":"first","17":"instock","18":"sale","19":"shipping-taxable","20":"purchasable","21":"product-type-variable"},"_links":{"self":[{"href":"https:\/\/mod.wisdar.net\/tr\/wp-json\/wp\/v2\/product\/20438","targetHints":{"allow":["GET"]}}],"collection":[{"href":"https:\/\/mod.wisdar.net\/tr\/wp-json\/wp\/v2\/product"}],"about":[{"href":"https:\/\/mod.wisdar.net\/tr\/wp-json\/wp\/v2\/types\/product"}],"replies":[{"embeddable":true,"href":"https:\/\/mod.wisdar.net\/tr\/wp-json\/wp\/v2\/comments?post=20438"}],"wp:featuredmedia":[{"embeddable":true,"href":"https:\/\/mod.wisdar.net\/tr\/wp-json\/wp\/v2\/media\/20394"}],"wp:attachment":[{"href":"https:\/\/mod.wisdar.net\/tr\/wp-json\/wp\/v2\/media?parent=20438"}],"wp:term":[{"taxonomy":"product_brand","embeddable":true,"href":"https:\/\/mod.wisdar.net\/tr\/wp-json\/wp\/v2\/product_brand?post=20438"},{"taxonomy":"product_cat","embeddable":true,"href":"https:\/\/mod.wisdar.net\/tr\/wp-json\/wp\/v2\/product_cat?post=20438"},{"taxonomy":"product_tag","embeddable":true,"href":"https:\/\/mod.wisdar.net\/tr\/wp-json\/wp\/v2\/product_tag?post=20438"}],"curies":[{"name":"wp","href":"https:\/\/api.w.org\/{rel}","templated":true}]}}