{"id":204458,"date":"2026-04-03T14:42:20","date_gmt":"2026-04-03T14:42:20","guid":{"rendered":"https:\/\/modesthanim.com\/product\/kadin-fermuarli-pelus-yelek-15238ylk-damson\/"},"modified":"2026-04-15T21:07:00","modified_gmt":"2026-04-15T21:07:00","slug":"kadin-fermuarli-pelus-yelek-15238ylk-damson","status":"publish","type":"product","link":"https:\/\/mod.wisdar.net\/tr\/urun\/kadin-fermuarli-pelus-yelek-15238ylk-damson\/","title":{"rendered":"Kad\u0131n Fermuarl\u0131 Pelu\u015f Yelek- 15238YLK \u2013 DAMSON"},"content":{"rendered":"<p>A\u00e7\u0131klama : Yumu\u015fac\u0131k dokusu ve s\u0131cak tutan yap\u0131s\u0131yla Kad\u0131n Fermuarl\u0131 Pelu\u015f Yelek, k\u0131\u015f aylar\u0131n\u0131n en konforlu par\u00e7as\u0131 olmaya aday. \u015e\u0131k fermuar detay\u0131 sayesinde hem modern hem de pratik bir kullan\u0131m sunar. G\u00fcnl\u00fck kombinlerde elbise, kazak veya g\u00f6mleklerle kolayca uyum sa\u011flar. Tarz\u0131n\u0131 s\u0131cakl\u0131kla bulu\u015fturmak isteyen kad\u0131nlar i\u00e7in ideal bir tercih.<\/p>\n<p>\u2014 Technical Details \u2014<br \/>\nKuma\u015f: Dokuma<br \/>\nBoy: K\u0131sa<br \/>\nKal\u0131p: Regular<br \/>\nBel: Normal Bel<br \/>\nYa\u015f Grubu: Gen\u00e7<br \/>\nKuma\u015f \u0130\u00e7eri\u011fi: 100% POLYESTER<\/p>\n","protected":false},"excerpt":{"rendered":"<p>A\u00e7\u0131klama : Yumu\u015fac\u0131k dokusu ve s\u0131cak tutan yap\u0131s\u0131yla Kad\u0131n Fermuarl\u0131 Pelu\u015f Yelek, k\u0131\u015f aylar\u0131n\u0131n en konforlu par\u00e7as\u0131 olmaya aday. \u015e\u0131k fermuar detay\u0131 sayesinde hem modern hem de pratik bir kullan\u0131m sunar. G\u00fcnl\u00fck kombinlerde elbise, kazak veya g\u00f6mleklerle kolayca uyum sa\u011flar. Tarz\u0131n\u0131 s\u0131cakl\u0131kla bulu\u015fturmak isteyen kad\u0131nlar i\u00e7in ideal bir tercih. \u2014 Technical Details \u2014 Kuma\u015f: Dokuma [&hellip;]<\/p>\n","protected":false},"featured_media":204447,"comment_status":"open","ping_status":"closed","template":"","meta":[],"product_brand":[],"product_cat":[2053],"product_tag":[7448,7758,4999],"class_list":{"0":"post-204458","1":"product","2":"type-product","3":"status-publish","4":"has-post-thumbnail","6":"product_cat-yelekler-yelekler","7":"product_tag-gunluk-moda","8":"product_tag-kis-giyim","9":"product_tag-outerwear","10":"pa_brand-puane","11":"pa_color-damson","12":"pa_size-l","13":"pa_size-m","14":"pa_size-s","15":"pa_size-xl","17":"first","18":"instock","19":"sale","20":"shipping-taxable","21":"purchasable","22":"product-type-variable"},"_links":{"self":[{"href":"https:\/\/mod.wisdar.net\/tr\/wp-json\/wp\/v2\/product\/204458","targetHints":{"allow":["GET"]}}],"collection":[{"href":"https:\/\/mod.wisdar.net\/tr\/wp-json\/wp\/v2\/product"}],"about":[{"href":"https:\/\/mod.wisdar.net\/tr\/wp-json\/wp\/v2\/types\/product"}],"replies":[{"embeddable":true,"href":"https:\/\/mod.wisdar.net\/tr\/wp-json\/wp\/v2\/comments?post=204458"}],"wp:featuredmedia":[{"embeddable":true,"href":"https:\/\/mod.wisdar.net\/tr\/wp-json\/wp\/v2\/media\/204447"}],"wp:attachment":[{"href":"https:\/\/mod.wisdar.net\/tr\/wp-json\/wp\/v2\/media?parent=204458"}],"wp:term":[{"taxonomy":"product_brand","embeddable":true,"href":"https:\/\/mod.wisdar.net\/tr\/wp-json\/wp\/v2\/product_brand?post=204458"},{"taxonomy":"product_cat","embeddable":true,"href":"https:\/\/mod.wisdar.net\/tr\/wp-json\/wp\/v2\/product_cat?post=204458"},{"taxonomy":"product_tag","embeddable":true,"href":"https:\/\/mod.wisdar.net\/tr\/wp-json\/wp\/v2\/product_tag?post=204458"}],"curies":[{"name":"wp","href":"https:\/\/api.w.org\/{rel}","templated":true}]}}