{"id":204487,"date":"2026-04-03T14:42:23","date_gmt":"2026-04-03T14:42:23","guid":{"rendered":"https:\/\/modesthanim.com\/product\/ceket-takim-elbise-murdum\/"},"modified":"2026-04-10T08:05:15","modified_gmt":"2026-04-10T08:05:15","slug":"ceket-takim-elbise-murdum","status":"publish","type":"product","link":"https:\/\/mod.wisdar.net\/tr\/urun\/ceket-takim-elbise-murdum\/","title":{"rendered":"CEKET TAKIM ELB\u0130SE M\u00fcrd\u00fcm"},"content":{"rendered":"<p>\u2014 Technical Details \u2014<br \/>\nTedarik\u00e7i Mam\u00fcl Kodu: 1035<\/p>\n","protected":false},"excerpt":{"rendered":"<p>\u2014 Technical Details \u2014 Tedarik\u00e7i Mam\u00fcl Kodu: 1035<\/p>\n","protected":false},"featured_media":204484,"comment_status":"open","ping_status":"closed","template":"","meta":[],"product_brand":[],"product_cat":[6249,1933],"product_tag":[8418,6744,6754],"class_list":{"0":"post-204487","1":"product","2":"type-product","3":"status-publish","4":"has-post-thumbnail","6":"product_cat-elbiseler","7":"product_cat-gunluk-ve-gunduz-elbiseleri","8":"product_tag-abiye-elbise","9":"product_tag-kadin-modasi","10":"product_tag-ofis-kiyafeti","11":"pa_brand-markasiz","12":"pa_color-murdum","13":"pa_size-4446","14":"pa_size-4463","15":"pa_size-4680","16":"pa_size-4694","18":"first","19":"outofstock","20":"shipping-taxable","21":"product-type-variable"},"_links":{"self":[{"href":"https:\/\/mod.wisdar.net\/tr\/wp-json\/wp\/v2\/product\/204487","targetHints":{"allow":["GET"]}}],"collection":[{"href":"https:\/\/mod.wisdar.net\/tr\/wp-json\/wp\/v2\/product"}],"about":[{"href":"https:\/\/mod.wisdar.net\/tr\/wp-json\/wp\/v2\/types\/product"}],"replies":[{"embeddable":true,"href":"https:\/\/mod.wisdar.net\/tr\/wp-json\/wp\/v2\/comments?post=204487"}],"wp:featuredmedia":[{"embeddable":true,"href":"https:\/\/mod.wisdar.net\/tr\/wp-json\/wp\/v2\/media\/204484"}],"wp:attachment":[{"href":"https:\/\/mod.wisdar.net\/tr\/wp-json\/wp\/v2\/media?parent=204487"}],"wp:term":[{"taxonomy":"product_brand","embeddable":true,"href":"https:\/\/mod.wisdar.net\/tr\/wp-json\/wp\/v2\/product_brand?post=204487"},{"taxonomy":"product_cat","embeddable":true,"href":"https:\/\/mod.wisdar.net\/tr\/wp-json\/wp\/v2\/product_cat?post=204487"},{"taxonomy":"product_tag","embeddable":true,"href":"https:\/\/mod.wisdar.net\/tr\/wp-json\/wp\/v2\/product_tag?post=204487"}],"curies":[{"name":"wp","href":"https:\/\/api.w.org\/{rel}","templated":true}]}}