{"id":204533,"date":"2026-04-03T14:43:07","date_gmt":"2026-04-03T14:43:07","guid":{"rendered":"https:\/\/modesthanim.com\/product\/verev-motifli-orgu-kazak-lacivert\/"},"modified":"2026-04-10T08:51:33","modified_gmt":"2026-04-10T08:51:33","slug":"verev-motifli-orgu-kazak-lacivert","status":"publish","type":"product","link":"https:\/\/mod.wisdar.net\/tr\/urun\/verev-motifli-orgu-kazak-lacivert\/","title":{"rendered":"Verev Motifli \u00d6rg\u00fc Kazak Lacivert"},"content":{"rendered":"<p>Renk: Lacivert<br \/>\nMevsim: K\u0131\u015fl\u0131k \u2013 Baharl\u0131k<br \/>\n\u0130\u00e7erik: %100 pamuk<br \/>\nTam kal\u0131pt\u0131r.<br \/>\nBoy: ortalama 92 cm<br \/>\nBeden se\u00e7enekleri:<br \/>\nSM beden (34-38 uyumlu, g\u00f6\u011f\u00fcs: 110 cm)<br \/>\nML beden (40-44 uyumlu)<br \/>\nNot: Verilen \u00f6l\u00e7\u00fcler en k\u00fc\u00e7\u00fck bedene aittir, bedenler aras\u0131nda ortalama 4 cm fark bulunmaktad\u0131r.<br \/>\nManken boyu: 1.75 cm<br \/>\nMankenin \u00fczerindeki beden S bedendir.<br \/>\nHassas y\u0131kama program\u0131nda en fazla 30 derecede y\u0131kanmas\u0131 gerekmektedir.<br \/>\nK\u0131\u015fl\u0131k koleksiyonlarda yer alan trikolar ve ka\u015feler pamuklanmaya meyilli yap\u0131dad\u0131r. Sivri zeminler ile temas\u0131ndan ka\u00e7\u0131n\u0131n\u0131z. D\u00fczenli olarak t\u00fcylerini toplay\u0131n\u0131z.<\/p>\n<p>\u2014 Technical Details \u2014<br \/>\nMarka: Minik Terzi<br \/>\nSezon: KI\u015e<br \/>\nCinsiyet: Kad\u0131n<br \/>\nMalzeme: Pamuk<br \/>\nKuma\u015f \u0130\u00e7eri\u011fi: %100 Pamuk<br \/>\nKol Boyu: Uzun Kollu<br \/>\nYaka Tipi: Hakim Yaka<br \/>\nManken \u00d6l\u00e7\u00fcleri: 1,75<br \/>\nMankenin Giydi\u011fi Beden: S Beden<\/p>\n","protected":false},"excerpt":{"rendered":"<p>Renk: Lacivert Mevsim: K\u0131\u015fl\u0131k \u2013 Baharl\u0131k \u0130\u00e7erik: %100 pamuk Tam kal\u0131pt\u0131r. Boy: ortalama 92 cm Beden se\u00e7enekleri: SM beden (34-38 uyumlu, g\u00f6\u011f\u00fcs: 110 cm) ML beden (40-44 uyumlu) Not: Verilen \u00f6l\u00e7\u00fcler en k\u00fc\u00e7\u00fck bedene aittir, bedenler aras\u0131nda ortalama 4 cm fark bulunmaktad\u0131r. Manken boyu: 1.75 cm Mankenin \u00fczerindeki beden S bedendir. Hassas y\u0131kama program\u0131nda en [&hellip;]<\/p>\n","protected":false},"featured_media":204526,"comment_status":"open","ping_status":"closed","template":"","meta":[],"product_brand":[],"product_cat":[1909],"product_tag":[8110,8108,7488,6768],"class_list":{"0":"post-204533","1":"product","2":"type-product","3":"status-publish","4":"has-post-thumbnail","6":"product_cat-bluzlar-ve-gomlekler","7":"product_tag-bisiklet-yaka-2","8":"product_tag-kis","9":"product_tag-pamuk","10":"product_tag-uzun-kol","11":"pa_brand-minik-terzi","12":"pa_color-lacivert","13":"pa_size-ml","14":"pa_size-sm","15":"pa_size-standard","16":"pa_size-standart","18":"first","19":"instock","20":"shipping-taxable","21":"purchasable","22":"product-type-variable"},"_links":{"self":[{"href":"https:\/\/mod.wisdar.net\/tr\/wp-json\/wp\/v2\/product\/204533","targetHints":{"allow":["GET"]}}],"collection":[{"href":"https:\/\/mod.wisdar.net\/tr\/wp-json\/wp\/v2\/product"}],"about":[{"href":"https:\/\/mod.wisdar.net\/tr\/wp-json\/wp\/v2\/types\/product"}],"replies":[{"embeddable":true,"href":"https:\/\/mod.wisdar.net\/tr\/wp-json\/wp\/v2\/comments?post=204533"}],"wp:featuredmedia":[{"embeddable":true,"href":"https:\/\/mod.wisdar.net\/tr\/wp-json\/wp\/v2\/media\/204526"}],"wp:attachment":[{"href":"https:\/\/mod.wisdar.net\/tr\/wp-json\/wp\/v2\/media?parent=204533"}],"wp:term":[{"taxonomy":"product_brand","embeddable":true,"href":"https:\/\/mod.wisdar.net\/tr\/wp-json\/wp\/v2\/product_brand?post=204533"},{"taxonomy":"product_cat","embeddable":true,"href":"https:\/\/mod.wisdar.net\/tr\/wp-json\/wp\/v2\/product_cat?post=204533"},{"taxonomy":"product_tag","embeddable":true,"href":"https:\/\/mod.wisdar.net\/tr\/wp-json\/wp\/v2\/product_tag?post=204533"}],"curies":[{"name":"wp","href":"https:\/\/api.w.org\/{rel}","templated":true}]}}