{"id":204657,"date":"2026-04-03T14:44:18","date_gmt":"2026-04-03T14:44:18","guid":{"rendered":"https:\/\/modesthanim.com\/product\/etegi-kot-elbise-aci-kahve-2\/"},"modified":"2026-04-03T14:44:28","modified_gmt":"2026-04-03T14:44:28","slug":"etegi-kot-elbise-aci-kahve-2","status":"publish","type":"product","link":"https:\/\/mod.wisdar.net\/tr\/urun\/etegi-kot-elbise-aci-kahve-2\/","title":{"rendered":"Ete\u011fi Kot Elbise Ac\u0131 kahve"},"content":{"rendered":"<p>Beden Yard\u0131m Rehberi <\/p>\n<p>BEDEN KILAVUZU<\/p>\n<p>\u00a0<\/p>\n<p>\t\t\t\u00d6l\u00e7\u00fcler<br \/>\n\t\t\tS<br \/>\n\t\t\tM<br \/>\n\t\t\tL<br \/>\n\t\t\tXL<\/p>\n<p>\t\t\tBoy<br \/>\n\t\t\t133 cm<br \/>\n\t\t\t133,5 cm<br \/>\n\t\t\t134 cm<br \/>\n\t\t\t134,5 cm<\/p>\n<p>\t\t\tG\u00f6\u011f\u00fcs \u00c7evresi<br \/>\n\t\t\t98 cm<br \/>\n\t\t\t102 cm<br \/>\n\t\t\t106 cm<br \/>\n\t\t\t110 cm<\/p>\n<p>\t\t\tKol<br \/>\n\t\t\t61 cm<br \/>\n\t\t\t61,3 cm<br \/>\n\t\t\t61,6 cm<br \/>\n\t\t\t61,9 cm<\/p>\n<p>\u2014 Technical Details \u2014<br \/>\nMarka: Minik Terzi<br \/>\nSezon: MEVS\u0130ML\u0130K<br \/>\nCinsiyet: Kad\u0131n<br \/>\nMalzeme: Pamuk \/ Polyester<br \/>\nKuma\u015f \u0130\u00e7eri\u011fi: \u00dcst %50 Pamuk %35 Akrilik %15 Pes \/ Alt %63 Pamuk %33 Pes %4 Ea<br \/>\nKal\u0131p: Tam Kal\u0131p<br \/>\nKol Boyu: Uzun Kollu<br \/>\nYaka Tipi: Bisiklet Yaka<br \/>\nManken \u00d6l\u00e7\u00fcleri: 1,76<br \/>\nMankenin Giydi\u011fi Beden: S Beden<br \/>\nA\u00e7\u0131klama: Elde y\u0131kanmaz kuru temizleme yap\u0131n\u0131z.<\/p>\n","protected":false},"excerpt":{"rendered":"<p>Beden Yard\u0131m Rehberi BEDEN KILAVUZU \u00a0 \u00d6l\u00e7\u00fcler S M L XL Boy 133 cm 133,5 cm 134 cm 134,5 cm G\u00f6\u011f\u00fcs \u00c7evresi 98 cm 102 cm 106 cm 110 cm Kol 61 cm 61,3 cm 61,6 cm 61,9 cm \u2014 Technical Details \u2014 Marka: Minik Terzi Sezon: MEVS\u0130ML\u0130K Cinsiyet: Kad\u0131n Malzeme: Pamuk \/ Polyester Kuma\u015f [&hellip;]<\/p>\n","protected":false},"featured_media":204651,"comment_status":"open","ping_status":"closed","template":"","meta":[],"product_brand":[],"product_cat":[6249,1933],"product_tag":[7426,6744],"class_list":{"0":"post-204657","1":"product","2":"type-product","3":"status-publish","4":"has-post-thumbnail","6":"product_cat-elbiseler","7":"product_cat-gunluk-ve-gunduz-elbiseleri","8":"product_tag-gunluk-giyim-3","9":"product_tag-kadin-modasi","10":"pa_brand-minik-terzi","11":"pa_color-aci-kahve-1","12":"pa_size-l","13":"pa_size-m","14":"pa_size-s","15":"pa_size-xl","17":"first","18":"outofstock","19":"shipping-taxable","20":"product-type-variable"},"_links":{"self":[{"href":"https:\/\/mod.wisdar.net\/tr\/wp-json\/wp\/v2\/product\/204657","targetHints":{"allow":["GET"]}}],"collection":[{"href":"https:\/\/mod.wisdar.net\/tr\/wp-json\/wp\/v2\/product"}],"about":[{"href":"https:\/\/mod.wisdar.net\/tr\/wp-json\/wp\/v2\/types\/product"}],"replies":[{"embeddable":true,"href":"https:\/\/mod.wisdar.net\/tr\/wp-json\/wp\/v2\/comments?post=204657"}],"wp:featuredmedia":[{"embeddable":true,"href":"https:\/\/mod.wisdar.net\/tr\/wp-json\/wp\/v2\/media\/204651"}],"wp:attachment":[{"href":"https:\/\/mod.wisdar.net\/tr\/wp-json\/wp\/v2\/media?parent=204657"}],"wp:term":[{"taxonomy":"product_brand","embeddable":true,"href":"https:\/\/mod.wisdar.net\/tr\/wp-json\/wp\/v2\/product_brand?post=204657"},{"taxonomy":"product_cat","embeddable":true,"href":"https:\/\/mod.wisdar.net\/tr\/wp-json\/wp\/v2\/product_cat?post=204657"},{"taxonomy":"product_tag","embeddable":true,"href":"https:\/\/mod.wisdar.net\/tr\/wp-json\/wp\/v2\/product_tag?post=204657"}],"curies":[{"name":"wp","href":"https:\/\/api.w.org\/{rel}","templated":true}]}}