{"id":204686,"date":"2026-04-03T14:44:48","date_gmt":"2026-04-03T14:44:48","guid":{"rendered":"https:\/\/modesthanim.com\/product\/nakisli-muslin-elbise-bordo\/"},"modified":"2026-04-03T14:44:59","modified_gmt":"2026-04-03T14:44:59","slug":"nakisli-muslin-elbise-bordo","status":"publish","type":"product","link":"https:\/\/mod.wisdar.net\/tr\/urun\/nakisli-muslin-elbise-bordo\/","title":{"rendered":"Nak\u0131\u015fl\u0131 M\u00fcslin Elbise Bordo"},"content":{"rendered":"<p>Seyyar kemeri mevcuttur. Ters \u00e7evirerek k\u0131sa programda 30\u00b0 y\u0131kay\u0131n\u0131z.<\/p>\n<p>\u2014 Technical Details \u2014<br \/>\nBoy: 138 cm<br \/>\nG\u00f6\u011f\u00fcs \u00c7evresi: 112-120 cm<br \/>\nKol Boyu: Uzun Kollu<br \/>\nSezon: YAZ<br \/>\nCinsiyet: Kad\u0131n<br \/>\nMalzeme: Pamuk<br \/>\nKal\u0131p: Bol Kal\u0131p<br \/>\nYaka Tipi: Hakim Yaka<\/p>\n","protected":false},"excerpt":{"rendered":"<p>Seyyar kemeri mevcuttur. Ters \u00e7evirerek k\u0131sa programda 30\u00b0 y\u0131kay\u0131n\u0131z. \u2014 Technical Details \u2014 Boy: 138 cm G\u00f6\u011f\u00fcs \u00c7evresi: 112-120 cm Kol Boyu: Uzun Kollu Sezon: YAZ Cinsiyet: Kad\u0131n Malzeme: Pamuk Kal\u0131p: Bol Kal\u0131p Yaka Tipi: Hakim Yaka<\/p>\n","protected":false},"featured_media":204679,"comment_status":"open","ping_status":"closed","template":"","meta":[],"product_brand":[],"product_cat":[6249,1933],"product_tag":[7326,7488,6768],"class_list":{"0":"post-204686","1":"product","2":"type-product","3":"status-publish","4":"has-post-thumbnail","6":"product_cat-elbiseler","7":"product_cat-gunluk-ve-gunduz-elbiseleri","8":"product_tag-bol-kesim","9":"product_tag-pamuk","10":"product_tag-uzun-kol","11":"pa_brand-minik-terzi","12":"pa_color-bordo","13":"pa_size-l","14":"pa_size-m","15":"pa_size-s","17":"first","18":"instock","19":"shipping-taxable","20":"purchasable","21":"product-type-variable"},"_links":{"self":[{"href":"https:\/\/mod.wisdar.net\/tr\/wp-json\/wp\/v2\/product\/204686","targetHints":{"allow":["GET"]}}],"collection":[{"href":"https:\/\/mod.wisdar.net\/tr\/wp-json\/wp\/v2\/product"}],"about":[{"href":"https:\/\/mod.wisdar.net\/tr\/wp-json\/wp\/v2\/types\/product"}],"replies":[{"embeddable":true,"href":"https:\/\/mod.wisdar.net\/tr\/wp-json\/wp\/v2\/comments?post=204686"}],"wp:featuredmedia":[{"embeddable":true,"href":"https:\/\/mod.wisdar.net\/tr\/wp-json\/wp\/v2\/media\/204679"}],"wp:attachment":[{"href":"https:\/\/mod.wisdar.net\/tr\/wp-json\/wp\/v2\/media?parent=204686"}],"wp:term":[{"taxonomy":"product_brand","embeddable":true,"href":"https:\/\/mod.wisdar.net\/tr\/wp-json\/wp\/v2\/product_brand?post=204686"},{"taxonomy":"product_cat","embeddable":true,"href":"https:\/\/mod.wisdar.net\/tr\/wp-json\/wp\/v2\/product_cat?post=204686"},{"taxonomy":"product_tag","embeddable":true,"href":"https:\/\/mod.wisdar.net\/tr\/wp-json\/wp\/v2\/product_tag?post=204686"}],"curies":[{"name":"wp","href":"https:\/\/api.w.org\/{rel}","templated":true}]}}