{"id":20470,"date":"2025-11-02T14:30:33","date_gmt":"2025-11-02T14:30:33","guid":{"rendered":"https:\/\/modesthanim.com\/product\/kesik-detayli-bol-paca-pantolon-indigo\/"},"modified":"2026-04-15T22:01:18","modified_gmt":"2026-04-15T22:01:18","slug":"kesik-detayli-bol-paca-pantolon-indigo","status":"publish","type":"product","link":"https:\/\/mod.wisdar.net\/tr\/urun\/kesik-detayli-bol-paca-pantolon-indigo\/","title":{"rendered":"Kesik Detayl\u0131 Bol Pa\u00e7a Pantolon \u2013 \u0130ndigo"},"content":{"rendered":"<p>G\u00fc\u00e7l\u00fc duru\u015f, \u00f6zg\u00fcr siluet\u2026Modern kesimi ve pa\u00e7a k\u0131sm\u0131ndaki \u015f\u0131k kesik detaylar\u0131yla \u00f6ne \u00e7\u0131kan bu pantolon, bol formuyla hareket \u00f6zg\u00fcrl\u00fc\u011f\u00fc sunarken stilinize dinamik bir hava katar.<\/p>\n<p>Kuma\u015f \u0130\u00e7eri\u011fi: %61 Lyocell, %39 Keten<br \/>\nDesen: D\u00fcz<br \/>\nBel Tipi: Normal Bel<br \/>\nPa\u00e7a Tipi: Bol Pa\u00e7a<br \/>\nCep: Yan Cep<br \/>\nAstar: Astars\u0131z<br \/>\n\u00dcr\u00fcn Boyu: 112 cm<br \/>\nKal\u0131p Tipi: Normal Kal\u0131p<br \/>\nMankenin Giydi\u011fi Beden: 38<br \/>\nManken \u00d6l\u00e7\u00fcleri: Boy: 175 cm G\u00f6\u011f\u00fcs: 80 cm Bel: 62 cm Basen: 89 cm<\/p>\n<p>\u2014 Technical Details \u2014<br \/>\nDesen: D\u00fcz<br \/>\nBel Tipi: Normal Bel<br \/>\nPa\u00e7a Tipi: Bol Pa\u00e7a<br \/>\nCep: Yan Cep<br \/>\nAstar: Astars\u0131z<br \/>\n\u00dcr\u00fcn Boyu: 112 cm<br \/>\nKal\u0131p Tipi: Normal Kal\u0131p<br \/>\nMankenin Giydi\u011fi Beden: 38<br \/>\nManken \u00d6l\u00e7\u00fcleri: Boy: 175 cm, G\u00f6\u011f\u00fcs: 80 cm, Bel: 62 cm, Basen: 89 cm<\/p>\n","protected":false},"excerpt":{"rendered":"<p>G\u00fc\u00e7l\u00fc duru\u015f, \u00f6zg\u00fcr siluet\u2026Modern kesimi ve pa\u00e7a k\u0131sm\u0131ndaki \u015f\u0131k kesik detaylar\u0131yla \u00f6ne \u00e7\u0131kan bu pantolon, bol formuyla hareket \u00f6zg\u00fcrl\u00fc\u011f\u00fc sunarken stilinize dinamik bir hava katar. Kuma\u015f \u0130\u00e7eri\u011fi: %61 Lyocell, %39 Keten Desen: D\u00fcz Bel Tipi: Normal Bel Pa\u00e7a Tipi: Bol Pa\u00e7a Cep: Yan Cep Astar: Astars\u0131z \u00dcr\u00fcn Boyu: 112 cm Kal\u0131p Tipi: Normal Kal\u0131p Mankenin [&hellip;]<\/p>\n","protected":false},"featured_media":0,"comment_status":"open","ping_status":"closed","template":"","meta":[],"product_brand":[],"product_cat":[1882],"product_tag":[7490,4998,5013,6751,8399],"class_list":{"0":"post-20470","1":"product","2":"type-product","3":"status-publish","5":"product_cat-alt-giyim","6":"product_tag-bol-paca-2","7":"product_tag-indigo","8":"product_tag-modern","9":"product_tag-rahat","10":"product_tag-sik-2","11":"pa_brand-tugba","12":"pa_color-indigo","13":"pa_size-4706","14":"pa_size-4711","15":"pa_size-4713","16":"pa_size-4751","17":"pa_size-4749","19":"first","20":"instock","21":"sale","22":"shipping-taxable","23":"purchasable","24":"product-type-variable"},"_links":{"self":[{"href":"https:\/\/mod.wisdar.net\/tr\/wp-json\/wp\/v2\/product\/20470","targetHints":{"allow":["GET"]}}],"collection":[{"href":"https:\/\/mod.wisdar.net\/tr\/wp-json\/wp\/v2\/product"}],"about":[{"href":"https:\/\/mod.wisdar.net\/tr\/wp-json\/wp\/v2\/types\/product"}],"replies":[{"embeddable":true,"href":"https:\/\/mod.wisdar.net\/tr\/wp-json\/wp\/v2\/comments?post=20470"}],"wp:attachment":[{"href":"https:\/\/mod.wisdar.net\/tr\/wp-json\/wp\/v2\/media?parent=20470"}],"wp:term":[{"taxonomy":"product_brand","embeddable":true,"href":"https:\/\/mod.wisdar.net\/tr\/wp-json\/wp\/v2\/product_brand?post=20470"},{"taxonomy":"product_cat","embeddable":true,"href":"https:\/\/mod.wisdar.net\/tr\/wp-json\/wp\/v2\/product_cat?post=20470"},{"taxonomy":"product_tag","embeddable":true,"href":"https:\/\/mod.wisdar.net\/tr\/wp-json\/wp\/v2\/product_tag?post=20470"}],"curies":[{"name":"wp","href":"https:\/\/api.w.org\/{rel}","templated":true}]}}