{"id":204724,"date":"2026-04-03T14:45:05","date_gmt":"2026-04-03T14:45:05","guid":{"rendered":"https:\/\/modesthanim.com\/product\/huri-etek-takimi-siyah\/"},"modified":"2026-04-03T14:45:20","modified_gmt":"2026-04-03T14:45:20","slug":"huri-etek-takimi-siyah","status":"publish","type":"product","link":"https:\/\/mod.wisdar.net\/tr\/urun\/huri-etek-takimi-siyah\/","title":{"rendered":"Huri Etek Tak\u0131m\u0131 Siyah"},"content":{"rendered":"<p>Bu tak\u0131m, birinci s\u0131n\u0131f \u00f6rme \u00e7elik kuma\u015ftan yap\u0131lm\u0131\u015ft\u0131r. Tak\u0131m\u0131n \u00fcst k\u0131sm\u0131nda d\u00fc\u011fme detaylar\u0131 bulunmaktad\u0131r. Ete\u011finde plise detaylar\u0131 mevcuttur. Ete\u011fin beli elastiktir. \u00dcst uzunlu\u011fu: 56cm, Omuz: 34cm, G\u00f6\u011f\u00fcs: 45cm Etek uzunlu\u011fu: 89cm, Bel: 38cm<\/p>\n","protected":false},"excerpt":{"rendered":"<p>Bu tak\u0131m, birinci s\u0131n\u0131f \u00f6rme \u00e7elik kuma\u015ftan yap\u0131lm\u0131\u015ft\u0131r. Tak\u0131m\u0131n \u00fcst k\u0131sm\u0131nda d\u00fc\u011fme detaylar\u0131 bulunmaktad\u0131r. Ete\u011finde plise detaylar\u0131 mevcuttur. Ete\u011fin beli elastiktir. \u00dcst uzunlu\u011fu: 56cm, Omuz: 34cm, G\u00f6\u011f\u00fcs: 45cm Etek uzunlu\u011fu: 89cm, Bel: 38cm<\/p>\n","protected":false},"featured_media":204721,"comment_status":"open","ping_status":"closed","template":"","meta":[],"product_brand":[],"product_cat":[1900],"product_tag":[6765,6747],"class_list":{"0":"post-204724","1":"product","2":"type-product","3":"status-publish","4":"has-post-thumbnail","6":"product_cat-koordinatlar-setler","7":"product_tag-lastikli-bel","8":"product_tag-pile-detayli","9":"pa_brand-butikkolik","10":"pa_color-siyah","11":"pa_size-1-38-40-42","12":"pa_size-2-42-44-46","13":"pa_size-l-xl-44-46","14":"pa_size-s-m-38-40-42","16":"first","17":"instock","18":"shipping-taxable","19":"purchasable","20":"product-type-variable"},"_links":{"self":[{"href":"https:\/\/mod.wisdar.net\/tr\/wp-json\/wp\/v2\/product\/204724","targetHints":{"allow":["GET"]}}],"collection":[{"href":"https:\/\/mod.wisdar.net\/tr\/wp-json\/wp\/v2\/product"}],"about":[{"href":"https:\/\/mod.wisdar.net\/tr\/wp-json\/wp\/v2\/types\/product"}],"replies":[{"embeddable":true,"href":"https:\/\/mod.wisdar.net\/tr\/wp-json\/wp\/v2\/comments?post=204724"}],"wp:featuredmedia":[{"embeddable":true,"href":"https:\/\/mod.wisdar.net\/tr\/wp-json\/wp\/v2\/media\/204721"}],"wp:attachment":[{"href":"https:\/\/mod.wisdar.net\/tr\/wp-json\/wp\/v2\/media?parent=204724"}],"wp:term":[{"taxonomy":"product_brand","embeddable":true,"href":"https:\/\/mod.wisdar.net\/tr\/wp-json\/wp\/v2\/product_brand?post=204724"},{"taxonomy":"product_cat","embeddable":true,"href":"https:\/\/mod.wisdar.net\/tr\/wp-json\/wp\/v2\/product_cat?post=204724"},{"taxonomy":"product_tag","embeddable":true,"href":"https:\/\/mod.wisdar.net\/tr\/wp-json\/wp\/v2\/product_tag?post=204724"}],"curies":[{"name":"wp","href":"https:\/\/api.w.org\/{rel}","templated":true}]}}