{"id":204829,"date":"2026-04-03T20:42:06","date_gmt":"2026-04-03T20:42:06","guid":{"rendered":"https:\/\/modesthanim.com\/product\/aller-detayli-%100-pamuk-elbise-buz-mavisi\/"},"modified":"2026-04-03T20:42:58","modified_gmt":"2026-04-03T20:42:58","slug":"aller-detayli-%100-pamuk-elbise-buz-mavisi","status":"publish","type":"product","link":"https:\/\/mod.wisdar.net\/tr\/urun\/aller-detayli-%100-pamuk-elbise-buz-mavisi\/","title":{"rendered":"Aller Detayl\u0131 %100 Pamuk Elbise Buz Mavisi"},"content":{"rendered":"<p>\u00dcr\u00fcn Hakk\u0131nda Astars\u0131zd\u0131r. Marka Minik Terzi Sezon BAHAR Cinsiyet Kad\u0131n Malzeme Pamuk Kuma\u015f \u0130\u00e7eri\u011fi %100 Pamuk Kal\u0131p Tam Kal\u0131p Kol Boyu Uzun Kollu Yaka Tipi G\u00f6mlek Yaka Mankenin Giydi\u011fi Beden S Beden A\u00e7\u0131klama Ters \u00e7evirerek k\u0131sa programda 30\u00b0 y\u0131kay\u0131n\u0131z.<\/p>\n<p>\u2014 Technical Details \u2014<br \/>\n\u00dcr\u00fcn Hakk\u0131nda: Astars\u0131zd\u0131r.<br \/>\nMarka: Minik Terzi<br \/>\nSezon: BAHAR<br \/>\nCinsiyet: Kad\u0131n<br \/>\nMalzeme: Pamuk<br \/>\nKuma\u015f \u0130\u00e7eri\u011fi: %100 Pamuk<br \/>\nKal\u0131p: Tam Kal\u0131p<br \/>\nKol Boyu: Uzun Kollu<br \/>\nYaka Tipi: G\u00f6mlek Yaka<br \/>\nMankenin Giydi\u011fi Beden: S Beden<br \/>\nA\u00e7\u0131klama: Ters \u00e7evirerek k\u0131sa programda 30\u00b0 y\u0131kay\u0131n\u0131z.<\/p>\n","protected":false},"excerpt":{"rendered":"<p>\u00dcr\u00fcn Hakk\u0131nda Astars\u0131zd\u0131r. Marka Minik Terzi Sezon BAHAR Cinsiyet Kad\u0131n Malzeme Pamuk Kuma\u015f \u0130\u00e7eri\u011fi %100 Pamuk Kal\u0131p Tam Kal\u0131p Kol Boyu Uzun Kollu Yaka Tipi G\u00f6mlek Yaka Mankenin Giydi\u011fi Beden S Beden A\u00e7\u0131klama Ters \u00e7evirerek k\u0131sa programda 30\u00b0 y\u0131kay\u0131n\u0131z. \u2014 Technical Details \u2014 \u00dcr\u00fcn Hakk\u0131nda: Astars\u0131zd\u0131r. Marka: Minik Terzi Sezon: BAHAR Cinsiyet: Kad\u0131n Malzeme: Pamuk [&hellip;]<\/p>\n","protected":false},"featured_media":204814,"comment_status":"open","ping_status":"closed","template":"","meta":[],"product_brand":[],"product_cat":[6249,1933],"product_tag":[6771,6744,7488,5016,6768],"class_list":{"0":"post-204829","1":"product","2":"type-product","3":"status-publish","4":"has-post-thumbnail","6":"product_cat-elbiseler","7":"product_cat-gunluk-ve-gunduz-elbiseleri","8":"product_tag-gomlek-yaka","9":"product_tag-kadin-modasi","10":"product_tag-pamuk","11":"product_tag-unlined","12":"product_tag-uzun-kol","13":"pa_brand-minik-terzi","14":"pa_color-buz-mavisi","15":"pa_size-l","16":"pa_size-m","17":"pa_size-s","19":"first","20":"instock","21":"sale","22":"shipping-taxable","23":"purchasable","24":"product-type-variable"},"_links":{"self":[{"href":"https:\/\/mod.wisdar.net\/tr\/wp-json\/wp\/v2\/product\/204829","targetHints":{"allow":["GET"]}}],"collection":[{"href":"https:\/\/mod.wisdar.net\/tr\/wp-json\/wp\/v2\/product"}],"about":[{"href":"https:\/\/mod.wisdar.net\/tr\/wp-json\/wp\/v2\/types\/product"}],"replies":[{"embeddable":true,"href":"https:\/\/mod.wisdar.net\/tr\/wp-json\/wp\/v2\/comments?post=204829"}],"wp:featuredmedia":[{"embeddable":true,"href":"https:\/\/mod.wisdar.net\/tr\/wp-json\/wp\/v2\/media\/204814"}],"wp:attachment":[{"href":"https:\/\/mod.wisdar.net\/tr\/wp-json\/wp\/v2\/media?parent=204829"}],"wp:term":[{"taxonomy":"product_brand","embeddable":true,"href":"https:\/\/mod.wisdar.net\/tr\/wp-json\/wp\/v2\/product_brand?post=204829"},{"taxonomy":"product_cat","embeddable":true,"href":"https:\/\/mod.wisdar.net\/tr\/wp-json\/wp\/v2\/product_cat?post=204829"},{"taxonomy":"product_tag","embeddable":true,"href":"https:\/\/mod.wisdar.net\/tr\/wp-json\/wp\/v2\/product_tag?post=204829"}],"curies":[{"name":"wp","href":"https:\/\/api.w.org\/{rel}","templated":true}]}}