{"id":204894,"date":"2026-04-03T21:58:56","date_gmt":"2026-04-03T21:58:56","guid":{"rendered":"https:\/\/modesthanim.com\/product\/dik-yaka-buzgulu-takim-vizon\/"},"modified":"2026-04-13T00:31:04","modified_gmt":"2026-04-13T00:31:04","slug":"dik-yaka-buzgulu-takim-vizon","status":"publish","type":"product","link":"https:\/\/mod.wisdar.net\/tr\/urun\/dik-yaka-buzgulu-takim-vizon\/","title":{"rendered":"Dik Yaka B\u00fczg\u00fcl\u00fc Tak\u0131m Vizon"},"content":{"rendered":"<p>Tensel dokuma kuma\u015ftan, dik yakal\u0131, \u00f6n\u00fc d\u00fc\u011fme kapamal\u0131, uzun kollu, man\u015fetli, seyyar kemerli, cepli g\u00f6mlek ve fermuarl\u0131, d\u00fc\u011fme kapamal\u0131, pileli, palazzo kesim pantolon tak\u0131m.<\/p>\n<p>\u00dcr\u00fcn \u0130\u00e7eri\u011fi: % 55 Cupra<br \/>\n                     % 45 Tensel<\/p>\n","protected":false},"excerpt":{"rendered":"<p>Tensel dokuma kuma\u015ftan, dik yakal\u0131, \u00f6n\u00fc d\u00fc\u011fme kapamal\u0131, uzun kollu, man\u015fetli, seyyar kemerli, cepli g\u00f6mlek ve fermuarl\u0131, d\u00fc\u011fme kapamal\u0131, pileli, palazzo kesim pantolon tak\u0131m. \u00dcr\u00fcn \u0130\u00e7eri\u011fi: % 55 Cupra % 45 Tensel<\/p>\n","protected":false},"featured_media":204885,"comment_status":"open","ping_status":"closed","template":"","meta":[],"product_brand":[],"product_cat":[1900],"product_tag":[7311,6842],"class_list":{"0":"post-204894","1":"product","2":"type-product","3":"status-publish","4":"has-post-thumbnail","6":"product_cat-koordinatlar-setler","7":"product_tag-dik-yaka","8":"product_tag-pileli-pantolon-2","9":"pa_brand-fahhar","10":"pa_color-vizon","11":"pa_size-1-36-38","12":"pa_size-2-40-42","14":"first","15":"instock","16":"sale","17":"shipping-taxable","18":"purchasable","19":"product-type-variable"},"_links":{"self":[{"href":"https:\/\/mod.wisdar.net\/tr\/wp-json\/wp\/v2\/product\/204894","targetHints":{"allow":["GET"]}}],"collection":[{"href":"https:\/\/mod.wisdar.net\/tr\/wp-json\/wp\/v2\/product"}],"about":[{"href":"https:\/\/mod.wisdar.net\/tr\/wp-json\/wp\/v2\/types\/product"}],"replies":[{"embeddable":true,"href":"https:\/\/mod.wisdar.net\/tr\/wp-json\/wp\/v2\/comments?post=204894"}],"wp:featuredmedia":[{"embeddable":true,"href":"https:\/\/mod.wisdar.net\/tr\/wp-json\/wp\/v2\/media\/204885"}],"wp:attachment":[{"href":"https:\/\/mod.wisdar.net\/tr\/wp-json\/wp\/v2\/media?parent=204894"}],"wp:term":[{"taxonomy":"product_brand","embeddable":true,"href":"https:\/\/mod.wisdar.net\/tr\/wp-json\/wp\/v2\/product_brand?post=204894"},{"taxonomy":"product_cat","embeddable":true,"href":"https:\/\/mod.wisdar.net\/tr\/wp-json\/wp\/v2\/product_cat?post=204894"},{"taxonomy":"product_tag","embeddable":true,"href":"https:\/\/mod.wisdar.net\/tr\/wp-json\/wp\/v2\/product_tag?post=204894"}],"curies":[{"name":"wp","href":"https:\/\/api.w.org\/{rel}","templated":true}]}}