{"id":205008,"date":"2026-04-03T22:15:28","date_gmt":"2026-04-03T22:15:28","guid":{"rendered":"https:\/\/modesthanim.com\/product\/ceket-yaka-kol-detayli-haki-trenckot-12667\/"},"modified":"2026-04-10T02:21:38","modified_gmt":"2026-04-10T02:21:38","slug":"ceket-yaka-kol-detayli-haki-trenckot-12667","status":"publish","type":"product","link":"https:\/\/mod.wisdar.net\/tr\/urun\/ceket-yaka-kol-detayli-haki-trenckot-12667\/","title":{"rendered":"Ceket Yaka Kol Detayl\u0131 Haki Tren\u00e7kot 12667"},"content":{"rendered":"<p>Modern \u00e7izgileri ve klasik detaylar\u0131yla \u00f6ne \u00e7\u0131kan bu haki tren\u00e7kot, rahat kal\u0131b\u0131 ve \u015f\u0131k g\u00f6r\u00fcn\u00fcm\u00fcyle hem g\u00fcnl\u00fck kombinlerde hem de \u00f6zel davetlerde zarif bir se\u00e7enek sunar. Ceket yaka tasar\u0131m\u0131 ve kol detaylar\u0131yla dikkat \u00e7ekerken, astarl\u0131 yap\u0131s\u0131 ekstra konfor sa\u011flar.<\/p>\n<p>\u00dcr\u00fcn Detaylar\u0131: Ceket yaka, Kol detayl\u0131, Rahat kal\u0131p, Astarl\u0131, Uzun kesim<\/p>\n<p>\u00dcr\u00fcn \u00d6l\u00e7\u00fcleri: Boy: 120 cm, G\u00f6\u011f\u00fcs: 100 cm, Bel: 92 cm, Basen: 115 cm, Beden: 38<br \/>\nBedenler aras\u0131 fark 4 cm\u2019dir.<\/p>\n<p>Kuma\u015f Bilgisi: %53 Cotton \u2013 %47 Polyester<\/p>\n<p>Modelin \u00d6l\u00e7\u00fcleri: Boy: 177 cm, G\u00f6\u011f\u00fcs: 83 cm, Bel: 63 cm, Basen: 95 cm<\/p>\n","protected":false},"excerpt":{"rendered":"<p>Modern \u00e7izgileri ve klasik detaylar\u0131yla \u00f6ne \u00e7\u0131kan bu haki tren\u00e7kot, rahat kal\u0131b\u0131 ve \u015f\u0131k g\u00f6r\u00fcn\u00fcm\u00fcyle hem g\u00fcnl\u00fck kombinlerde hem de \u00f6zel davetlerde zarif bir se\u00e7enek sunar. Ceket yaka tasar\u0131m\u0131 ve kol detaylar\u0131yla dikkat \u00e7ekerken, astarl\u0131 yap\u0131s\u0131 ekstra konfor sa\u011flar. \u00dcr\u00fcn Detaylar\u0131: Ceket yaka, Kol detayl\u0131, Rahat kal\u0131p, Astarl\u0131, Uzun kesim \u00dcr\u00fcn \u00d6l\u00e7\u00fcleri: Boy: 120 cm, [&hellip;]<\/p>\n","protected":false},"featured_media":204994,"comment_status":"open","ping_status":"closed","template":"","meta":[],"product_brand":[],"product_cat":[2047],"product_tag":[6921,7971,6312,6876,6776],"class_list":{"0":"post-205008","1":"product","2":"type-product","3":"status-publish","4":"has-post-thumbnail","6":"product_cat-paltolar","7":"product_tag-astarli","8":"product_tag-ceket-yakasi","9":"product_tag-long-coat","10":"product_tag-rahat-kesim","11":"product_tag-trenckot","12":"pa_brand-zuhre","13":"pa_color-haki","14":"pa_size-4706","15":"pa_size-4711","16":"pa_size-4713","17":"pa_size-4751","18":"pa_size-4749","19":"pa_size-4747","21":"first","22":"outofstock","23":"shipping-taxable","24":"product-type-variable"},"_links":{"self":[{"href":"https:\/\/mod.wisdar.net\/tr\/wp-json\/wp\/v2\/product\/205008","targetHints":{"allow":["GET"]}}],"collection":[{"href":"https:\/\/mod.wisdar.net\/tr\/wp-json\/wp\/v2\/product"}],"about":[{"href":"https:\/\/mod.wisdar.net\/tr\/wp-json\/wp\/v2\/types\/product"}],"replies":[{"embeddable":true,"href":"https:\/\/mod.wisdar.net\/tr\/wp-json\/wp\/v2\/comments?post=205008"}],"wp:featuredmedia":[{"embeddable":true,"href":"https:\/\/mod.wisdar.net\/tr\/wp-json\/wp\/v2\/media\/204994"}],"wp:attachment":[{"href":"https:\/\/mod.wisdar.net\/tr\/wp-json\/wp\/v2\/media?parent=205008"}],"wp:term":[{"taxonomy":"product_brand","embeddable":true,"href":"https:\/\/mod.wisdar.net\/tr\/wp-json\/wp\/v2\/product_brand?post=205008"},{"taxonomy":"product_cat","embeddable":true,"href":"https:\/\/mod.wisdar.net\/tr\/wp-json\/wp\/v2\/product_cat?post=205008"},{"taxonomy":"product_tag","embeddable":true,"href":"https:\/\/mod.wisdar.net\/tr\/wp-json\/wp\/v2\/product_tag?post=205008"}],"curies":[{"name":"wp","href":"https:\/\/api.w.org\/{rel}","templated":true}]}}