{"id":205047,"date":"2026-04-03T22:15:52","date_gmt":"2026-04-03T22:15:52","guid":{"rendered":"https:\/\/modesthanim.com\/product\/mavi-cicek-desenli-elbise\/"},"modified":"2026-04-03T22:16:18","modified_gmt":"2026-04-03T22:16:18","slug":"mavi-cicek-desenli-elbise","status":"publish","type":"product","link":"https:\/\/mod.wisdar.net\/tr\/urun\/mavi-cicek-desenli-elbise\/","title":{"rendered":"Mavi \u00c7i\u00e7ek Desenli Elbise"},"content":{"rendered":"<p>\u00d6ZEL TASARIM \u00c7\u0130\u00c7EK DESENL\u0130 PAMUKLU ELB\u0130SE<br \/>\nASTARLI, SAYDAM OLMAYAN<br \/>\nKUMA\u015e \u0130\u00c7ER\u0130\u011e\u0130 %100 PAMUK<br \/>\nAYARLANAB\u0130L\u0130R BEL\u0130 \u00c7IKARILAB\u0130L\u0130R KEMER \u0130LE.<br \/>\nBEDEN 1: 36-38-40<br \/>\nBEDEN 2: 40-42-44<br \/>\n\u00dcR\u00dcN \u00d6L\u00c7\u00dcLER\u0130;<br \/>\nBEDEN 1 \u0130\u00c7\u0130N;<br \/>\nG\u00d6\u011e\u00dcS 114 CM<br \/>\nBEL 122 CM<br \/>\nKAL\u00c7A 147 CM<br \/>\nUZUNLUK 140 CM<br \/>\nMODEL BEDEN 1 G\u0130Y\u0130YOR<br \/>\nMODEL\u0130N \u00d6L\u00c7\u00dcLER\u0130 BOY 180 CM G\u00d6\u011e\u00dcS 86 KAL\u00c7A 94<\/p>\n","protected":false},"excerpt":{"rendered":"<p>\u00d6ZEL TASARIM \u00c7\u0130\u00c7EK DESENL\u0130 PAMUKLU ELB\u0130SE ASTARLI, SAYDAM OLMAYAN KUMA\u015e \u0130\u00c7ER\u0130\u011e\u0130 %100 PAMUK AYARLANAB\u0130L\u0130R BEL\u0130 \u00c7IKARILAB\u0130L\u0130R KEMER \u0130LE. BEDEN 1: 36-38-40 BEDEN 2: 40-42-44 \u00dcR\u00dcN \u00d6L\u00c7\u00dcLER\u0130; BEDEN 1 \u0130\u00c7\u0130N; G\u00d6\u011e\u00dcS 114 CM BEL 122 CM KAL\u00c7A 147 CM UZUNLUK 140 CM MODEL BEDEN 1 G\u0130Y\u0130YOR MODEL\u0130N \u00d6L\u00c7\u00dcLER\u0130 BOY 180 CM G\u00d6\u011e\u00dcS 86 KAL\u00c7A 94<\/p>\n","protected":false},"featured_media":205039,"comment_status":"open","ping_status":"closed","template":"","meta":[],"product_brand":[],"product_cat":[6249,1933],"product_tag":[4905,7508,7488],"class_list":{"0":"post-205047","1":"product","2":"type-product","3":"status-publish","4":"has-post-thumbnail","6":"product_cat-elbiseler","7":"product_cat-gunluk-ve-gunduz-elbiseleri","8":"product_tag-blue","9":"product_tag-cicekli","10":"product_tag-pamuk","11":"pa_brand-nurkalay","12":"pa_color-mavi","13":"pa_size-4446","14":"pa_size-4463","16":"first","17":"instock","18":"sale","19":"shipping-taxable","20":"purchasable","21":"product-type-variable"},"_links":{"self":[{"href":"https:\/\/mod.wisdar.net\/tr\/wp-json\/wp\/v2\/product\/205047","targetHints":{"allow":["GET"]}}],"collection":[{"href":"https:\/\/mod.wisdar.net\/tr\/wp-json\/wp\/v2\/product"}],"about":[{"href":"https:\/\/mod.wisdar.net\/tr\/wp-json\/wp\/v2\/types\/product"}],"replies":[{"embeddable":true,"href":"https:\/\/mod.wisdar.net\/tr\/wp-json\/wp\/v2\/comments?post=205047"}],"wp:featuredmedia":[{"embeddable":true,"href":"https:\/\/mod.wisdar.net\/tr\/wp-json\/wp\/v2\/media\/205039"}],"wp:attachment":[{"href":"https:\/\/mod.wisdar.net\/tr\/wp-json\/wp\/v2\/media?parent=205047"}],"wp:term":[{"taxonomy":"product_brand","embeddable":true,"href":"https:\/\/mod.wisdar.net\/tr\/wp-json\/wp\/v2\/product_brand?post=205047"},{"taxonomy":"product_cat","embeddable":true,"href":"https:\/\/mod.wisdar.net\/tr\/wp-json\/wp\/v2\/product_cat?post=205047"},{"taxonomy":"product_tag","embeddable":true,"href":"https:\/\/mod.wisdar.net\/tr\/wp-json\/wp\/v2\/product_tag?post=205047"}],"curies":[{"name":"wp","href":"https:\/\/api.w.org\/{rel}","templated":true}]}}