{"id":205119,"date":"2026-04-03T22:20:04","date_gmt":"2026-04-03T22:20:04","guid":{"rendered":"https:\/\/modesthanim.com\/product\/wide-leg-standart-paca-pantolon-kiz-bebek-2\/"},"modified":"2026-04-03T22:20:15","modified_gmt":"2026-04-03T22:20:15","slug":"wide-leg-standart-paca-pantolon-kiz-bebek-2","status":"publish","type":"product","link":"https:\/\/mod.wisdar.net\/tr\/urun\/wide-leg-standart-paca-pantolon-kiz-bebek-2\/","title":{"rendered":"W\u0131de Leg Standart Pa\u00e7a Pantolon K\u0131z Bebek"},"content":{"rendered":"<p>Arad\u0131\u011f\u0131n Mavi K\u0131z Bebek W\u0131de Leg Standart Pa\u00e7a Pantolon K\u0131z Bebek en uygun fiyatla DeFacto&#8217;da! Yeni sezon Mavi K\u0131z Bebek W\u0131de Leg Standart Pa\u00e7a Pantolon K\u0131z Bebek i\u00e7in hemen DeFacto&#8217;ya t\u0131kla!<\/p>\n","protected":false},"excerpt":{"rendered":"<p>Arad\u0131\u011f\u0131n Mavi K\u0131z Bebek W\u0131de Leg Standart Pa\u00e7a Pantolon K\u0131z Bebek en uygun fiyatla DeFacto&#8217;da! Yeni sezon Mavi K\u0131z Bebek W\u0131de Leg Standart Pa\u00e7a Pantolon K\u0131z Bebek i\u00e7in hemen DeFacto&#8217;ya t\u0131kla!<\/p>\n","protected":false},"featured_media":205116,"comment_status":"open","ping_status":"closed","template":"","meta":[],"product_brand":[],"product_cat":[8715,8694,8727],"product_tag":[4905,6761,7089,6749,7357],"class_list":{"0":"post-205119","1":"product","2":"type-product","3":"status-publish","4":"has-post-thumbnail","6":"product_cat-kiz-cocuklari-2-14-yas","7":"product_cat-cocuklar","8":"product_cat-pantolon","9":"product_tag-blue","10":"product_tag-bol-paca","11":"product_tag-defacto","12":"product_tag-pantolon","13":"product_tag-standart-kalip","14":"pa_brand-defacto","15":"pa_color-mavi","16":"pa_size-12-18-ay-86cm","17":"pa_size-18-24-ay-92cm","18":"pa_size-2-3-yas-98cm","19":"pa_size-3-4-yas-104-cm","20":"pa_size-4-5-yas-110cm","21":"pa_size-5-6-yas-116cm","22":"pa_size-9-12-ay-80cm","24":"first","25":"outofstock","26":"shipping-taxable","27":"product-type-variable"},"_links":{"self":[{"href":"https:\/\/mod.wisdar.net\/tr\/wp-json\/wp\/v2\/product\/205119","targetHints":{"allow":["GET"]}}],"collection":[{"href":"https:\/\/mod.wisdar.net\/tr\/wp-json\/wp\/v2\/product"}],"about":[{"href":"https:\/\/mod.wisdar.net\/tr\/wp-json\/wp\/v2\/types\/product"}],"replies":[{"embeddable":true,"href":"https:\/\/mod.wisdar.net\/tr\/wp-json\/wp\/v2\/comments?post=205119"}],"wp:featuredmedia":[{"embeddable":true,"href":"https:\/\/mod.wisdar.net\/tr\/wp-json\/wp\/v2\/media\/205116"}],"wp:attachment":[{"href":"https:\/\/mod.wisdar.net\/tr\/wp-json\/wp\/v2\/media?parent=205119"}],"wp:term":[{"taxonomy":"product_brand","embeddable":true,"href":"https:\/\/mod.wisdar.net\/tr\/wp-json\/wp\/v2\/product_brand?post=205119"},{"taxonomy":"product_cat","embeddable":true,"href":"https:\/\/mod.wisdar.net\/tr\/wp-json\/wp\/v2\/product_cat?post=205119"},{"taxonomy":"product_tag","embeddable":true,"href":"https:\/\/mod.wisdar.net\/tr\/wp-json\/wp\/v2\/product_tag?post=205119"}],"curies":[{"name":"wp","href":"https:\/\/api.w.org\/{rel}","templated":true}]}}