{"id":20512,"date":"2025-11-02T14:31:02","date_gmt":"2025-11-02T14:31:02","guid":{"rendered":"https:\/\/modesthanim.com\/product\/yeni-palazzo-pantolon-beyaz\/"},"modified":"2026-03-19T12:52:50","modified_gmt":"2026-03-19T12:52:50","slug":"yeni-palazzo-pantolon-beyaz","status":"publish","type":"product","link":"https:\/\/mod.wisdar.net\/tr\/urun\/yeni-palazzo-pantolon-beyaz\/","title":{"rendered":"YEN\u0130 PALAZZO PANTOLON BEYAZ"},"content":{"rendered":"<p>\u00dcr\u00fcnler, do\u011fal elyaf iplikten \u00fcretildi\u011fi i\u00e7in y\u0131kand\u0131k\u00e7a renk a\u00e7\u0131lmas\u0131 ve tu\u015fe de\u011fi\u015fikli\u011fi do\u011fal olarak ya\u015fanabilir. \u00dcr\u00fcnlerde belirli oranlarda \u00e7ekme paylar\u0131 bulunmaktad\u0131r ve %2-4 aras\u0131 \u00e7ekme pay\u0131 ile \u00fcretilmi\u015ftir. Bu nedenle, \u00fcr\u00fcn\u00fc sat\u0131n al\u0131rken bu \u00e7ekme paylar\u0131 g\u00f6z \u00f6n\u00fcnde bulundurulmal\u0131d\u0131r.<\/p>\n<p>\u2014 Teknik Detaylar \u2014<br \/>\nKuma\u015f: TENCEL<br \/>\nKar\u0131\u015f\u0131m: %65 ORGAN\u0130K V\u0130SKON %35 TENCEL<\/p>\n","protected":false},"excerpt":{"rendered":"<p>\u00dcr\u00fcnler, do\u011fal elyaf iplikten \u00fcretildi\u011fi i\u00e7in y\u0131kand\u0131k\u00e7a renk a\u00e7\u0131lmas\u0131 ve tu\u015fe de\u011fi\u015fikli\u011fi do\u011fal olarak ya\u015fanabilir. \u00dcr\u00fcnlerde belirli oranlarda \u00e7ekme paylar\u0131 bulunmaktad\u0131r ve %2-4 aras\u0131 \u00e7ekme pay\u0131 ile \u00fcretilmi\u015ftir. Bu nedenle, \u00fcr\u00fcn\u00fc sat\u0131n al\u0131rken bu \u00e7ekme paylar\u0131 g\u00f6z \u00f6n\u00fcnde bulundurulmal\u0131d\u0131r. \u2014 Teknik Detaylar \u2014 Kuma\u015f: TENCEL Kar\u0131\u015f\u0131m: %65 ORGAN\u0130K V\u0130SKON %35 TENCEL<\/p>\n","protected":false},"featured_media":0,"comment_status":"open","ping_status":"closed","template":"","meta":[],"product_brand":[],"product_cat":[1882],"product_tag":[],"class_list":{"0":"post-20512","1":"product","2":"type-product","3":"status-publish","5":"product_cat-alt-giyim","6":"pa_brand-hilay","7":"pa_color-beyaz","8":"pa_size-4446","9":"pa_size-4463","10":"pa_size-4680","12":"first","13":"outofstock","14":"shipping-taxable","15":"product-type-variable"},"_links":{"self":[{"href":"https:\/\/mod.wisdar.net\/tr\/wp-json\/wp\/v2\/product\/20512","targetHints":{"allow":["GET"]}}],"collection":[{"href":"https:\/\/mod.wisdar.net\/tr\/wp-json\/wp\/v2\/product"}],"about":[{"href":"https:\/\/mod.wisdar.net\/tr\/wp-json\/wp\/v2\/types\/product"}],"replies":[{"embeddable":true,"href":"https:\/\/mod.wisdar.net\/tr\/wp-json\/wp\/v2\/comments?post=20512"}],"wp:attachment":[{"href":"https:\/\/mod.wisdar.net\/tr\/wp-json\/wp\/v2\/media?parent=20512"}],"wp:term":[{"taxonomy":"product_brand","embeddable":true,"href":"https:\/\/mod.wisdar.net\/tr\/wp-json\/wp\/v2\/product_brand?post=20512"},{"taxonomy":"product_cat","embeddable":true,"href":"https:\/\/mod.wisdar.net\/tr\/wp-json\/wp\/v2\/product_cat?post=20512"},{"taxonomy":"product_tag","embeddable":true,"href":"https:\/\/mod.wisdar.net\/tr\/wp-json\/wp\/v2\/product_tag?post=20512"}],"curies":[{"name":"wp","href":"https:\/\/api.w.org\/{rel}","templated":true}]}}