{"id":205151,"date":"2026-04-03T22:25:32","date_gmt":"2026-04-03T22:25:32","guid":{"rendered":"https:\/\/modesthanim.com\/product\/dikis-detayli-rahat-vizon-pantolon-takim-2\/"},"modified":"2026-04-15T20:43:43","modified_gmt":"2026-04-15T20:43:43","slug":"dikis-detayli-rahat-vizon-pantolon-takim-2","status":"publish","type":"product","link":"https:\/\/mod.wisdar.net\/tr\/urun\/dikis-detayli-rahat-vizon-pantolon-takim-2\/","title":{"rendered":"Diki\u015f Detayl\u0131 Rahat Vizon Pantolon Tak\u0131m"},"content":{"rendered":"<p>D\u0130K\u0130\u015e DETAYLI RAHAT V\u0130ZON PANTOLON TAKIM \u00d6ZELL\u0130KLER\u0130<br \/>\nG\u00f6mlek yaka, d\u00fc\u011fmeli, cep detayl\u0131, ispanyol kol formunda, kendi kuma\u015f\u0131ndan biye kemerli, rahat kesim g\u00f6mlek, pantolon beli lastikli, cepli, beli ip ba\u011flamal\u0131 ayarlanabilir, geni\u015f pa\u00e7a ucuna sahip, normal kal\u0131p, diki\u015f detayl\u0131 pantolon tak\u0131m.<br \/>\n\u0130\u00c7ER\u0130\u011e\u0130 VE YIKANMASI<br \/>\n%91 Liyosel %9 Pes<br \/>\n30 derecede k\u0131sa programda makinede y\u0131kay\u0131n\u0131z, hassas y\u0131kama yap\u0131n\u0131z. Tersten y\u0131kay\u0131n\u0131z. A\u011fart\u0131c\u0131 kullanmay\u0131n\u0131z. D\u00fc\u015f\u00fck \u0131s\u0131da \u00fct\u00fcleyiniz.<br \/>\nEl ile \u00f6l\u00e7\u00fcmlerde 2-3 cm farkl\u0131l\u0131k g\u00f6sterebilir.<br \/>\nManken Bedeni: S-M<br \/>\nManken \u00d6l\u00e7\u00fcs\u00fc: Boy: 1.74 cm, G\u00f6\u011f\u00fcs: 82 cm, Bel: 61 cm, Basen: 92 cm<\/p>\n","protected":false},"excerpt":{"rendered":"<p>D\u0130K\u0130\u015e DETAYLI RAHAT V\u0130ZON PANTOLON TAKIM \u00d6ZELL\u0130KLER\u0130 G\u00f6mlek yaka, d\u00fc\u011fmeli, cep detayl\u0131, ispanyol kol formunda, kendi kuma\u015f\u0131ndan biye kemerli, rahat kesim g\u00f6mlek, pantolon beli lastikli, cepli, beli ip ba\u011flamal\u0131 ayarlanabilir, geni\u015f pa\u00e7a ucuna sahip, normal kal\u0131p, diki\u015f detayl\u0131 pantolon tak\u0131m. \u0130\u00c7ER\u0130\u011e\u0130 VE YIKANMASI %91 Liyosel %9 Pes 30 derecede k\u0131sa programda makinede y\u0131kay\u0131n\u0131z, hassas y\u0131kama [&hellip;]<\/p>\n","protected":false},"featured_media":205136,"comment_status":"open","ping_status":"closed","template":"","meta":[],"product_brand":[],"product_cat":[1900],"product_tag":[9896,9927,4933,4364,11790,5507],"class_list":{"0":"post-205151","1":"product","2":"type-product","3":"status-publish","4":"has-post-thumbnail","6":"product_cat-koordinatlar-setler","7":"product_tag-comfortable-loungewear","8":"product_tag-lyocell-blend","9":"product_tag-matching-set","10":"product_tag-stitching-detail","11":"product_tag-velour-pantsuit","12":"product_tag-wide-leg-pants-2","13":"pa_brand-hooopstore","14":"pa_color-vizon-rengi","15":"pa_size-l-xl-2","16":"pa_size-s-m","18":"first","19":"outofstock","20":"shipping-taxable","21":"product-type-variable"},"_links":{"self":[{"href":"https:\/\/mod.wisdar.net\/tr\/wp-json\/wp\/v2\/product\/205151","targetHints":{"allow":["GET"]}}],"collection":[{"href":"https:\/\/mod.wisdar.net\/tr\/wp-json\/wp\/v2\/product"}],"about":[{"href":"https:\/\/mod.wisdar.net\/tr\/wp-json\/wp\/v2\/types\/product"}],"replies":[{"embeddable":true,"href":"https:\/\/mod.wisdar.net\/tr\/wp-json\/wp\/v2\/comments?post=205151"}],"wp:featuredmedia":[{"embeddable":true,"href":"https:\/\/mod.wisdar.net\/tr\/wp-json\/wp\/v2\/media\/205136"}],"wp:attachment":[{"href":"https:\/\/mod.wisdar.net\/tr\/wp-json\/wp\/v2\/media?parent=205151"}],"wp:term":[{"taxonomy":"product_brand","embeddable":true,"href":"https:\/\/mod.wisdar.net\/tr\/wp-json\/wp\/v2\/product_brand?post=205151"},{"taxonomy":"product_cat","embeddable":true,"href":"https:\/\/mod.wisdar.net\/tr\/wp-json\/wp\/v2\/product_cat?post=205151"},{"taxonomy":"product_tag","embeddable":true,"href":"https:\/\/mod.wisdar.net\/tr\/wp-json\/wp\/v2\/product_tag?post=205151"}],"curies":[{"name":"wp","href":"https:\/\/api.w.org\/{rel}","templated":true}]}}