{"id":205187,"date":"2026-04-03T22:25:58","date_gmt":"2026-04-03T22:25:58","guid":{"rendered":"https:\/\/modesthanim.com\/product\/sal-desenli-kusakli-tunik-bej\/"},"modified":"2026-04-03T22:26:33","modified_gmt":"2026-04-03T22:26:33","slug":"sal-desenli-kusakli-tunik-bej","status":"publish","type":"product","link":"https:\/\/mod.wisdar.net\/tr\/urun\/sal-desenli-kusakli-tunik-bej\/","title":{"rendered":"\u015eal Desenli Ku\u015fakl\u0131 Tunik \u2013 Bej"},"content":{"rendered":"<p>Zamans\u0131z desenleri modern bir kesimle birle\u015ftiren \u015eal Desenli Ku\u015fakl\u0131 Tunik, tarz\u0131n\u0131za benzersiz bir dokunu\u015f ekler. \u015eal deseninin zarif ge\u00e7i\u015fleri, tunik formunun rahatl\u0131\u011f\u0131 ile birle\u015ferek hem stil hem de konfor sunar.<\/p>\n<p>Kuma\u015f \u0130\u00e7eri\u011fi: %100 Viskon<br \/>\nDesen: \u015eal Deseni<br \/>\nYaka Tipi: G\u00f6mlek Yakas\u0131<br \/>\nKol Tipi: Uzun Kol<br \/>\nCep: Cepsiz<br \/>\nAstar: Astars\u0131z<br \/>\n\u00dcr\u00fcn Uzunlu\u011fu: 110 cm<br \/>\nKal\u0131p: Normal Kal\u0131p<br \/>\nModelin Giydi\u011fi Beden: 38<br \/>\nModel \u00d6l\u00e7\u00fcleri: Boy: 176 cm, G\u00f6\u011f\u00fcs: 86 cm, Bel: 61 cm, Kal\u00e7a: 90 cm<\/p>\n<p>\u2014 Teknik Detaylar \u2014<br \/>\nDesen: \u015eal Deseni<br \/>\nYaka Tipi: G\u00f6mlek Yakas\u0131<br \/>\nKol Tipi: Uzun Kol<br \/>\nCep: Cepsiz<br \/>\nAstar: Astars\u0131z<br \/>\n\u00dcr\u00fcn Uzunlu\u011fu: 110 cm<br \/>\nKal\u0131p: Normal Kal\u0131p<br \/>\nModelin Giydi\u011fi Beden: 38<br \/>\nModel \u00d6l\u00e7\u00fcleri: Boy: 176 cm, G\u00f6\u011f\u00fcs: 86 cm, Bel: 61 cm, Kal\u00e7a: 90 cm<\/p>\n","protected":false},"excerpt":{"rendered":"<p>Zamans\u0131z desenleri modern bir kesimle birle\u015ftiren \u015eal Desenli Ku\u015fakl\u0131 Tunik, tarz\u0131n\u0131za benzersiz bir dokunu\u015f ekler. \u015eal deseninin zarif ge\u00e7i\u015fleri, tunik formunun rahatl\u0131\u011f\u0131 ile birle\u015ferek hem stil hem de konfor sunar. Kuma\u015f \u0130\u00e7eri\u011fi: %100 Viskon Desen: \u015eal Deseni Yaka Tipi: G\u00f6mlek Yakas\u0131 Kol Tipi: Uzun Kol Cep: Cepsiz Astar: Astars\u0131z \u00dcr\u00fcn Uzunlu\u011fu: 110 cm Kal\u0131p: Normal [&hellip;]<\/p>\n","protected":false},"featured_media":205177,"comment_status":"open","ping_status":"closed","template":"","meta":[],"product_brand":[],"product_cat":[1909],"product_tag":[6753,7668],"class_list":{"0":"post-205187","1":"product","2":"type-product","3":"status-publish","4":"has-post-thumbnail","6":"product_cat-bluzlar-ve-gomlekler","7":"product_tag-bej","8":"product_tag-kemerli","9":"pa_brand-tugba","10":"pa_color-bej","11":"pa_size-4706","12":"pa_size-4711","13":"pa_size-4713","14":"pa_size-4751","15":"pa_size-4749","16":"pa_size-4747","18":"first","19":"instock","20":"sale","21":"shipping-taxable","22":"purchasable","23":"product-type-variable"},"_links":{"self":[{"href":"https:\/\/mod.wisdar.net\/tr\/wp-json\/wp\/v2\/product\/205187","targetHints":{"allow":["GET"]}}],"collection":[{"href":"https:\/\/mod.wisdar.net\/tr\/wp-json\/wp\/v2\/product"}],"about":[{"href":"https:\/\/mod.wisdar.net\/tr\/wp-json\/wp\/v2\/types\/product"}],"replies":[{"embeddable":true,"href":"https:\/\/mod.wisdar.net\/tr\/wp-json\/wp\/v2\/comments?post=205187"}],"wp:featuredmedia":[{"embeddable":true,"href":"https:\/\/mod.wisdar.net\/tr\/wp-json\/wp\/v2\/media\/205177"}],"wp:attachment":[{"href":"https:\/\/mod.wisdar.net\/tr\/wp-json\/wp\/v2\/media?parent=205187"}],"wp:term":[{"taxonomy":"product_brand","embeddable":true,"href":"https:\/\/mod.wisdar.net\/tr\/wp-json\/wp\/v2\/product_brand?post=205187"},{"taxonomy":"product_cat","embeddable":true,"href":"https:\/\/mod.wisdar.net\/tr\/wp-json\/wp\/v2\/product_cat?post=205187"},{"taxonomy":"product_tag","embeddable":true,"href":"https:\/\/mod.wisdar.net\/tr\/wp-json\/wp\/v2\/product_tag?post=205187"}],"curies":[{"name":"wp","href":"https:\/\/api.w.org\/{rel}","templated":true}]}}