{"id":205226,"date":"2026-04-03T22:26:36","date_gmt":"2026-04-03T22:26:36","guid":{"rendered":"https:\/\/modesthanim.com\/product\/kusakli-sal-desenli-elbise-bej\/"},"modified":"2026-04-03T22:27:04","modified_gmt":"2026-04-03T22:27:04","slug":"kusakli-sal-desenli-elbise-bej","status":"publish","type":"product","link":"https:\/\/mod.wisdar.net\/tr\/urun\/kusakli-sal-desenli-elbise-bej\/","title":{"rendered":"Ku\u015fakl\u0131 \u015eal Desenli Elbise \u2013 Bej"},"content":{"rendered":"<p>\u015eal desenli bu \u00e7arp\u0131c\u0131 elbise, beldeki ku\u015fak detay\u0131 sayesinde zarif bir duru\u015f sunar.<\/p>\n<p>Kuma\u015f \u0130\u00e7eri\u011fi: %100 Viskon<br \/>\nDesen: \u015eal Deseni<br \/>\nYaka Tipi: Dik Yaka<br \/>\nKol Tipi: Uzun Kol<br \/>\nCepli: Cep Yok<br \/>\nAstar: Astarl\u0131<br \/>\n\u00dcr\u00fcn Uzunlu\u011fu: 140 cm<br \/>\nKal\u0131p: Normal Kal\u0131p<br \/>\nModelin Giydi\u011fi Beden: 38<br \/>\nModel \u00d6l\u00e7\u00fcleri: Boy: 177 cm, G\u00f6\u011f\u00fcs: 88 cm, Bel: 58 cm, Kal\u00e7a: 93 cm<\/p>\n<p>\u2014 Teknik Detaylar \u2014<br \/>\nDesen: \u015eal Deseni<br \/>\nYaka Tipi: Dik Yaka<br \/>\nKol Tipi: Uzun Kol<br \/>\nCepli: Cep Yok<br \/>\nAstar: Astarl\u0131<br \/>\n\u00dcr\u00fcn Uzunlu\u011fu: 140 cm<br \/>\nKal\u0131p: Normal Kal\u0131p<br \/>\nModelin Giydi\u011fi Beden: 38<br \/>\nModel \u00d6l\u00e7\u00fcleri: Boy: 177 cm, G\u00f6\u011f\u00fcs: 88 cm, Bel: 58 cm, Kal\u00e7a: 93 cm<\/p>\n","protected":false},"excerpt":{"rendered":"<p>\u015eal desenli bu \u00e7arp\u0131c\u0131 elbise, beldeki ku\u015fak detay\u0131 sayesinde zarif bir duru\u015f sunar. Kuma\u015f \u0130\u00e7eri\u011fi: %100 Viskon Desen: \u015eal Deseni Yaka Tipi: Dik Yaka Kol Tipi: Uzun Kol Cepli: Cep Yok Astar: Astarl\u0131 \u00dcr\u00fcn Uzunlu\u011fu: 140 cm Kal\u0131p: Normal Kal\u0131p Modelin Giydi\u011fi Beden: 38 Model \u00d6l\u00e7\u00fcleri: Boy: 177 cm, G\u00f6\u011f\u00fcs: 88 cm, Bel: 58 cm, [&hellip;]<\/p>\n","protected":false},"featured_media":205222,"comment_status":"open","ping_status":"closed","template":"","meta":[],"product_brand":[],"product_cat":[6249],"product_tag":[5012,7668],"class_list":{"0":"post-205226","1":"product","2":"type-product","3":"status-publish","4":"has-post-thumbnail","6":"product_cat-elbiseler","7":"product_tag-elegant","8":"product_tag-kemerli","9":"pa_brand-tugba","10":"pa_color-bej","11":"pa_size-4706","12":"pa_size-4711","13":"pa_size-4713","14":"pa_size-4751","15":"pa_size-4749","16":"pa_size-4747","18":"first","19":"instock","20":"sale","21":"shipping-taxable","22":"purchasable","23":"product-type-variable"},"_links":{"self":[{"href":"https:\/\/mod.wisdar.net\/tr\/wp-json\/wp\/v2\/product\/205226","targetHints":{"allow":["GET"]}}],"collection":[{"href":"https:\/\/mod.wisdar.net\/tr\/wp-json\/wp\/v2\/product"}],"about":[{"href":"https:\/\/mod.wisdar.net\/tr\/wp-json\/wp\/v2\/types\/product"}],"replies":[{"embeddable":true,"href":"https:\/\/mod.wisdar.net\/tr\/wp-json\/wp\/v2\/comments?post=205226"}],"wp:featuredmedia":[{"embeddable":true,"href":"https:\/\/mod.wisdar.net\/tr\/wp-json\/wp\/v2\/media\/205222"}],"wp:attachment":[{"href":"https:\/\/mod.wisdar.net\/tr\/wp-json\/wp\/v2\/media?parent=205226"}],"wp:term":[{"taxonomy":"product_brand","embeddable":true,"href":"https:\/\/mod.wisdar.net\/tr\/wp-json\/wp\/v2\/product_brand?post=205226"},{"taxonomy":"product_cat","embeddable":true,"href":"https:\/\/mod.wisdar.net\/tr\/wp-json\/wp\/v2\/product_cat?post=205226"},{"taxonomy":"product_tag","embeddable":true,"href":"https:\/\/mod.wisdar.net\/tr\/wp-json\/wp\/v2\/product_tag?post=205226"}],"curies":[{"name":"wp","href":"https:\/\/api.w.org\/{rel}","templated":true}]}}