{"id":205332,"date":"2026-04-03T22:29:01","date_gmt":"2026-04-03T22:29:01","guid":{"rendered":"https:\/\/modesthanim.com\/product\/gri-askili-kisa-esnek-elastanli-viskoz-soft-hamile-sabahlik-gecelik-takim-19400\/"},"modified":"2026-04-03T22:29:21","modified_gmt":"2026-04-03T22:29:21","slug":"gri-askili-kisa-esnek-elastanli-viskoz-soft-hamile-sabahlik-gecelik-takim-19400","status":"publish","type":"product","link":"https:\/\/mod.wisdar.net\/tr\/urun\/gri-askili-kisa-esnek-elastanli-viskoz-soft-hamile-sabahlik-gecelik-takim-19400\/","title":{"rendered":"Gri Ask\u0131l\u0131 K\u0131sa Esnek Elastanl\u0131 Viskoz Soft Hamile Sabahl\u0131k Gecelik Tak\u0131m 19400"},"content":{"rendered":"<p>Art\u0131\u015f Gri Ask\u0131l\u0131 K\u0131sa Esnek Elastanl\u0131 Viskoz Soft Hamile Sabahl\u0131k Gecelik Tak\u0131m 19400 size \u00f6zel indirim, taksit ve kap\u0131da \u00f6deme avantajlar\u0131yla LCW&#8217;de! Hemen online al\u0131\u015fveri\u015f yap, \u00fcr\u00fcn kap\u0131na gelsin! \u2013 S000517311-20600<\/p>\n<p>\u2014 Technical Details \u2014<br \/>\nDesen: D\u00fcz<br \/>\nKol Boyu: Ask\u0131l\u0131<br \/>\nYaka: V Yaka<br \/>\nKal\u0131nl\u0131k: Orta Kal\u0131nl\u0131k<br \/>\nKal\u0131p: Rahat &amp; Relax<br \/>\nPar\u00e7a Say\u0131s\u0131: 2 Par\u00e7a<br \/>\nUzunluk: K\u0131sa<\/p>\n","protected":false},"excerpt":{"rendered":"<p>Art\u0131\u015f Gri Ask\u0131l\u0131 K\u0131sa Esnek Elastanl\u0131 Viskoz Soft Hamile Sabahl\u0131k Gecelik Tak\u0131m 19400 size \u00f6zel indirim, taksit ve kap\u0131da \u00f6deme avantajlar\u0131yla LCW&#8217;de! Hemen online al\u0131\u015fveri\u015f yap, \u00fcr\u00fcn kap\u0131na gelsin! \u2013 S000517311-20600 \u2014 Technical Details \u2014 Desen: D\u00fcz Kol Boyu: Ask\u0131l\u0131 Yaka: V Yaka Kal\u0131nl\u0131k: Orta Kal\u0131nl\u0131k Kal\u0131p: Rahat &amp; Relax Par\u00e7a Say\u0131s\u0131: 2 Par\u00e7a Uzunluk: [&hellip;]<\/p>\n","protected":false},"featured_media":205318,"comment_status":"open","ping_status":"closed","template":"","meta":[],"product_brand":[],"product_cat":[5632],"product_tag":[9896,3200,12454,9533,12432,12433,12453,3198],"class_list":{"0":"post-205332","1":"product","2":"type-product","3":"status-publish","4":"has-post-thumbnail","6":"product_cat-kadin-modasi","7":"product_tag-comfortable-loungewear","8":"product_tag-elastane","9":"product_tag-gray-sleepwear","10":"product_tag-maternity-wear","11":"product_tag-nightwear","12":"product_tag-robe-set","13":"product_tag-stretchy-fabric","14":"product_tag-viscose","15":"pa_brand-artis","16":"pa_color-gri","17":"pa_size-l","18":"pa_size-m","19":"pa_size-s","20":"pa_size-xl","22":"first","23":"instock","24":"sale","25":"shipping-taxable","26":"purchasable","27":"product-type-variable"},"_links":{"self":[{"href":"https:\/\/mod.wisdar.net\/tr\/wp-json\/wp\/v2\/product\/205332","targetHints":{"allow":["GET"]}}],"collection":[{"href":"https:\/\/mod.wisdar.net\/tr\/wp-json\/wp\/v2\/product"}],"about":[{"href":"https:\/\/mod.wisdar.net\/tr\/wp-json\/wp\/v2\/types\/product"}],"replies":[{"embeddable":true,"href":"https:\/\/mod.wisdar.net\/tr\/wp-json\/wp\/v2\/comments?post=205332"}],"wp:featuredmedia":[{"embeddable":true,"href":"https:\/\/mod.wisdar.net\/tr\/wp-json\/wp\/v2\/media\/205318"}],"wp:attachment":[{"href":"https:\/\/mod.wisdar.net\/tr\/wp-json\/wp\/v2\/media?parent=205332"}],"wp:term":[{"taxonomy":"product_brand","embeddable":true,"href":"https:\/\/mod.wisdar.net\/tr\/wp-json\/wp\/v2\/product_brand?post=205332"},{"taxonomy":"product_cat","embeddable":true,"href":"https:\/\/mod.wisdar.net\/tr\/wp-json\/wp\/v2\/product_cat?post=205332"},{"taxonomy":"product_tag","embeddable":true,"href":"https:\/\/mod.wisdar.net\/tr\/wp-json\/wp\/v2\/product_tag?post=205332"}],"curies":[{"name":"wp","href":"https:\/\/api.w.org\/{rel}","templated":true}]}}