{"id":205344,"date":"2026-04-03T22:29:08","date_gmt":"2026-04-03T22:29:08","guid":{"rendered":"https:\/\/modesthanim.com\/product\/ince-yazlik-tunik-lacivert\/"},"modified":"2026-04-15T21:38:48","modified_gmt":"2026-04-15T21:38:48","slug":"ince-yazlik-tunik-lacivert","status":"publish","type":"product","link":"https:\/\/mod.wisdar.net\/tr\/urun\/ince-yazlik-tunik-lacivert\/","title":{"rendered":"\u0130nce Yazl\u0131k Tunik Lacivert"},"content":{"rendered":"<p>Ters \u00c7evirerek k\u0131sa programda 30 Derecede y\u0131kay\u0131n\u0131z. \u00c7ekme Yapabilir. Kemerlidir<\/p>\n<p>\u2014 Technical Details \u2014<br \/>\nMarka: Minik Terzi<br \/>\nSezon: YAZ<br \/>\nCinsiyet: Kad\u0131n<br \/>\nMalzeme: Viskon<br \/>\nKuma\u015f \u0130\u00e7eri\u011fi: %80 viskon %20 keten<br \/>\nKol Boyu: Uzun Kollu<br \/>\nYaka Tipi: Hakim Yaka<br \/>\nManken \u00d6l\u00e7\u00fcleri: 1,80<br \/>\nMankenin Giydi\u011fi Beden: S Beden<br \/>\nA\u00e7\u0131klama: Ters \u00c7evirerek k\u0131sa programda 30 Derecede y\u0131kay\u0131n\u0131z. \u00c7ekme Yapabilir. Kemerlidir<\/p>\n","protected":false},"excerpt":{"rendered":"<p>Ters \u00c7evirerek k\u0131sa programda 30 Derecede y\u0131kay\u0131n\u0131z. \u00c7ekme Yapabilir. Kemerlidir \u2014 Technical Details \u2014 Marka: Minik Terzi Sezon: YAZ Cinsiyet: Kad\u0131n Malzeme: Viskon Kuma\u015f \u0130\u00e7eri\u011fi: %80 viskon %20 keten Kol Boyu: Uzun Kollu Yaka Tipi: Hakim Yaka Manken \u00d6l\u00e7\u00fcleri: 1,80 Mankenin Giydi\u011fi Beden: S Beden A\u00e7\u0131klama: Ters \u00c7evirerek k\u0131sa programda 30 Derecede y\u0131kay\u0131n\u0131z. \u00c7ekme Yapabilir. [&hellip;]<\/p>\n","protected":false},"featured_media":205326,"comment_status":"open","ping_status":"closed","template":"","meta":[],"product_brand":[],"product_cat":[2050],"product_tag":[7238],"class_list":{"0":"post-205344","1":"product","2":"type-product","3":"status-publish","4":"has-post-thumbnail","6":"product_cat-blazer-ceketler","7":"product_tag-lacivert","8":"pa_brand-minik-terzi","9":"pa_color-lacivert","10":"pa_size-l","11":"pa_size-m","12":"pa_size-s","13":"pa_size-xl","15":"first","16":"instock","17":"shipping-taxable","18":"purchasable","19":"product-type-variable"},"_links":{"self":[{"href":"https:\/\/mod.wisdar.net\/tr\/wp-json\/wp\/v2\/product\/205344","targetHints":{"allow":["GET"]}}],"collection":[{"href":"https:\/\/mod.wisdar.net\/tr\/wp-json\/wp\/v2\/product"}],"about":[{"href":"https:\/\/mod.wisdar.net\/tr\/wp-json\/wp\/v2\/types\/product"}],"replies":[{"embeddable":true,"href":"https:\/\/mod.wisdar.net\/tr\/wp-json\/wp\/v2\/comments?post=205344"}],"wp:featuredmedia":[{"embeddable":true,"href":"https:\/\/mod.wisdar.net\/tr\/wp-json\/wp\/v2\/media\/205326"}],"wp:attachment":[{"href":"https:\/\/mod.wisdar.net\/tr\/wp-json\/wp\/v2\/media?parent=205344"}],"wp:term":[{"taxonomy":"product_brand","embeddable":true,"href":"https:\/\/mod.wisdar.net\/tr\/wp-json\/wp\/v2\/product_brand?post=205344"},{"taxonomy":"product_cat","embeddable":true,"href":"https:\/\/mod.wisdar.net\/tr\/wp-json\/wp\/v2\/product_cat?post=205344"},{"taxonomy":"product_tag","embeddable":true,"href":"https:\/\/mod.wisdar.net\/tr\/wp-json\/wp\/v2\/product_tag?post=205344"}],"curies":[{"name":"wp","href":"https:\/\/api.w.org\/{rel}","templated":true}]}}