{"id":205390,"date":"2026-04-03T22:34:58","date_gmt":"2026-04-03T22:34:58","guid":{"rendered":"https:\/\/modesthanim.com\/product\/melosh-buyuk-cepli-modal-iclik-elbiseli-takim-mavi-2\/"},"modified":"2026-04-03T22:35:09","modified_gmt":"2026-04-03T22:35:09","slug":"melosh-buyuk-cepli-modal-iclik-elbiseli-takim-mavi-2","status":"publish","type":"product","link":"https:\/\/mod.wisdar.net\/tr\/urun\/melosh-buyuk-cepli-modal-iclik-elbiseli-takim-mavi-2\/","title":{"rendered":"Melosh B\u00fcy\u00fck Cepli Modal \u0130\u00e7lik Elbiseli Tak\u0131m MAV\u0130"},"content":{"rendered":"<p>\u2014 Technical Details \u2014<br \/>\nKuma\u015f: MODAL<br \/>\nKar\u0131\u015f\u0131m: %85 MODAL %15 POLYESTER<\/p>\n","protected":false},"excerpt":{"rendered":"<p>\u2014 Technical Details \u2014 Kuma\u015f: MODAL Kar\u0131\u015f\u0131m: %85 MODAL %15 POLYESTER<\/p>\n","protected":false},"featured_media":205384,"comment_status":"open","ping_status":"closed","template":"","meta":[],"product_brand":[],"product_cat":[6249,1933],"product_tag":[9896,11347,10195,3040,6349,11346],"class_list":{"0":"post-205390","1":"product","2":"type-product","3":"status-publish","4":"has-post-thumbnail","6":"product_cat-elbiseler","7":"product_cat-gunluk-ve-gunduz-elbiseleri","8":"product_tag-comfortable-loungewear","9":"product_tag-elegant-nightwear","10":"product_tag-modal-dress","11":"product_tag-modal-fabric","12":"product_tag-pocket-dress","13":"product_tag-slip-dress-set","14":"pa_brand-hilay","15":"pa_color-mavi","16":"pa_size-4446","17":"pa_size-4463","18":"pa_size-4680","19":"pa_size-4694","21":"first","22":"outofstock","23":"shipping-taxable","24":"product-type-variable"},"_links":{"self":[{"href":"https:\/\/mod.wisdar.net\/tr\/wp-json\/wp\/v2\/product\/205390","targetHints":{"allow":["GET"]}}],"collection":[{"href":"https:\/\/mod.wisdar.net\/tr\/wp-json\/wp\/v2\/product"}],"about":[{"href":"https:\/\/mod.wisdar.net\/tr\/wp-json\/wp\/v2\/types\/product"}],"replies":[{"embeddable":true,"href":"https:\/\/mod.wisdar.net\/tr\/wp-json\/wp\/v2\/comments?post=205390"}],"wp:featuredmedia":[{"embeddable":true,"href":"https:\/\/mod.wisdar.net\/tr\/wp-json\/wp\/v2\/media\/205384"}],"wp:attachment":[{"href":"https:\/\/mod.wisdar.net\/tr\/wp-json\/wp\/v2\/media?parent=205390"}],"wp:term":[{"taxonomy":"product_brand","embeddable":true,"href":"https:\/\/mod.wisdar.net\/tr\/wp-json\/wp\/v2\/product_brand?post=205390"},{"taxonomy":"product_cat","embeddable":true,"href":"https:\/\/mod.wisdar.net\/tr\/wp-json\/wp\/v2\/product_cat?post=205390"},{"taxonomy":"product_tag","embeddable":true,"href":"https:\/\/mod.wisdar.net\/tr\/wp-json\/wp\/v2\/product_tag?post=205390"}],"curies":[{"name":"wp","href":"https:\/\/api.w.org\/{rel}","templated":true}]}}