{"id":20544,"date":"2025-11-02T14:31:32","date_gmt":"2025-11-02T14:31:32","guid":{"rendered":"https:\/\/modesthanim.com\/product\/pileli-pantolon-acik-yesil\/"},"modified":"2026-03-31T04:41:38","modified_gmt":"2026-03-31T04:41:38","slug":"pileli-pantolon-acik-yesil","status":"publish","type":"product","link":"https:\/\/mod.wisdar.net\/tr\/urun\/pileli-pantolon-acik-yesil\/","title":{"rendered":"Pileli Pantolon \u2013 A\u00e7\u0131k Ye\u015fil"},"content":{"rendered":"<p>\u00d6n k\u0131sm\u0131ndaki pile detaylar\u0131 ile bu pantolonlar, zarafet kat\u0131yor ve klasik ile modern tarz\u0131 birle\u015ftiriyor. Rahat kesimi t\u00fcm g\u00fcn konfor sa\u011flarken, \u015f\u0131k g\u00f6r\u00fcn\u00fcm\u00fc her t\u00fcrl\u00fc stili tamamlar.<\/p>\n<p>Kuma\u015f \u0130\u00e7eri\u011fi: %88 Modal, %12 Polyester<\/p>\n<p>Desen: D\u00fcz<\/p>\n<p>Bel Tipi: Normal Bel<\/p>\n<p>Bacak Tipi: Geni\u015f Pa\u00e7a<\/p>\n<p>Cep: Yan Cep<\/p>\n<p>Astar: Astars\u0131z<\/p>\n<p>\u00dcr\u00fcn Uzunlu\u011fu: 112 cm<\/p>\n<p>Kal\u0131p Tipi: Normal Kal\u0131p<\/p>\n<p>Modelin Giydi\u011fi Beden: 38<\/p>\n<p>Model \u00d6l\u00e7\u00fcleri: Boy: 174 cm G\u00f6\u011f\u00fcs: 82 cm Bel: 63 cm Kal\u00e7a: 90 cm<\/p>\n<p>\u2014 Teknik Detaylar \u2014<br \/>\nDesen: D\u00fcz<br \/>\nBel Tipi: Normal Bel<br \/>\nBacak Tipi: Geni\u015f Pa\u00e7a<br \/>\nCep: Yan Cep<br \/>\nAstar: Astars\u0131z<br \/>\n\u00dcr\u00fcn Uzunlu\u011fu: 112 cm<br \/>\nKal\u0131p Tipi: Normal Kal\u0131p<br \/>\nModelin Giydi\u011fi Beden: 38<br \/>\nModel \u00d6l\u00e7\u00fcleri: Boy: 174 cm, G\u00f6\u011f\u00fcs: 82 cm, Bel: 63 cm, Kal\u00e7a: 90 cm<\/p>\n","protected":false},"excerpt":{"rendered":"<p>\u00d6n k\u0131sm\u0131ndaki pile detaylar\u0131 ile bu pantolonlar, zarafet kat\u0131yor ve klasik ile modern tarz\u0131 birle\u015ftiriyor. Rahat kesimi t\u00fcm g\u00fcn konfor sa\u011flarken, \u015f\u0131k g\u00f6r\u00fcn\u00fcm\u00fc her t\u00fcrl\u00fc stili tamamlar. Kuma\u015f \u0130\u00e7eri\u011fi: %88 Modal, %12 Polyester Desen: D\u00fcz Bel Tipi: Normal Bel Bacak Tipi: Geni\u015f Pa\u00e7a Cep: Yan Cep Astar: Astars\u0131z \u00dcr\u00fcn Uzunlu\u011fu: 112 cm Kal\u0131p Tipi: Normal [&hellip;]<\/p>\n","protected":false},"featured_media":0,"comment_status":"open","ping_status":"closed","template":"","meta":[],"product_brand":[],"product_cat":[1882],"product_tag":[],"class_list":{"0":"post-20544","1":"product","2":"type-product","3":"status-publish","5":"product_cat-alt-giyim","6":"pa_brand-tugba","7":"pa_color-acik-yesil-2","8":"pa_size-4701","9":"pa_size-4706","10":"pa_size-4711","11":"pa_size-4713","12":"pa_size-4751","14":"first","15":"instock","16":"sale","17":"shipping-taxable","18":"purchasable","19":"product-type-variable"},"_links":{"self":[{"href":"https:\/\/mod.wisdar.net\/tr\/wp-json\/wp\/v2\/product\/20544","targetHints":{"allow":["GET"]}}],"collection":[{"href":"https:\/\/mod.wisdar.net\/tr\/wp-json\/wp\/v2\/product"}],"about":[{"href":"https:\/\/mod.wisdar.net\/tr\/wp-json\/wp\/v2\/types\/product"}],"replies":[{"embeddable":true,"href":"https:\/\/mod.wisdar.net\/tr\/wp-json\/wp\/v2\/comments?post=20544"}],"wp:attachment":[{"href":"https:\/\/mod.wisdar.net\/tr\/wp-json\/wp\/v2\/media?parent=20544"}],"wp:term":[{"taxonomy":"product_brand","embeddable":true,"href":"https:\/\/mod.wisdar.net\/tr\/wp-json\/wp\/v2\/product_brand?post=20544"},{"taxonomy":"product_cat","embeddable":true,"href":"https:\/\/mod.wisdar.net\/tr\/wp-json\/wp\/v2\/product_cat?post=20544"},{"taxonomy":"product_tag","embeddable":true,"href":"https:\/\/mod.wisdar.net\/tr\/wp-json\/wp\/v2\/product_tag?post=20544"}],"curies":[{"name":"wp","href":"https:\/\/api.w.org\/{rel}","templated":true}]}}