{"id":205464,"date":"2026-04-03T22:37:00","date_gmt":"2026-04-03T22:37:00","guid":{"rendered":"https:\/\/modesthanim.com\/product\/kahve-rengi-elastik-bel-genis-paca-pantolon\/"},"modified":"2026-04-03T22:37:20","modified_gmt":"2026-04-03T22:37:20","slug":"kahve-rengi-elastik-bel-genis-paca-pantolon","status":"publish","type":"product","link":"https:\/\/mod.wisdar.net\/tr\/urun\/kahve-rengi-elastik-bel-genis-paca-pantolon\/","title":{"rendered":"Kahve Rengi Elastik Bel Geni\u015f Pa\u00e7a Pantolon"},"content":{"rendered":"<p>Kahve Rengi Elastik Bel Geni\u015f Pa\u00e7a Pantolonlar\u0131m\u0131z ile modern ve rahat bir stil yakalay\u0131n. ALLDAY&#8217;\u0131n Viskon Pantolon kategorisindeki di\u011fer modelleri ke\u015ffedin. \u015e\u0131k bu pantolonlarla k\u0131yafetinizi tamamlay\u0131n!<\/p>\n<p>\u2014 Teknik Detaylar \u2014<br \/>\nMevsim: 25-Yaz Rpt<br \/>\nKuma\u015f \u0130\u00e7eri\u011fi: %100 Viskon<br \/>\nKuma\u015f Grubu: Viskon<br \/>\nCep Detay\u0131: Yan Cep<br \/>\nBeden \/ Boy: 0<br \/>\nTasar\u0131m D\u00f6nemi: 23-Yaz<br \/>\nKal\u0131p: CARROT<br \/>\nBacak Stili: Daralan<br \/>\nBel: Elastik<br \/>\nDesen: D\u00fcz<br \/>\nTema: 2.D\u00dcZ<br \/>\nSeri: GEN\u00c7<br \/>\n\u00dcr\u00fcn Kalitesi: A S\u0131n\u0131f\u0131<br \/>\nMevsimlik Sat\u0131\u015f D\u00f6nemi: Yaz<br \/>\nMalzeme T\u00fcr\u00fc: Dokuma<\/p>\n","protected":false},"excerpt":{"rendered":"<p>Kahve Rengi Elastik Bel Geni\u015f Pa\u00e7a Pantolonlar\u0131m\u0131z ile modern ve rahat bir stil yakalay\u0131n. ALLDAY&#8217;\u0131n Viskon Pantolon kategorisindeki di\u011fer modelleri ke\u015ffedin. \u015e\u0131k bu pantolonlarla k\u0131yafetinizi tamamlay\u0131n! \u2014 Teknik Detaylar \u2014 Mevsim: 25-Yaz Rpt Kuma\u015f \u0130\u00e7eri\u011fi: %100 Viskon Kuma\u015f Grubu: Viskon Cep Detay\u0131: Yan Cep Beden \/ Boy: 0 Tasar\u0131m D\u00f6nemi: 23-Yaz Kal\u0131p: CARROT Bacak Stili: [&hellip;]<\/p>\n","protected":false},"featured_media":205459,"comment_status":"open","ping_status":"closed","template":"","meta":[],"product_brand":[],"product_cat":[1882],"product_tag":[4861,6761,7328,5013,6751],"class_list":{"0":"post-205464","1":"product","2":"type-product","3":"status-publish","4":"has-post-thumbnail","6":"product_cat-alt-giyim","7":"product_tag-allday","8":"product_tag-bol-paca","9":"product_tag-kahverengi","10":"product_tag-modern","11":"product_tag-rahat","12":"pa_brand-allday","13":"pa_color-kahve","14":"pa_size-4701","15":"pa_size-4706","16":"pa_size-4711","17":"pa_size-4713","18":"pa_size-4751","20":"first","21":"instock","22":"sale","23":"shipping-taxable","24":"purchasable","25":"product-type-variable"},"_links":{"self":[{"href":"https:\/\/mod.wisdar.net\/tr\/wp-json\/wp\/v2\/product\/205464","targetHints":{"allow":["GET"]}}],"collection":[{"href":"https:\/\/mod.wisdar.net\/tr\/wp-json\/wp\/v2\/product"}],"about":[{"href":"https:\/\/mod.wisdar.net\/tr\/wp-json\/wp\/v2\/types\/product"}],"replies":[{"embeddable":true,"href":"https:\/\/mod.wisdar.net\/tr\/wp-json\/wp\/v2\/comments?post=205464"}],"wp:featuredmedia":[{"embeddable":true,"href":"https:\/\/mod.wisdar.net\/tr\/wp-json\/wp\/v2\/media\/205459"}],"wp:attachment":[{"href":"https:\/\/mod.wisdar.net\/tr\/wp-json\/wp\/v2\/media?parent=205464"}],"wp:term":[{"taxonomy":"product_brand","embeddable":true,"href":"https:\/\/mod.wisdar.net\/tr\/wp-json\/wp\/v2\/product_brand?post=205464"},{"taxonomy":"product_cat","embeddable":true,"href":"https:\/\/mod.wisdar.net\/tr\/wp-json\/wp\/v2\/product_cat?post=205464"},{"taxonomy":"product_tag","embeddable":true,"href":"https:\/\/mod.wisdar.net\/tr\/wp-json\/wp\/v2\/product_tag?post=205464"}],"curies":[{"name":"wp","href":"https:\/\/api.w.org\/{rel}","templated":true}]}}