{"id":205523,"date":"2026-04-03T22:38:21","date_gmt":"2026-04-03T22:38:21","guid":{"rendered":"https:\/\/modesthanim.com\/product\/suet-haki-trenckot\/"},"modified":"2026-04-03T22:38:43","modified_gmt":"2026-04-03T22:38:43","slug":"suet-haki-trenckot","status":"publish","type":"product","link":"https:\/\/mod.wisdar.net\/tr\/urun\/suet-haki-trenckot\/","title":{"rendered":"S\u00fcet Haki Tren\u00e7kot"},"content":{"rendered":"<p>S\u00fcet Tren\u00e7kot \u00d6zellikleri<br \/>\nKruvaze kapamal\u0131, \u00f6nden d\u00fc\u011fmeli, arkadan y\u0131rtma\u00e7l\u0131, astarl\u0131, kendi kuma\u015f\u0131ndan seyyar kemerli, kemer k\u00f6pr\u00fcl\u00fc, yanlardan cepli, s\u00fcet tren\u00e7kot.<br \/>\n%100 Polyester<br \/>\nYaln\u0131zca kuru temizleme yap\u0131n\u0131z. \u00dcr\u00fcne kesinlikle \u00fct\u00fc vurmay\u0131n\u0131z.<\/p>\n<p>\u2014 Technical Details \u2014<br \/>\ncare_instructions: Yaln\u0131zca kuru temizleme yap\u0131n\u0131z. \u00dcr\u00fcne kesinlikle \u00fct\u00fc vurmay\u0131n\u0131z.<br \/>\nfeatures: Kruvaze kapamal\u0131, \u00f6nden d\u00fc\u011fmeli, arkadan y\u0131rtma\u00e7l\u0131, astarl\u0131, kendi kuma\u015f\u0131ndan seyyar kemerli, kemer k\u00f6pr\u00fcl\u00fc, yanlardan cepli<\/p>\n","protected":false},"excerpt":{"rendered":"<p>S\u00fcet Tren\u00e7kot \u00d6zellikleri Kruvaze kapamal\u0131, \u00f6nden d\u00fc\u011fmeli, arkadan y\u0131rtma\u00e7l\u0131, astarl\u0131, kendi kuma\u015f\u0131ndan seyyar kemerli, kemer k\u00f6pr\u00fcl\u00fc, yanlardan cepli, s\u00fcet tren\u00e7kot. %100 Polyester Yaln\u0131zca kuru temizleme yap\u0131n\u0131z. \u00dcr\u00fcne kesinlikle \u00fct\u00fc vurmay\u0131n\u0131z. \u2014 Technical Details \u2014 care_instructions: Yaln\u0131zca kuru temizleme yap\u0131n\u0131z. \u00dcr\u00fcne kesinlikle \u00fct\u00fc vurmay\u0131n\u0131z. features: Kruvaze kapamal\u0131, \u00f6nden d\u00fc\u011fmeli, arkadan y\u0131rtma\u00e7l\u0131, astarl\u0131, kendi kuma\u015f\u0131ndan seyyar kemerli, [&hellip;]<\/p>\n","protected":false},"featured_media":205516,"comment_status":"open","ping_status":"closed","template":"","meta":[],"product_brand":[],"product_cat":[2047],"product_tag":[4999,7052,6776],"class_list":{"0":"post-205523","1":"product","2":"type-product","3":"status-publish","4":"has-post-thumbnail","6":"product_cat-paltolar","7":"product_tag-outerwear","8":"product_tag-suet","9":"product_tag-trenckot","10":"pa_brand-hooopstore","11":"pa_color-haki","12":"pa_size-m-l","13":"pa_size-s-m","15":"first","16":"instock","17":"sale","18":"shipping-taxable","19":"purchasable","20":"product-type-variable"},"_links":{"self":[{"href":"https:\/\/mod.wisdar.net\/tr\/wp-json\/wp\/v2\/product\/205523","targetHints":{"allow":["GET"]}}],"collection":[{"href":"https:\/\/mod.wisdar.net\/tr\/wp-json\/wp\/v2\/product"}],"about":[{"href":"https:\/\/mod.wisdar.net\/tr\/wp-json\/wp\/v2\/types\/product"}],"replies":[{"embeddable":true,"href":"https:\/\/mod.wisdar.net\/tr\/wp-json\/wp\/v2\/comments?post=205523"}],"wp:featuredmedia":[{"embeddable":true,"href":"https:\/\/mod.wisdar.net\/tr\/wp-json\/wp\/v2\/media\/205516"}],"wp:attachment":[{"href":"https:\/\/mod.wisdar.net\/tr\/wp-json\/wp\/v2\/media?parent=205523"}],"wp:term":[{"taxonomy":"product_brand","embeddable":true,"href":"https:\/\/mod.wisdar.net\/tr\/wp-json\/wp\/v2\/product_brand?post=205523"},{"taxonomy":"product_cat","embeddable":true,"href":"https:\/\/mod.wisdar.net\/tr\/wp-json\/wp\/v2\/product_cat?post=205523"},{"taxonomy":"product_tag","embeddable":true,"href":"https:\/\/mod.wisdar.net\/tr\/wp-json\/wp\/v2\/product_tag?post=205523"}],"curies":[{"name":"wp","href":"https:\/\/api.w.org\/{rel}","templated":true}]}}