{"id":205625,"date":"2026-04-04T10:15:29","date_gmt":"2026-04-04T10:15:29","guid":{"rendered":"https:\/\/modesthanim.com\/product\/indigo-pileli-kemerli-klos-etek\/"},"modified":"2026-04-15T21:59:19","modified_gmt":"2026-04-15T21:59:19","slug":"indigo-pileli-kemerli-klos-etek","status":"publish","type":"product","link":"https:\/\/mod.wisdar.net\/tr\/urun\/indigo-pileli-kemerli-klos-etek\/","title":{"rendered":"\u0130ndigo-Pileli Kemerli Klo\u015f Etek"},"content":{"rendered":"<p>\u0130ndigo-Pileli Kemerli Klo\u015f Etek \u00fcr\u00fcn\u00fc ile modern ve rahat bir tarz yakalay\u0131n ALLDAY\u2019in Etek kategorisindeki di\u011fer modellerini ke\u015ffedin. Kombinini tamamlayacak \u0130ndigo-Pileli Kemerli Klo\u015f Etek i\u00e7in hemen Ke\u015ffedin!<\/p>\n<p>\u2014 Technical Details \u2014<br \/>\nSezon: 25-Yaz<br \/>\nKuma\u015f \u0130\u00e7eri\u011fi: %60 VIS  %40 LINEN<br \/>\nKuma\u015f Grubu: Viskon Polyester<br \/>\nCep Detay: Gizli<br \/>\nEbat \/ Boy: 100 CM<br \/>\nTasar\u0131m D\u00f6nemi: 25-Yaz<br \/>\nKal\u0131p: RAHAT KALIP<br \/>\nBel: Kemerli<br \/>\nDesen: D\u00fcz<br \/>\nTema: 3.RICH<br \/>\nLine: ELEGANCE<br \/>\n\u00dcr\u00fcn Ligi: A Kalite<br \/>\nSezon Sat\u0131\u015f D\u00f6nemi: Yaz<br \/>\nMalzeme T\u00fcr\u00fc: Dokuma<\/p>\n","protected":false},"excerpt":{"rendered":"<p>\u0130ndigo-Pileli Kemerli Klo\u015f Etek \u00fcr\u00fcn\u00fc ile modern ve rahat bir tarz yakalay\u0131n ALLDAY\u2019in Etek kategorisindeki di\u011fer modellerini ke\u015ffedin. Kombinini tamamlayacak \u0130ndigo-Pileli Kemerli Klo\u015f Etek i\u00e7in hemen Ke\u015ffedin! \u2014 Technical Details \u2014 Sezon: 25-Yaz Kuma\u015f \u0130\u00e7eri\u011fi: %60 VIS %40 LINEN Kuma\u015f Grubu: Viskon Polyester Cep Detay: Gizli Ebat \/ Boy: 100 CM Tasar\u0131m D\u00f6nemi: 25-Yaz Kal\u0131p: [&hellip;]<\/p>\n","protected":false},"featured_media":205621,"comment_status":"open","ping_status":"closed","template":"","meta":[],"product_brand":[],"product_cat":[1969],"product_tag":[7612,8247,7600],"class_list":{"0":"post-205625","1":"product","2":"type-product","3":"status-publish","4":"has-post-thumbnail","6":"product_cat-etekler","7":"product_tag-kadin-etegi","8":"product_tag-klos-etek","9":"product_tag-pileli-etek","10":"pa_brand-allday","11":"pa_color-indigo","12":"pa_size-4701","13":"pa_size-4706","14":"pa_size-4711","15":"pa_size-4713","16":"pa_size-4751","18":"first","19":"instock","20":"sale","21":"shipping-taxable","22":"purchasable","23":"product-type-variable"},"_links":{"self":[{"href":"https:\/\/mod.wisdar.net\/tr\/wp-json\/wp\/v2\/product\/205625","targetHints":{"allow":["GET"]}}],"collection":[{"href":"https:\/\/mod.wisdar.net\/tr\/wp-json\/wp\/v2\/product"}],"about":[{"href":"https:\/\/mod.wisdar.net\/tr\/wp-json\/wp\/v2\/types\/product"}],"replies":[{"embeddable":true,"href":"https:\/\/mod.wisdar.net\/tr\/wp-json\/wp\/v2\/comments?post=205625"}],"wp:featuredmedia":[{"embeddable":true,"href":"https:\/\/mod.wisdar.net\/tr\/wp-json\/wp\/v2\/media\/205621"}],"wp:attachment":[{"href":"https:\/\/mod.wisdar.net\/tr\/wp-json\/wp\/v2\/media?parent=205625"}],"wp:term":[{"taxonomy":"product_brand","embeddable":true,"href":"https:\/\/mod.wisdar.net\/tr\/wp-json\/wp\/v2\/product_brand?post=205625"},{"taxonomy":"product_cat","embeddable":true,"href":"https:\/\/mod.wisdar.net\/tr\/wp-json\/wp\/v2\/product_cat?post=205625"},{"taxonomy":"product_tag","embeddable":true,"href":"https:\/\/mod.wisdar.net\/tr\/wp-json\/wp\/v2\/product_tag?post=205625"}],"curies":[{"name":"wp","href":"https:\/\/api.w.org\/{rel}","templated":true}]}}