{"id":205757,"date":"2026-04-04T10:17:00","date_gmt":"2026-04-04T10:17:00","guid":{"rendered":"https:\/\/modesthanim.com\/product\/acik-mavi-beli-lastikli-sacakli-etek\/"},"modified":"2026-04-15T21:50:25","modified_gmt":"2026-04-15T21:50:25","slug":"acik-mavi-beli-lastikli-sacakli-etek","status":"publish","type":"product","link":"https:\/\/mod.wisdar.net\/tr\/urun\/acik-mavi-beli-lastikli-sacakli-etek\/","title":{"rendered":"A\u00e7\u0131k Mavi-Beli Lastikli Sa\u00e7akl\u0131 Etek"},"content":{"rendered":"<p>A\u00e7\u0131k Mavi-Beli Lastikli Sa\u00e7akl\u0131 Etek \u00fcr\u00fcn\u00fc ile modern ve rahat bir tarz yakalay\u0131n ALLDAY\u2019in Etek kategorisindeki di\u011fer modellerini ke\u015ffedin. Kombinini tamamlayacak A\u00e7\u0131k Mavi-Beli Lastikli Sa\u00e7akl\u0131 Etek i\u00e7in hemen ke\u015ffedin!<\/p>\n<p>\u2014 Technical Details \u2014<br \/>\nSezon: 25-Yaz<br \/>\nKuma\u015f \u0130\u00e7eri\u011fi: %100 Cotton<br \/>\nKuma\u015f Grubu: Pamuk<br \/>\nCep Detay: Cepsiz<br \/>\nEbat \/ Boy: 100 CM<br \/>\nTasar\u0131m D\u00f6nemi: 25-Yaz<br \/>\nKal\u0131p: RAHAT KALIP<br \/>\nBel: Lastikli<br \/>\nDesen: D\u00fcz<br \/>\nTema: 2.EASY<br \/>\nLine: CASUAL<br \/>\n\u00dcr\u00fcn Ligi: A Kalite<br \/>\nSezon Sat\u0131\u015f D\u00f6nemi: Yaz<br \/>\nMalzeme T\u00fcr\u00fc: Denim<\/p>\n","protected":false},"excerpt":{"rendered":"<p>A\u00e7\u0131k Mavi-Beli Lastikli Sa\u00e7akl\u0131 Etek \u00fcr\u00fcn\u00fc ile modern ve rahat bir tarz yakalay\u0131n ALLDAY\u2019in Etek kategorisindeki di\u011fer modellerini ke\u015ffedin. Kombinini tamamlayacak A\u00e7\u0131k Mavi-Beli Lastikli Sa\u00e7akl\u0131 Etek i\u00e7in hemen ke\u015ffedin! \u2014 Technical Details \u2014 Sezon: 25-Yaz Kuma\u015f \u0130\u00e7eri\u011fi: %100 Cotton Kuma\u015f Grubu: Pamuk Cep Detay: Cepsiz Ebat \/ Boy: 100 CM Tasar\u0131m D\u00f6nemi: 25-Yaz Kal\u0131p: RAHAT [&hellip;]<\/p>\n","protected":false},"featured_media":205749,"comment_status":"open","ping_status":"closed","template":"","meta":[],"product_brand":[],"product_cat":[1969],"product_tag":[7426,6744,6765],"class_list":{"0":"post-205757","1":"product","2":"type-product","3":"status-publish","4":"has-post-thumbnail","6":"product_cat-etekler","7":"product_tag-gunluk-giyim-3","8":"product_tag-kadin-modasi","9":"product_tag-lastikli-bel","10":"pa_brand-allday","11":"pa_color-acik-mavi","12":"pa_size-4701","13":"pa_size-4706","14":"pa_size-4711","15":"pa_size-4713","16":"pa_size-4751","18":"first","19":"instock","20":"shipping-taxable","21":"purchasable","22":"product-type-variable"},"_links":{"self":[{"href":"https:\/\/mod.wisdar.net\/tr\/wp-json\/wp\/v2\/product\/205757","targetHints":{"allow":["GET"]}}],"collection":[{"href":"https:\/\/mod.wisdar.net\/tr\/wp-json\/wp\/v2\/product"}],"about":[{"href":"https:\/\/mod.wisdar.net\/tr\/wp-json\/wp\/v2\/types\/product"}],"replies":[{"embeddable":true,"href":"https:\/\/mod.wisdar.net\/tr\/wp-json\/wp\/v2\/comments?post=205757"}],"wp:featuredmedia":[{"embeddable":true,"href":"https:\/\/mod.wisdar.net\/tr\/wp-json\/wp\/v2\/media\/205749"}],"wp:attachment":[{"href":"https:\/\/mod.wisdar.net\/tr\/wp-json\/wp\/v2\/media?parent=205757"}],"wp:term":[{"taxonomy":"product_brand","embeddable":true,"href":"https:\/\/mod.wisdar.net\/tr\/wp-json\/wp\/v2\/product_brand?post=205757"},{"taxonomy":"product_cat","embeddable":true,"href":"https:\/\/mod.wisdar.net\/tr\/wp-json\/wp\/v2\/product_cat?post=205757"},{"taxonomy":"product_tag","embeddable":true,"href":"https:\/\/mod.wisdar.net\/tr\/wp-json\/wp\/v2\/product_tag?post=205757"}],"curies":[{"name":"wp","href":"https:\/\/api.w.org\/{rel}","templated":true}]}}