{"id":205779,"date":"2026-04-04T10:17:04","date_gmt":"2026-04-04T10:17:04","guid":{"rendered":"https:\/\/modesthanim.com\/product\/siyah-poplin-etek\/"},"modified":"2026-04-04T10:17:29","modified_gmt":"2026-04-04T10:17:29","slug":"siyah-poplin-etek","status":"publish","type":"product","link":"https:\/\/mod.wisdar.net\/tr\/urun\/siyah-poplin-etek\/","title":{"rendered":"Siyah-Poplin Etek"},"content":{"rendered":"<p>\u015e\u0131kl\u0131\u011f\u0131 detaylarda arayanlar i\u00e7in tasarlanan Siyah-Poplin Etek ile zarif ve \u015f\u0131k bir g\u00f6r\u00fcn\u00fcm yakalay\u0131n. G\u00fcnl\u00fck kullan\u0131mdan \u00f6zel g\u00fcnlere kadar her kombin i\u00e7in ideal tasar\u0131m.<\/p>\n<p>\u2014 Teknik Detaylar \u2014<br \/>\nSezon: 26 YAZ<br \/>\nKuma\u015f \u0130\u00e7eri\u011fi: %50 PAMUK %50 POLYESTER<br \/>\nKuma\u015f Grubu: Pamuk Polyester<br \/>\nCep Detay\u0131: Cepli<br \/>\nEbat \/ Boy: 100 CM<br \/>\nTasar\u0131m D\u00f6nemi: 26 SS<br \/>\nKal\u0131p: KLO\u015e<br \/>\nBel: Lastikli<br \/>\nDesen: D\u00fcz<br \/>\nTema: 2. Tema<br \/>\nKoleksiyon: PREM<br \/>\n\u00dcr\u00fcn Kalitesi: A Kalite<br \/>\nSat\u0131\u015f D\u00f6nemi: Sezonsuz<br \/>\nMalzeme T\u00fcr\u00fc: Dokuma<\/p>\n","protected":false},"excerpt":{"rendered":"<p>\u015e\u0131kl\u0131\u011f\u0131 detaylarda arayanlar i\u00e7in tasarlanan Siyah-Poplin Etek ile zarif ve \u015f\u0131k bir g\u00f6r\u00fcn\u00fcm yakalay\u0131n. G\u00fcnl\u00fck kullan\u0131mdan \u00f6zel g\u00fcnlere kadar her kombin i\u00e7in ideal tasar\u0131m. \u2014 Teknik Detaylar \u2014 Sezon: 26 YAZ Kuma\u015f \u0130\u00e7eri\u011fi: %50 PAMUK %50 POLYESTER Kuma\u015f Grubu: Pamuk Polyester Cep Detay\u0131: Cepli Ebat \/ Boy: 100 CM Tasar\u0131m D\u00f6nemi: 26 SS Kal\u0131p: KLO\u015e [&hellip;]<\/p>\n","protected":false},"featured_media":205766,"comment_status":"open","ping_status":"closed","template":"","meta":[],"product_brand":[],"product_cat":[1969],"product_tag":[],"class_list":{"0":"post-205779","1":"product","2":"type-product","3":"status-publish","4":"has-post-thumbnail","6":"product_cat-etekler","7":"pa_brand-allday","8":"pa_color-siyah","9":"pa_size-l","10":"pa_size-m","11":"pa_size-s","12":"pa_size-xl","13":"pa_size-xs","15":"first","16":"instock","17":"shipping-taxable","18":"purchasable","19":"product-type-variable"},"_links":{"self":[{"href":"https:\/\/mod.wisdar.net\/tr\/wp-json\/wp\/v2\/product\/205779","targetHints":{"allow":["GET"]}}],"collection":[{"href":"https:\/\/mod.wisdar.net\/tr\/wp-json\/wp\/v2\/product"}],"about":[{"href":"https:\/\/mod.wisdar.net\/tr\/wp-json\/wp\/v2\/types\/product"}],"replies":[{"embeddable":true,"href":"https:\/\/mod.wisdar.net\/tr\/wp-json\/wp\/v2\/comments?post=205779"}],"wp:featuredmedia":[{"embeddable":true,"href":"https:\/\/mod.wisdar.net\/tr\/wp-json\/wp\/v2\/media\/205766"}],"wp:attachment":[{"href":"https:\/\/mod.wisdar.net\/tr\/wp-json\/wp\/v2\/media?parent=205779"}],"wp:term":[{"taxonomy":"product_brand","embeddable":true,"href":"https:\/\/mod.wisdar.net\/tr\/wp-json\/wp\/v2\/product_brand?post=205779"},{"taxonomy":"product_cat","embeddable":true,"href":"https:\/\/mod.wisdar.net\/tr\/wp-json\/wp\/v2\/product_cat?post=205779"},{"taxonomy":"product_tag","embeddable":true,"href":"https:\/\/mod.wisdar.net\/tr\/wp-json\/wp\/v2\/product_tag?post=205779"}],"curies":[{"name":"wp","href":"https:\/\/api.w.org\/{rel}","templated":true}]}}