{"id":205973,"date":"2026-04-04T12:07:42","date_gmt":"2026-04-04T12:07:42","guid":{"rendered":"https:\/\/modesthanim.com\/product\/siyah-kadin-beli-saran-sporcu-tayt\/"},"modified":"2026-04-04T12:19:03","modified_gmt":"2026-04-04T12:19:03","slug":"siyah-kadin-beli-saran-sporcu-tayt","status":"publish","type":"product","link":"https:\/\/mod.wisdar.net\/tr\/urun\/siyah-kadin-beli-saran-sporcu-tayt\/","title":{"rendered":"Siyah Kad\u0131n Beli Saran Sporcu Tayt"},"content":{"rendered":"<p>Arad\u0131\u011f\u0131n\u0131z Siyah Kad\u0131n Beli Saran Sporcu Tayt en uygun fiyatla DeFacto&#8217;da! Yeni sezon Siyah Kad\u0131n Beli Saran Sporcu Tayt i\u00e7in hemen DeFacto&#8217;ya t\u0131klay\u0131n!<\/p>\n<p>\u2014 Teknik Detaylar \u2014<br \/>\nYa\u015fam Tarz\u0131: Sporcu<br \/>\nRenk: Siyah<br \/>\nKullan\u0131m Alan\u0131: G\u00fcnl\u00fck Giyim<br \/>\nKuma\u015f: Pamuklu<br \/>\nMarka: Defacto<br \/>\nMen\u015fei: TR<br \/>\n\u00dcr\u00fcn Grubu: Kad\u0131n Tayt<\/p>\n","protected":false},"excerpt":{"rendered":"<p>Arad\u0131\u011f\u0131n\u0131z Siyah Kad\u0131n Beli Saran Sporcu Tayt en uygun fiyatla DeFacto&#8217;da! Yeni sezon Siyah Kad\u0131n Beli Saran Sporcu Tayt i\u00e7in hemen DeFacto&#8217;ya t\u0131klay\u0131n! \u2014 Teknik Detaylar \u2014 Ya\u015fam Tarz\u0131: Sporcu Renk: Siyah Kullan\u0131m Alan\u0131: G\u00fcnl\u00fck Giyim Kuma\u015f: Pamuklu Marka: Defacto Men\u015fei: TR \u00dcr\u00fcn Grubu: Kad\u0131n Tayt<\/p>\n","protected":false},"featured_media":205968,"comment_status":"open","ping_status":"closed","template":"","meta":[],"product_brand":[],"product_cat":[6954,6948],"product_tag":[7347,7845],"class_list":{"0":"post-205973","1":"product","2":"type-product","3":"status-publish","4":"has-post-thumbnail","6":"product_cat-alt-vucut-alt-giyim","7":"product_cat-spor-giyim","8":"product_tag-daily-wear","9":"product_tag-kadin","10":"pa_brand-defacto","11":"pa_color-siyah","12":"pa_size-l","13":"pa_size-m","14":"pa_size-s","15":"pa_size-xl","16":"pa_size-xs","18":"first","19":"instock","20":"shipping-taxable","21":"purchasable","22":"product-type-variable"},"_links":{"self":[{"href":"https:\/\/mod.wisdar.net\/tr\/wp-json\/wp\/v2\/product\/205973","targetHints":{"allow":["GET"]}}],"collection":[{"href":"https:\/\/mod.wisdar.net\/tr\/wp-json\/wp\/v2\/product"}],"about":[{"href":"https:\/\/mod.wisdar.net\/tr\/wp-json\/wp\/v2\/types\/product"}],"replies":[{"embeddable":true,"href":"https:\/\/mod.wisdar.net\/tr\/wp-json\/wp\/v2\/comments?post=205973"}],"wp:featuredmedia":[{"embeddable":true,"href":"https:\/\/mod.wisdar.net\/tr\/wp-json\/wp\/v2\/media\/205968"}],"wp:attachment":[{"href":"https:\/\/mod.wisdar.net\/tr\/wp-json\/wp\/v2\/media?parent=205973"}],"wp:term":[{"taxonomy":"product_brand","embeddable":true,"href":"https:\/\/mod.wisdar.net\/tr\/wp-json\/wp\/v2\/product_brand?post=205973"},{"taxonomy":"product_cat","embeddable":true,"href":"https:\/\/mod.wisdar.net\/tr\/wp-json\/wp\/v2\/product_cat?post=205973"},{"taxonomy":"product_tag","embeddable":true,"href":"https:\/\/mod.wisdar.net\/tr\/wp-json\/wp\/v2\/product_tag?post=205973"}],"curies":[{"name":"wp","href":"https:\/\/api.w.org\/{rel}","templated":true}]}}