{"id":206038,"date":"2026-04-04T12:08:51","date_gmt":"2026-04-04T12:08:51","guid":{"rendered":"https:\/\/modesthanim.com\/product\/nba-new-york-knicks-oversize-polo-yaka-tisort\/"},"modified":"2026-04-11T15:52:08","modified_gmt":"2026-04-11T15:52:08","slug":"nba-new-york-knicks-oversize-polo-yaka-tisort","status":"publish","type":"product","link":"https:\/\/mod.wisdar.net\/tr\/urun\/nba-new-york-knicks-oversize-polo-yaka-tisort\/","title":{"rendered":"NBA New York Kn\u0131cks Overs\u0131ze Polo Yaka Ti\u015f\u00f6rt"},"content":{"rendered":"<p>NBA New York Knicks oversize polo yaka ti\u015f\u00f6rt, rahat kesimi ve sportif tasar\u0131m\u0131yla dikkat \u00e7eker. G\u00fcnl\u00fck kombinlerinize enerjik ve modern bir hava katar.<\/p>\n<p>\u2014 Technical Details \u2014<br \/>\nModelin \u00d6l\u00e7\u00fcleri: M Beden \u2013 1,85cm \u2013 99\/77\/96<br \/>\nNumune Bedeni: M<br \/>\nMarka: Defacto<br \/>\nMen\u015fei: CN<br \/>\n\u00dcr\u00fcn Grubu: Kad\u0131n Polo Ti\u015f\u00f6rt<br \/>\nRenk: Ekru<br \/>\nLisans Bilgisi: NBA New York Kn\u0131cks<br \/>\nYaka: Polo Yaka<br \/>\nKuma\u015f: T\u00fcl<br \/>\nKal\u0131p: Overs\u0131ze<br \/>\nKol Boyu: Uzun Kollu<\/p>\n","protected":false},"excerpt":{"rendered":"<p>NBA New York Knicks oversize polo yaka ti\u015f\u00f6rt, rahat kesimi ve sportif tasar\u0131m\u0131yla dikkat \u00e7eker. G\u00fcnl\u00fck kombinlerinize enerjik ve modern bir hava katar. \u2014 Technical Details \u2014 Modelin \u00d6l\u00e7\u00fcleri: M Beden \u2013 1,85cm \u2013 99\/77\/96 Numune Bedeni: M Marka: Defacto Men\u015fei: CN \u00dcr\u00fcn Grubu: Kad\u0131n Polo Ti\u015f\u00f6rt Renk: Ekru Lisans Bilgisi: NBA New York Kn\u0131cks [&hellip;]<\/p>\n","protected":false},"featured_media":206027,"comment_status":"open","ping_status":"closed","template":"","meta":[],"product_brand":[],"product_cat":[6948,6951],"product_tag":[12495,12493,12499,12497],"class_list":{"0":"post-206038","1":"product","2":"type-product","3":"status-publish","4":"has-post-thumbnail","6":"product_cat-spor-giyim","7":"product_cat-ust-giyim-ustler","8":"product_tag-ecru-nba-new-york-knicks-oversize-polo-collar-t-shirt","9":"product_tag-ecru-women-nba-new-york-knicks-oversize-polo-collar-t-shirt","10":"product_tag-nba-new-york-knicks-oversize-polo-collar-t-shirt","11":"product_tag-women-nba-new-york-knicks-oversize-polo-collar-t-shirt","12":"pa_brand-defacto","13":"pa_color-ekru","14":"pa_size-l","15":"pa_size-m","16":"pa_size-s","17":"pa_size-xl","18":"pa_size-xs","19":"pa_size-xxl","21":"first","22":"instock","23":"shipping-taxable","24":"purchasable","25":"product-type-variable"},"_links":{"self":[{"href":"https:\/\/mod.wisdar.net\/tr\/wp-json\/wp\/v2\/product\/206038","targetHints":{"allow":["GET"]}}],"collection":[{"href":"https:\/\/mod.wisdar.net\/tr\/wp-json\/wp\/v2\/product"}],"about":[{"href":"https:\/\/mod.wisdar.net\/tr\/wp-json\/wp\/v2\/types\/product"}],"replies":[{"embeddable":true,"href":"https:\/\/mod.wisdar.net\/tr\/wp-json\/wp\/v2\/comments?post=206038"}],"wp:featuredmedia":[{"embeddable":true,"href":"https:\/\/mod.wisdar.net\/tr\/wp-json\/wp\/v2\/media\/206027"}],"wp:attachment":[{"href":"https:\/\/mod.wisdar.net\/tr\/wp-json\/wp\/v2\/media?parent=206038"}],"wp:term":[{"taxonomy":"product_brand","embeddable":true,"href":"https:\/\/mod.wisdar.net\/tr\/wp-json\/wp\/v2\/product_brand?post=206038"},{"taxonomy":"product_cat","embeddable":true,"href":"https:\/\/mod.wisdar.net\/tr\/wp-json\/wp\/v2\/product_cat?post=206038"},{"taxonomy":"product_tag","embeddable":true,"href":"https:\/\/mod.wisdar.net\/tr\/wp-json\/wp\/v2\/product_tag?post=206038"}],"curies":[{"name":"wp","href":"https:\/\/api.w.org\/{rel}","templated":true}]}}