{"id":206068,"date":"2026-04-04T12:09:02","date_gmt":"2026-04-04T12:09:02","guid":{"rendered":"https:\/\/modesthanim.com\/product\/standart-fit-ribana-pedli-sporcu-atlet\/"},"modified":"2026-04-11T16:03:24","modified_gmt":"2026-04-11T16:03:24","slug":"standart-fit-ribana-pedli-sporcu-atlet","status":"publish","type":"product","link":"https:\/\/mod.wisdar.net\/tr\/urun\/standart-fit-ribana-pedli-sporcu-atlet\/","title":{"rendered":"Standart F\u0131t Ribana Pedli Sporcu Atlet"},"content":{"rendered":"<p>Standart fit kesimiyle rahat bir kullan\u0131m sunan Standart F\u0131t Ribana Pedli Sporcu Atlet, esnek yap\u0131s\u0131 sayesinde v\u00fccudu sarar ve hareket \u00f6zg\u00fcrl\u00fc\u011f\u00fc sa\u011flar. Hem spor yaparken hem de g\u00fcnl\u00fck hayatta konforlu bir se\u00e7enek olarak tercih edilebilir.<\/p>\n<p>\u2014 Technical Details \u2014<br \/>\nModelin \u00d6l\u00e7\u00fcleri: M Beden \u2013 1,78cm \u2013 82\/60\/88<br \/>\nNumune Bedeni: M<br \/>\nMarka: Defacto<br \/>\nMen\u015fei: EG<br \/>\n\u00dcr\u00fcn Grubu: Kad\u0131n Atlet<br \/>\nRenk: K\u0131rm\u0131z\u0131<br \/>\nKullan\u0131m Alan\u0131: G\u00fcnl\u00fck Giyim<br \/>\nYa\u015fam Tarz\u0131: Sporcu<br \/>\nKuma\u015f: Ribana<br \/>\nKal\u0131p: Standart F\u0131t<\/p>\n","protected":false},"excerpt":{"rendered":"<p>Standart fit kesimiyle rahat bir kullan\u0131m sunan Standart F\u0131t Ribana Pedli Sporcu Atlet, esnek yap\u0131s\u0131 sayesinde v\u00fccudu sarar ve hareket \u00f6zg\u00fcrl\u00fc\u011f\u00fc sa\u011flar. Hem spor yaparken hem de g\u00fcnl\u00fck hayatta konforlu bir se\u00e7enek olarak tercih edilebilir. \u2014 Technical Details \u2014 Modelin \u00d6l\u00e7\u00fcleri: M Beden \u2013 1,78cm \u2013 82\/60\/88 Numune Bedeni: M Marka: Defacto Men\u015fei: EG \u00dcr\u00fcn [&hellip;]<\/p>\n","protected":false},"featured_media":206045,"comment_status":"open","ping_status":"closed","template":"","meta":[],"product_brand":[],"product_cat":[6948,6951],"product_tag":[12494,12492,12498,12496],"class_list":{"0":"post-206068","1":"product","2":"type-product","3":"status-publish","4":"has-post-thumbnail","6":"product_cat-spor-giyim","7":"product_cat-ust-giyim-ustler","8":"product_tag-red-standard-fit-ribbed-padded-athletic-tank-top","9":"product_tag-red-women-standard-fit-ribbed-padded-athletic-tank-top","10":"product_tag-standard-fit-ribbed-padded-athletic-tank-top","11":"product_tag-women-standard-fit-ribbed-padded-athletic-tank-top","12":"pa_brand-defacto","13":"pa_color-kirmizi","14":"pa_size-l","15":"pa_size-m","16":"pa_size-s","17":"pa_size-xl","18":"pa_size-xs","19":"pa_size-xxl","21":"first","22":"instock","23":"shipping-taxable","24":"purchasable","25":"product-type-variable"},"_links":{"self":[{"href":"https:\/\/mod.wisdar.net\/tr\/wp-json\/wp\/v2\/product\/206068","targetHints":{"allow":["GET"]}}],"collection":[{"href":"https:\/\/mod.wisdar.net\/tr\/wp-json\/wp\/v2\/product"}],"about":[{"href":"https:\/\/mod.wisdar.net\/tr\/wp-json\/wp\/v2\/types\/product"}],"replies":[{"embeddable":true,"href":"https:\/\/mod.wisdar.net\/tr\/wp-json\/wp\/v2\/comments?post=206068"}],"wp:featuredmedia":[{"embeddable":true,"href":"https:\/\/mod.wisdar.net\/tr\/wp-json\/wp\/v2\/media\/206045"}],"wp:attachment":[{"href":"https:\/\/mod.wisdar.net\/tr\/wp-json\/wp\/v2\/media?parent=206068"}],"wp:term":[{"taxonomy":"product_brand","embeddable":true,"href":"https:\/\/mod.wisdar.net\/tr\/wp-json\/wp\/v2\/product_brand?post=206068"},{"taxonomy":"product_cat","embeddable":true,"href":"https:\/\/mod.wisdar.net\/tr\/wp-json\/wp\/v2\/product_cat?post=206068"},{"taxonomy":"product_tag","embeddable":true,"href":"https:\/\/mod.wisdar.net\/tr\/wp-json\/wp\/v2\/product_tag?post=206068"}],"curies":[{"name":"wp","href":"https:\/\/api.w.org\/{rel}","templated":true}]}}