{"id":206140,"date":"2026-04-04T12:10:10","date_gmt":"2026-04-04T12:10:10","guid":{"rendered":"https:\/\/modesthanim.com\/product\/nba-wordmark-uzun-kollu-tisort\/"},"modified":"2026-04-11T16:41:26","modified_gmt":"2026-04-11T16:41:26","slug":"nba-wordmark-uzun-kollu-tisort","status":"publish","type":"product","link":"https:\/\/mod.wisdar.net\/tr\/urun\/nba-wordmark-uzun-kollu-tisort\/","title":{"rendered":"NBA Wordmark Uzun Kollu Ti\u015f\u00f6rt"},"content":{"rendered":"<p>Arad\u0131\u011f\u0131n Ekru Kad\u0131n Uzun Kollu Ti\u015f\u00f6rt en uygun fiyatla DeFacto&#8217;da! Yeni sezon Ekru Kad\u0131n Uzun Kollu Ti\u015f\u00f6rt i\u00e7in hemen DeFacto&#8217;ya t\u0131kla!<\/p>\n<p>\u2014 Technical Details \u2014<br \/>\nModelin \u00d6l\u00e7\u00fcleri: S Beden \u2013 1,85cm \u2013 99\/77\/96<br \/>\nNumune Bedeni: S<br \/>\nMarka: Defacto<br \/>\nMen\u015fei: TR<br \/>\n\u00dcr\u00fcn Grubu: Kad\u0131n Ti\u015f\u00f6rt<br \/>\nRenk: Ekru<br \/>\nLisans Bilgisi: NBA Wordmark<\/p>\n","protected":false},"excerpt":{"rendered":"<p>Arad\u0131\u011f\u0131n Ekru Kad\u0131n Uzun Kollu Ti\u015f\u00f6rt en uygun fiyatla DeFacto&#8217;da! Yeni sezon Ekru Kad\u0131n Uzun Kollu Ti\u015f\u00f6rt i\u00e7in hemen DeFacto&#8217;ya t\u0131kla! \u2014 Technical Details \u2014 Modelin \u00d6l\u00e7\u00fcleri: S Beden \u2013 1,85cm \u2013 99\/77\/96 Numune Bedeni: S Marka: Defacto Men\u015fei: TR \u00dcr\u00fcn Grubu: Kad\u0131n Ti\u015f\u00f6rt Renk: Ekru Lisans Bilgisi: NBA Wordmark<\/p>\n","protected":false},"featured_media":206128,"comment_status":"open","ping_status":"closed","template":"","meta":[],"product_brand":[],"product_cat":[6948,6951],"product_tag":[12501,12500,10526,12502],"class_list":{"0":"post-206140","1":"product","2":"type-product","3":"status-publish","4":"has-post-thumbnail","6":"product_cat-spor-giyim","7":"product_cat-ust-giyim-ustler","8":"product_tag-ecru-long-sleeve-t-shirt","9":"product_tag-ecru-womens-long-sleeve-t-shirt","10":"product_tag-long-sleeve-t-shirt","11":"product_tag-womens-long-sleeve-t-shirt","12":"pa_brand-defacto","13":"pa_color-ekru","14":"pa_size-l","15":"pa_size-m","16":"pa_size-s","17":"pa_size-xl","18":"pa_size-xs","19":"pa_size-xxl","21":"first","22":"instock","23":"shipping-taxable","24":"purchasable","25":"product-type-variable"},"_links":{"self":[{"href":"https:\/\/mod.wisdar.net\/tr\/wp-json\/wp\/v2\/product\/206140","targetHints":{"allow":["GET"]}}],"collection":[{"href":"https:\/\/mod.wisdar.net\/tr\/wp-json\/wp\/v2\/product"}],"about":[{"href":"https:\/\/mod.wisdar.net\/tr\/wp-json\/wp\/v2\/types\/product"}],"replies":[{"embeddable":true,"href":"https:\/\/mod.wisdar.net\/tr\/wp-json\/wp\/v2\/comments?post=206140"}],"wp:featuredmedia":[{"embeddable":true,"href":"https:\/\/mod.wisdar.net\/tr\/wp-json\/wp\/v2\/media\/206128"}],"wp:attachment":[{"href":"https:\/\/mod.wisdar.net\/tr\/wp-json\/wp\/v2\/media?parent=206140"}],"wp:term":[{"taxonomy":"product_brand","embeddable":true,"href":"https:\/\/mod.wisdar.net\/tr\/wp-json\/wp\/v2\/product_brand?post=206140"},{"taxonomy":"product_cat","embeddable":true,"href":"https:\/\/mod.wisdar.net\/tr\/wp-json\/wp\/v2\/product_cat?post=206140"},{"taxonomy":"product_tag","embeddable":true,"href":"https:\/\/mod.wisdar.net\/tr\/wp-json\/wp\/v2\/product_tag?post=206140"}],"curies":[{"name":"wp","href":"https:\/\/api.w.org\/{rel}","templated":true}]}}