{"id":206149,"date":"2026-04-04T12:10:20","date_gmt":"2026-04-04T12:10:20","guid":{"rendered":"https:\/\/modesthanim.com\/product\/genis-paca-pantolon\/"},"modified":"2026-04-04T12:18:22","modified_gmt":"2026-04-04T12:18:22","slug":"genis-paca-pantolon","status":"publish","type":"product","link":"https:\/\/mod.wisdar.net\/tr\/urun\/genis-paca-pantolon\/","title":{"rendered":"Geni\u015f Pa\u00e7a Pantolon"},"content":{"rendered":"<p>Rahatl\u0131k ve \u015f\u0131kl\u0131\u011f\u0131 bir araya getiren Wide Leg Skuba Dalg\u0131\u00e7 Kuma\u015f Sporcu E\u015fofman Alt\u0131, geni\u015f pa\u00e7a kesimiyle modern bir g\u00f6r\u00fcn\u00fcm sunar. Yumu\u015fak kuma\u015f\u0131 ve esnek yap\u0131s\u0131 sayesinde hareket \u00f6zg\u00fcrl\u00fc\u011f\u00fc sa\u011flar, spor yaparken ya da g\u00fcnl\u00fck kullan\u0131mda rahatl\u0131kla tercih edilebilir.<\/p>\n<p>\u2014 Teknik Detaylar \u2014<br \/>\nModel \u00d6l\u00e7\u00fcleri: M Beden \u2013 1,77cm \u2013 78\/63\/90<br \/>\nNumune Bedeni: M<br \/>\nMarka: Defacto<br \/>\nMen\u015fei: EG<br \/>\n\u00dcr\u00fcn Grubu: Kad\u0131n E\u015fofman Alt\u0131<br \/>\nRenk: Lacivert<br \/>\nYa\u015fam Tarz\u0131: Sporcu<br \/>\nPa\u00e7a Detay\u0131: Geni\u015f Pa\u00e7a<br \/>\nKal\u0131p: Wide Leg<br \/>\nKuma\u015f: Skuba Dalg\u0131\u00e7 Kuma\u015f<br \/>\nCep ve Fermuar Detay\u0131: Cepli<\/p>\n","protected":false},"excerpt":{"rendered":"<p>Rahatl\u0131k ve \u015f\u0131kl\u0131\u011f\u0131 bir araya getiren Wide Leg Skuba Dalg\u0131\u00e7 Kuma\u015f Sporcu E\u015fofman Alt\u0131, geni\u015f pa\u00e7a kesimiyle modern bir g\u00f6r\u00fcn\u00fcm sunar. Yumu\u015fak kuma\u015f\u0131 ve esnek yap\u0131s\u0131 sayesinde hareket \u00f6zg\u00fcrl\u00fc\u011f\u00fc sa\u011flar, spor yaparken ya da g\u00fcnl\u00fck kullan\u0131mda rahatl\u0131kla tercih edilebilir. \u2014 Teknik Detaylar \u2014 Model \u00d6l\u00e7\u00fcleri: M Beden \u2013 1,77cm \u2013 78\/63\/90 Numune Bedeni: M Marka: [&hellip;]<\/p>\n","protected":false},"featured_media":206135,"comment_status":"open","ping_status":"closed","template":"","meta":[],"product_brand":[],"product_cat":[6954,6948],"product_tag":[12505,12503,12504,12506],"class_list":{"0":"post-206149","1":"product","2":"type-product","3":"status-publish","4":"has-post-thumbnail","6":"product_cat-alt-vucut-alt-giyim","7":"product_cat-spor-giyim","8":"product_tag-kadin-wide-leg-pantolon","9":"product_tag-lacivert-kadin-wide-leg-pantolon","10":"product_tag-lacivert-wide-leg-pantolon","11":"product_tag-wide-leg-pantolon","12":"pa_brand-defacto","13":"pa_color-lacivert","14":"pa_size-l","15":"pa_size-m","16":"pa_size-s","17":"pa_size-xl","18":"pa_size-xs","20":"first","21":"instock","22":"shipping-taxable","23":"purchasable","24":"product-type-variable"},"_links":{"self":[{"href":"https:\/\/mod.wisdar.net\/tr\/wp-json\/wp\/v2\/product\/206149","targetHints":{"allow":["GET"]}}],"collection":[{"href":"https:\/\/mod.wisdar.net\/tr\/wp-json\/wp\/v2\/product"}],"about":[{"href":"https:\/\/mod.wisdar.net\/tr\/wp-json\/wp\/v2\/types\/product"}],"replies":[{"embeddable":true,"href":"https:\/\/mod.wisdar.net\/tr\/wp-json\/wp\/v2\/comments?post=206149"}],"wp:featuredmedia":[{"embeddable":true,"href":"https:\/\/mod.wisdar.net\/tr\/wp-json\/wp\/v2\/media\/206135"}],"wp:attachment":[{"href":"https:\/\/mod.wisdar.net\/tr\/wp-json\/wp\/v2\/media?parent=206149"}],"wp:term":[{"taxonomy":"product_brand","embeddable":true,"href":"https:\/\/mod.wisdar.net\/tr\/wp-json\/wp\/v2\/product_brand?post=206149"},{"taxonomy":"product_cat","embeddable":true,"href":"https:\/\/mod.wisdar.net\/tr\/wp-json\/wp\/v2\/product_cat?post=206149"},{"taxonomy":"product_tag","embeddable":true,"href":"https:\/\/mod.wisdar.net\/tr\/wp-json\/wp\/v2\/product_tag?post=206149"}],"curies":[{"name":"wp","href":"https:\/\/api.w.org\/{rel}","templated":true}]}}