{"id":206217,"date":"2026-04-04T12:11:25","date_gmt":"2026-04-04T12:11:25","guid":{"rendered":"https:\/\/modesthanim.com\/product\/flare-fit-ispanyol-paca-sporcu-pantolon\/"},"modified":"2026-04-04T12:11:43","modified_gmt":"2026-04-04T12:11:43","slug":"flare-fit-ispanyol-paca-sporcu-pantolon","status":"publish","type":"product","link":"https:\/\/mod.wisdar.net\/tr\/urun\/flare-fit-ispanyol-paca-sporcu-pantolon\/","title":{"rendered":"Flare F\u0131t \u0130spanyol Pa\u00e7a Sporcu Pantolon"},"content":{"rendered":"<p>Flare Fit \u0130spanyol Pa\u00e7a Sporcu Pantolon, esnek yap\u0131s\u0131 ve rahat kal\u0131b\u0131yla konforlu bir kullan\u0131m sunar. \u0130spanyol pa\u00e7a kesimiyle modern ve \u015f\u0131k bir g\u00f6r\u00fcn\u00fcm sa\u011flar, spor ve g\u00fcnl\u00fck kombinler i\u00e7in ideal bir par\u00e7ad\u0131r.<\/p>\n<p>\u2014 Technical Details \u2014<br \/>\nKal\u0131p: Flare F\u0131t<br \/>\nYa\u015fam Tarz\u0131: Sporcu<br \/>\nKullan\u0131m Alan\u0131: G\u00fcnl\u00fck Giyim<br \/>\nPa\u00e7a Detay: \u0130spanyol Pa\u00e7a<\/p>\n","protected":false},"excerpt":{"rendered":"<p>Flare Fit \u0130spanyol Pa\u00e7a Sporcu Pantolon, esnek yap\u0131s\u0131 ve rahat kal\u0131b\u0131yla konforlu bir kullan\u0131m sunar. \u0130spanyol pa\u00e7a kesimiyle modern ve \u015f\u0131k bir g\u00f6r\u00fcn\u00fcm sa\u011flar, spor ve g\u00fcnl\u00fck kombinler i\u00e7in ideal bir par\u00e7ad\u0131r. \u2014 Technical Details \u2014 Kal\u0131p: Flare F\u0131t Ya\u015fam Tarz\u0131: Sporcu Kullan\u0131m Alan\u0131: G\u00fcnl\u00fck Giyim Pa\u00e7a Detay: \u0130spanyol Pa\u00e7a<\/p>\n","protected":false},"featured_media":206209,"comment_status":"open","ping_status":"closed","template":"","meta":[],"product_brand":[],"product_cat":[6954,6948],"product_tag":[12508,12507,12511,12510],"class_list":{"0":"post-206217","1":"product","2":"type-product","3":"status-publish","4":"has-post-thumbnail","6":"product_cat-alt-vucut-alt-giyim","7":"product_cat-spor-giyim","8":"product_tag-burgundy-flare-fit-spanish-flare-sports-trousers","9":"product_tag-burgundy-womens-flare-fit-spanish-flare-sports-trousers","10":"product_tag-flare-fit-spanish-flare-sports-trousers","11":"product_tag-womens-flare-fit-spanish-flare-sports-trousers","12":"pa_brand-defacto","13":"pa_color-gulkurusu","14":"pa_size-l","15":"pa_size-m","16":"pa_size-s","18":"first","19":"instock","20":"shipping-taxable","21":"purchasable","22":"product-type-variable"},"_links":{"self":[{"href":"https:\/\/mod.wisdar.net\/tr\/wp-json\/wp\/v2\/product\/206217","targetHints":{"allow":["GET"]}}],"collection":[{"href":"https:\/\/mod.wisdar.net\/tr\/wp-json\/wp\/v2\/product"}],"about":[{"href":"https:\/\/mod.wisdar.net\/tr\/wp-json\/wp\/v2\/types\/product"}],"replies":[{"embeddable":true,"href":"https:\/\/mod.wisdar.net\/tr\/wp-json\/wp\/v2\/comments?post=206217"}],"wp:featuredmedia":[{"embeddable":true,"href":"https:\/\/mod.wisdar.net\/tr\/wp-json\/wp\/v2\/media\/206209"}],"wp:attachment":[{"href":"https:\/\/mod.wisdar.net\/tr\/wp-json\/wp\/v2\/media?parent=206217"}],"wp:term":[{"taxonomy":"product_brand","embeddable":true,"href":"https:\/\/mod.wisdar.net\/tr\/wp-json\/wp\/v2\/product_brand?post=206217"},{"taxonomy":"product_cat","embeddable":true,"href":"https:\/\/mod.wisdar.net\/tr\/wp-json\/wp\/v2\/product_cat?post=206217"},{"taxonomy":"product_tag","embeddable":true,"href":"https:\/\/mod.wisdar.net\/tr\/wp-json\/wp\/v2\/product_tag?post=206217"}],"curies":[{"name":"wp","href":"https:\/\/api.w.org\/{rel}","templated":true}]}}