{"id":206223,"date":"2026-04-04T12:11:25","date_gmt":"2026-04-04T12:11:25","guid":{"rendered":"https:\/\/modesthanim.com\/product\/oversize-tul-kisa-kollu-tisort\/"},"modified":"2026-04-04T12:11:46","modified_gmt":"2026-04-04T12:11:46","slug":"oversize-tul-kisa-kollu-tisort","status":"publish","type":"product","link":"https:\/\/mod.wisdar.net\/tr\/urun\/oversize-tul-kisa-kollu-tisort\/","title":{"rendered":"Overs\u0131ze T\u00fcl K\u0131sa Kollu Ti\u015f\u00f6rt"},"content":{"rendered":"<p>Arad\u0131\u011f\u0131n Pembe Kad\u0131n Overs\u0131ze T\u00fcl K\u0131sa Kollu Ti\u015f\u00f6rt en uygun fiyatla DeFacto&#8217;da! Yeni sezon Pembe Kad\u0131n Overs\u0131ze T\u00fcl K\u0131sa Kollu Ti\u015f\u00f6rt i\u00e7in hemen DeFacto&#8217;ya t\u0131kla!<\/p>\n<p>\u2014 Technical Details \u2014<br \/>\nYa\u015fam Tarz\u0131: Sporcu<br \/>\nKal\u0131p: Overs\u0131ze<br \/>\nDesen: Bask\u0131l\u0131<br \/>\nKullan\u0131m Alan\u0131: Futbol<br \/>\nKol Boyu: K\u0131sa Kollu<br \/>\nKuma\u015f: T\u00fcl<br \/>\nModelin \u00d6l\u00e7\u00fcleri: M Beden \u2013 1,78cm \u2013 82\/60\/88<br \/>\nNumune Bedeni: M<br \/>\nMarka: Defacto<br \/>\nMen\u015fei: TR<br \/>\n\u00dcr\u00fcn Grubu: Kad\u0131n Ti\u015f\u00f6rt<\/p>\n","protected":false},"excerpt":{"rendered":"<p>Arad\u0131\u011f\u0131n Pembe Kad\u0131n Overs\u0131ze T\u00fcl K\u0131sa Kollu Ti\u015f\u00f6rt en uygun fiyatla DeFacto&#8217;da! Yeni sezon Pembe Kad\u0131n Overs\u0131ze T\u00fcl K\u0131sa Kollu Ti\u015f\u00f6rt i\u00e7in hemen DeFacto&#8217;ya t\u0131kla! \u2014 Technical Details \u2014 Ya\u015fam Tarz\u0131: Sporcu Kal\u0131p: Overs\u0131ze Desen: Bask\u0131l\u0131 Kullan\u0131m Alan\u0131: Futbol Kol Boyu: K\u0131sa Kollu Kuma\u015f: T\u00fcl Modelin \u00d6l\u00e7\u00fcleri: M Beden \u2013 1,78cm \u2013 82\/60\/88 Numune Bedeni: [&hellip;]<\/p>\n","protected":false},"featured_media":206212,"comment_status":"open","ping_status":"closed","template":"","meta":[],"product_brand":[],"product_cat":[6948,6951],"product_tag":[7313,8022,7423],"class_list":{"0":"post-206223","1":"product","2":"type-product","3":"status-publish","4":"has-post-thumbnail","6":"product_cat-spor-giyim","7":"product_cat-ust-giyim-ustler","8":"product_tag-atletik","9":"product_tag-baskili-2","10":"product_tag-oversize-2","11":"pa_brand-defacto","12":"pa_color-acik-pembe","13":"pa_size-l","14":"pa_size-m","15":"pa_size-s","16":"pa_size-xl","17":"pa_size-xs","19":"first","20":"instock","21":"shipping-taxable","22":"purchasable","23":"product-type-variable"},"_links":{"self":[{"href":"https:\/\/mod.wisdar.net\/tr\/wp-json\/wp\/v2\/product\/206223","targetHints":{"allow":["GET"]}}],"collection":[{"href":"https:\/\/mod.wisdar.net\/tr\/wp-json\/wp\/v2\/product"}],"about":[{"href":"https:\/\/mod.wisdar.net\/tr\/wp-json\/wp\/v2\/types\/product"}],"replies":[{"embeddable":true,"href":"https:\/\/mod.wisdar.net\/tr\/wp-json\/wp\/v2\/comments?post=206223"}],"wp:featuredmedia":[{"embeddable":true,"href":"https:\/\/mod.wisdar.net\/tr\/wp-json\/wp\/v2\/media\/206212"}],"wp:attachment":[{"href":"https:\/\/mod.wisdar.net\/tr\/wp-json\/wp\/v2\/media?parent=206223"}],"wp:term":[{"taxonomy":"product_brand","embeddable":true,"href":"https:\/\/mod.wisdar.net\/tr\/wp-json\/wp\/v2\/product_brand?post=206223"},{"taxonomy":"product_cat","embeddable":true,"href":"https:\/\/mod.wisdar.net\/tr\/wp-json\/wp\/v2\/product_cat?post=206223"},{"taxonomy":"product_tag","embeddable":true,"href":"https:\/\/mod.wisdar.net\/tr\/wp-json\/wp\/v2\/product_tag?post=206223"}],"curies":[{"name":"wp","href":"https:\/\/api.w.org\/{rel}","templated":true}]}}