{"id":206291,"date":"2026-04-04T12:12:30","date_gmt":"2026-04-04T12:12:30","guid":{"rendered":"https:\/\/modesthanim.com\/product\/slim-fit-modal-uzun-kollu-tisort\/"},"modified":"2026-04-04T12:12:56","modified_gmt":"2026-04-04T12:12:56","slug":"slim-fit-modal-uzun-kollu-tisort","status":"publish","type":"product","link":"https:\/\/mod.wisdar.net\/tr\/urun\/slim-fit-modal-uzun-kollu-tisort\/","title":{"rendered":"Sl\u0131m F\u0131t Modal Uzun Kollu Ti\u015f\u00f6rt"},"content":{"rendered":"<p>Arad\u0131\u011f\u0131n Gri Kad\u0131n Sl\u0131m F\u0131t Modal Uzun Kollu Ti\u015f\u00f6rt en uygun fiyatla DeFacto&#8217;da! Yeni sezon Gri Kad\u0131n Sl\u0131m F\u0131t Modal Uzun Kollu Ti\u015f\u00f6rt i\u00e7in hemen DeFacto&#8217;ya t\u0131kla!<\/p>\n<p>\u2014 Technical Details \u2014<br \/>\nKuma\u015f: Modal<br \/>\nKullan\u0131m Alan\u0131: G\u00fcnl\u00fck Giyim<br \/>\nKol Boyu: Uzun Kollu<br \/>\nYa\u015fam Tarz\u0131: Sporcu<br \/>\nKal\u0131p: Sl\u0131m F\u0131t<br \/>\nMarka: Defacto<br \/>\nMen\u015fei: TR<br \/>\n\u00dcr\u00fcn Grubu: Kad\u0131n Ti\u015f\u00f6rt<\/p>\n","protected":false},"excerpt":{"rendered":"<p>Arad\u0131\u011f\u0131n Gri Kad\u0131n Sl\u0131m F\u0131t Modal Uzun Kollu Ti\u015f\u00f6rt en uygun fiyatla DeFacto&#8217;da! Yeni sezon Gri Kad\u0131n Sl\u0131m F\u0131t Modal Uzun Kollu Ti\u015f\u00f6rt i\u00e7in hemen DeFacto&#8217;ya t\u0131kla! \u2014 Technical Details \u2014 Kuma\u015f: Modal Kullan\u0131m Alan\u0131: G\u00fcnl\u00fck Giyim Kol Boyu: Uzun Kollu Ya\u015fam Tarz\u0131: Sporcu Kal\u0131p: Sl\u0131m F\u0131t Marka: Defacto Men\u015fei: TR \u00dcr\u00fcn Grubu: Kad\u0131n Ti\u015f\u00f6rt<\/p>\n","protected":false},"featured_media":206281,"comment_status":"open","ping_status":"closed","template":"","meta":[],"product_brand":[],"product_cat":[6948,6951],"product_tag":[12515,12513,12519,12517],"class_list":{"0":"post-206291","1":"product","2":"type-product","3":"status-publish","4":"has-post-thumbnail","6":"product_cat-spor-giyim","7":"product_cat-ust-giyim-ustler","8":"product_tag-gray-slim-fit-modal-long-sleeve-t-shirt","9":"product_tag-gray-women-slim-fit-modal-long-sleeve-t-shirt","10":"product_tag-slim-fit-modal-long-sleeve-t-shirt","11":"product_tag-women-slim-fit-modal-long-sleeve-t-shirt","12":"pa_brand-defacto","13":"pa_color-gri-melanj","14":"pa_size-l","15":"pa_size-m","16":"pa_size-s","17":"pa_size-xl","18":"pa_size-xs","20":"first","21":"instock","22":"shipping-taxable","23":"purchasable","24":"product-type-variable"},"_links":{"self":[{"href":"https:\/\/mod.wisdar.net\/tr\/wp-json\/wp\/v2\/product\/206291","targetHints":{"allow":["GET"]}}],"collection":[{"href":"https:\/\/mod.wisdar.net\/tr\/wp-json\/wp\/v2\/product"}],"about":[{"href":"https:\/\/mod.wisdar.net\/tr\/wp-json\/wp\/v2\/types\/product"}],"replies":[{"embeddable":true,"href":"https:\/\/mod.wisdar.net\/tr\/wp-json\/wp\/v2\/comments?post=206291"}],"wp:featuredmedia":[{"embeddable":true,"href":"https:\/\/mod.wisdar.net\/tr\/wp-json\/wp\/v2\/media\/206281"}],"wp:attachment":[{"href":"https:\/\/mod.wisdar.net\/tr\/wp-json\/wp\/v2\/media?parent=206291"}],"wp:term":[{"taxonomy":"product_brand","embeddable":true,"href":"https:\/\/mod.wisdar.net\/tr\/wp-json\/wp\/v2\/product_brand?post=206291"},{"taxonomy":"product_cat","embeddable":true,"href":"https:\/\/mod.wisdar.net\/tr\/wp-json\/wp\/v2\/product_cat?post=206291"},{"taxonomy":"product_tag","embeddable":true,"href":"https:\/\/mod.wisdar.net\/tr\/wp-json\/wp\/v2\/product_tag?post=206291"}],"curies":[{"name":"wp","href":"https:\/\/api.w.org\/{rel}","templated":true}]}}