{"id":206373,"date":"2026-04-04T12:13:46","date_gmt":"2026-04-04T12:13:46","guid":{"rendered":"https:\/\/modesthanim.com\/product\/airtech-nba-new-york-knicks-straight-fit-pantolon\/"},"modified":"2026-04-04T12:14:12","modified_gmt":"2026-04-04T12:14:12","slug":"airtech-nba-new-york-knicks-straight-fit-pantolon","status":"publish","type":"product","link":"https:\/\/mod.wisdar.net\/tr\/urun\/airtech-nba-new-york-knicks-straight-fit-pantolon\/","title":{"rendered":"Airtech NBA New York Knicks Straight Fit Pantolon"},"content":{"rendered":"<p>Arad\u0131\u011f\u0131n\u0131z Gri Kad\u0131n Airtech NBA New York Knicks Straight Fit Pantolon en uygun fiyatla DeFacto&#8217;da! Yeni sezon Gri Kad\u0131n Airtech NBA New York Knicks Straight Fit Pantolon i\u00e7in hemen DeFacto&#8217;ya t\u0131klay\u0131n!<\/p>\n<p>\u2014 Teknik Detaylar \u2014<br \/>\nCep ve Fermuar Detay\u0131: Cepli<br \/>\nKal\u0131p: Straight Fit<br \/>\nKullan\u0131m Alan\u0131: G\u00fcnl\u00fck Giyim<br \/>\nLisans Bilgisi: NBA New York Knicks<br \/>\nKuma\u015f: Sweatshirt Kuma\u015f\u0131<\/p>\n","protected":false},"excerpt":{"rendered":"<p>Arad\u0131\u011f\u0131n\u0131z Gri Kad\u0131n Airtech NBA New York Knicks Straight Fit Pantolon en uygun fiyatla DeFacto&#8217;da! Yeni sezon Gri Kad\u0131n Airtech NBA New York Knicks Straight Fit Pantolon i\u00e7in hemen DeFacto&#8217;ya t\u0131klay\u0131n! \u2014 Teknik Detaylar \u2014 Cep ve Fermuar Detay\u0131: Cepli Kal\u0131p: Straight Fit Kullan\u0131m Alan\u0131: G\u00fcnl\u00fck Giyim Lisans Bilgisi: NBA New York Knicks Kuma\u015f: Sweatshirt [&hellip;]<\/p>\n","protected":false},"featured_media":206365,"comment_status":"open","ping_status":"closed","template":"","meta":[],"product_brand":[],"product_cat":[6954,6948],"product_tag":[12527,12523,12521,12525],"class_list":{"0":"post-206373","1":"product","2":"type-product","3":"status-publish","4":"has-post-thumbnail","6":"product_cat-alt-vucut-alt-giyim","7":"product_cat-spor-giyim","8":"product_tag-airtech-nba-new-york-knicks-straight-fit-pantolon","9":"product_tag-gri-airtech-nba-new-york-knicks-straight-fit-pantolon","10":"product_tag-gri-kadin-airtech-nba-new-york-knicks-straight-fit-pantolon","11":"product_tag-kadin-airtech-nba-new-york-knicks-straight-fit-pantolon","12":"pa_brand-defacto","13":"pa_color-gri-melanj","14":"pa_size-l","15":"pa_size-m","16":"pa_size-s","17":"pa_size-xl","18":"pa_size-xs","19":"pa_size-xxl","21":"first","22":"instock","23":"shipping-taxable","24":"purchasable","25":"product-type-variable"},"_links":{"self":[{"href":"https:\/\/mod.wisdar.net\/tr\/wp-json\/wp\/v2\/product\/206373","targetHints":{"allow":["GET"]}}],"collection":[{"href":"https:\/\/mod.wisdar.net\/tr\/wp-json\/wp\/v2\/product"}],"about":[{"href":"https:\/\/mod.wisdar.net\/tr\/wp-json\/wp\/v2\/types\/product"}],"replies":[{"embeddable":true,"href":"https:\/\/mod.wisdar.net\/tr\/wp-json\/wp\/v2\/comments?post=206373"}],"wp:featuredmedia":[{"embeddable":true,"href":"https:\/\/mod.wisdar.net\/tr\/wp-json\/wp\/v2\/media\/206365"}],"wp:attachment":[{"href":"https:\/\/mod.wisdar.net\/tr\/wp-json\/wp\/v2\/media?parent=206373"}],"wp:term":[{"taxonomy":"product_brand","embeddable":true,"href":"https:\/\/mod.wisdar.net\/tr\/wp-json\/wp\/v2\/product_brand?post=206373"},{"taxonomy":"product_cat","embeddable":true,"href":"https:\/\/mod.wisdar.net\/tr\/wp-json\/wp\/v2\/product_cat?post=206373"},{"taxonomy":"product_tag","embeddable":true,"href":"https:\/\/mod.wisdar.net\/tr\/wp-json\/wp\/v2\/product_tag?post=206373"}],"curies":[{"name":"wp","href":"https:\/\/api.w.org\/{rel}","templated":true}]}}