{"id":206389,"date":"2026-04-04T12:13:52","date_gmt":"2026-04-04T12:13:52","guid":{"rendered":"https:\/\/modesthanim.com\/product\/nba-wordmark-oversize-polo-yaka-tisort\/"},"modified":"2026-04-04T12:14:20","modified_gmt":"2026-04-04T12:14:20","slug":"nba-wordmark-oversize-polo-yaka-tisort","status":"publish","type":"product","link":"https:\/\/mod.wisdar.net\/tr\/urun\/nba-wordmark-oversize-polo-yaka-tisort\/","title":{"rendered":"NBA Wordmark Overs\u0131ze Polo Yaka Ti\u015f\u00f6rt"},"content":{"rendered":"<p>\u015e\u0131k ve rahat tasar\u0131m\u0131yla \u00f6ne \u00e7\u0131kan NBA Wordmark Oversize Polo Yaka Ti\u015f\u00f6rt, g\u00fcnl\u00fck stilinize sportif bir dokunu\u015f kat\u0131yor. Oversize kesimi ve klasik polo yaka detay\u0131yla hem konforlu hem trend bir g\u00f6r\u00fcn\u00fcm sunar. Tak\u0131m logolu tasar\u0131m\u0131yla basketbol tutkunlar\u0131 i\u00e7in ideal bir se\u00e7enek.<\/p>\n<p>\u2014 Technical Details \u2014<br \/>\nKol Boyu: K\u0131sa Kollu<br \/>\nKal\u0131p: Overs\u0131ze<br \/>\nRenk: Ekru<br \/>\nKuma\u015f: T\u00fcl<br \/>\nYaka: Polo Yaka<br \/>\nLisans Bilgisi: NBA Wordmark<\/p>\n","protected":false},"excerpt":{"rendered":"<p>\u015e\u0131k ve rahat tasar\u0131m\u0131yla \u00f6ne \u00e7\u0131kan NBA Wordmark Oversize Polo Yaka Ti\u015f\u00f6rt, g\u00fcnl\u00fck stilinize sportif bir dokunu\u015f kat\u0131yor. Oversize kesimi ve klasik polo yaka detay\u0131yla hem konforlu hem trend bir g\u00f6r\u00fcn\u00fcm sunar. Tak\u0131m logolu tasar\u0131m\u0131yla basketbol tutkunlar\u0131 i\u00e7in ideal bir se\u00e7enek. \u2014 Technical Details \u2014 Kol Boyu: K\u0131sa Kollu Kal\u0131p: Overs\u0131ze Renk: Ekru Kuma\u015f: T\u00fcl [&hellip;]<\/p>\n","protected":false},"featured_media":206370,"comment_status":"open","ping_status":"closed","template":"","meta":[],"product_brand":[],"product_cat":[6948,6951],"product_tag":[12522,12520,12526,12524],"class_list":{"0":"post-206389","1":"product","2":"type-product","3":"status-publish","4":"has-post-thumbnail","6":"product_cat-spor-giyim","7":"product_cat-ust-giyim-ustler","8":"product_tag-ecru-nba-wordmark-oversize-polo-collar-t-shirt","9":"product_tag-ecru-women-nba-wordmark-oversize-polo-collar-t-shirt","10":"product_tag-nba-wordmark-oversize-polo-collar-t-shirt","11":"product_tag-women-nba-wordmark-oversize-polo-collar-t-shirt","12":"pa_brand-defacto","13":"pa_color-ekru","14":"pa_size-l","15":"pa_size-m","16":"pa_size-s","17":"pa_size-xl","18":"pa_size-xs","19":"pa_size-xxl","21":"first","22":"instock","23":"shipping-taxable","24":"purchasable","25":"product-type-variable"},"_links":{"self":[{"href":"https:\/\/mod.wisdar.net\/tr\/wp-json\/wp\/v2\/product\/206389","targetHints":{"allow":["GET"]}}],"collection":[{"href":"https:\/\/mod.wisdar.net\/tr\/wp-json\/wp\/v2\/product"}],"about":[{"href":"https:\/\/mod.wisdar.net\/tr\/wp-json\/wp\/v2\/types\/product"}],"replies":[{"embeddable":true,"href":"https:\/\/mod.wisdar.net\/tr\/wp-json\/wp\/v2\/comments?post=206389"}],"wp:featuredmedia":[{"embeddable":true,"href":"https:\/\/mod.wisdar.net\/tr\/wp-json\/wp\/v2\/media\/206370"}],"wp:attachment":[{"href":"https:\/\/mod.wisdar.net\/tr\/wp-json\/wp\/v2\/media?parent=206389"}],"wp:term":[{"taxonomy":"product_brand","embeddable":true,"href":"https:\/\/mod.wisdar.net\/tr\/wp-json\/wp\/v2\/product_brand?post=206389"},{"taxonomy":"product_cat","embeddable":true,"href":"https:\/\/mod.wisdar.net\/tr\/wp-json\/wp\/v2\/product_cat?post=206389"},{"taxonomy":"product_tag","embeddable":true,"href":"https:\/\/mod.wisdar.net\/tr\/wp-json\/wp\/v2\/product_tag?post=206389"}],"curies":[{"name":"wp","href":"https:\/\/api.w.org\/{rel}","templated":true}]}}