{"id":206456,"date":"2026-04-04T12:14:59","date_gmt":"2026-04-04T12:14:59","guid":{"rendered":"https:\/\/modesthanim.com\/product\/airtech-nba-miami-heat-straight-fit-cepli-pantolon\/"},"modified":"2026-04-04T12:15:26","modified_gmt":"2026-04-04T12:15:26","slug":"airtech-nba-miami-heat-straight-fit-cepli-pantolon","status":"publish","type":"product","link":"https:\/\/mod.wisdar.net\/tr\/urun\/airtech-nba-miami-heat-straight-fit-cepli-pantolon\/","title":{"rendered":"A\u0131rtech NBA M\u0131am\u0131 Heat Stra\u0131ght F\u0131t Cepli Pantolon"},"content":{"rendered":"<p>Arad\u0131\u011f\u0131n Antrasit Kad\u0131n A\u0131rtech NBA M\u0131am\u0131 Heat Stra\u0131ght F\u0131t Cepli Pantolon en uygun fiyatla DeFacto&#8217;da! Yeni sezon Antrasit Kad\u0131n A\u0131rtech NBA M\u0131am\u0131 Heat Stra\u0131ght F\u0131t Cepli Pantolon i\u00e7in hemen DeFacto&#8217;ya t\u0131kla!<\/p>\n<p>\u2014 Technical Details \u2014<br \/>\nKullan\u0131m Alan\u0131: G\u00fcnl\u00fck Giyim<br \/>\nKal\u0131p: Stra\u0131ght F\u0131t<br \/>\nLisans Bilgisi: NBA M\u0131am\u0131 Heat<br \/>\nCep ve Fermuar Detay\u0131: Cepli<br \/>\nKuma\u015f: Sweatshirt Kuma\u015f\u0131<br \/>\nMarka: Defacto<br \/>\nMen\u015fei: TR<br \/>\n\u00dcr\u00fcn Grubu: Kad\u0131n E\u015fofman Alt\u0131<br \/>\nModelin \u00d6l\u00e7\u00fcleri: S Beden \u2013 1,78cm \u2013 82\/60\/88<br \/>\nNumune Bedeni: S<\/p>\n","protected":false},"excerpt":{"rendered":"<p>Arad\u0131\u011f\u0131n Antrasit Kad\u0131n A\u0131rtech NBA M\u0131am\u0131 Heat Stra\u0131ght F\u0131t Cepli Pantolon en uygun fiyatla DeFacto&#8217;da! Yeni sezon Antrasit Kad\u0131n A\u0131rtech NBA M\u0131am\u0131 Heat Stra\u0131ght F\u0131t Cepli Pantolon i\u00e7in hemen DeFacto&#8217;ya t\u0131kla! \u2014 Technical Details \u2014 Kullan\u0131m Alan\u0131: G\u00fcnl\u00fck Giyim Kal\u0131p: Stra\u0131ght F\u0131t Lisans Bilgisi: NBA M\u0131am\u0131 Heat Cep ve Fermuar Detay\u0131: Cepli Kuma\u015f: Sweatshirt Kuma\u015f\u0131 [&hellip;]<\/p>\n","protected":false},"featured_media":206447,"comment_status":"open","ping_status":"closed","template":"","meta":[],"product_brand":[],"product_cat":[6954,6948],"product_tag":[12531,12529,12528,12530],"class_list":{"0":"post-206456","1":"product","2":"type-product","3":"status-publish","4":"has-post-thumbnail","6":"product_cat-alt-vucut-alt-giyim","7":"product_cat-spor-giyim","8":"product_tag-airtech-nba-miami-heat-straight-fit-pocketed-pants","9":"product_tag-anthracite-airtech-nba-miami-heat-straight-fit-pocketed-pants","10":"product_tag-anthracite-womens-airtech-nba-miami-heat-straight-fit-pocketed-pants","11":"product_tag-womens-airtech-nba-miami-heat-straight-fit-pocketed-pants","12":"pa_brand-defacto","13":"pa_color-antrasit","14":"pa_size-l","15":"pa_size-m","16":"pa_size-s","17":"pa_size-xl","18":"pa_size-xs","19":"pa_size-xxl","21":"first","22":"instock","23":"shipping-taxable","24":"purchasable","25":"product-type-variable"},"_links":{"self":[{"href":"https:\/\/mod.wisdar.net\/tr\/wp-json\/wp\/v2\/product\/206456","targetHints":{"allow":["GET"]}}],"collection":[{"href":"https:\/\/mod.wisdar.net\/tr\/wp-json\/wp\/v2\/product"}],"about":[{"href":"https:\/\/mod.wisdar.net\/tr\/wp-json\/wp\/v2\/types\/product"}],"replies":[{"embeddable":true,"href":"https:\/\/mod.wisdar.net\/tr\/wp-json\/wp\/v2\/comments?post=206456"}],"wp:featuredmedia":[{"embeddable":true,"href":"https:\/\/mod.wisdar.net\/tr\/wp-json\/wp\/v2\/media\/206447"}],"wp:attachment":[{"href":"https:\/\/mod.wisdar.net\/tr\/wp-json\/wp\/v2\/media?parent=206456"}],"wp:term":[{"taxonomy":"product_brand","embeddable":true,"href":"https:\/\/mod.wisdar.net\/tr\/wp-json\/wp\/v2\/product_brand?post=206456"},{"taxonomy":"product_cat","embeddable":true,"href":"https:\/\/mod.wisdar.net\/tr\/wp-json\/wp\/v2\/product_cat?post=206456"},{"taxonomy":"product_tag","embeddable":true,"href":"https:\/\/mod.wisdar.net\/tr\/wp-json\/wp\/v2\/product_tag?post=206456"}],"curies":[{"name":"wp","href":"https:\/\/api.w.org\/{rel}","templated":true}]}}