{"id":206494,"date":"2026-04-04T12:15:22","date_gmt":"2026-04-04T12:15:22","guid":{"rendered":"https:\/\/modesthanim.com\/product\/standart-fit-skuba-dalgic-kumas\/"},"modified":"2026-04-04T12:15:53","modified_gmt":"2026-04-04T12:15:53","slug":"standart-fit-skuba-dalgic-kumas","status":"publish","type":"product","link":"https:\/\/mod.wisdar.net\/tr\/urun\/standart-fit-skuba-dalgic-kumas\/","title":{"rendered":"Standart F\u0131t Skuba Dalg\u0131\u00e7 Kuma\u015f"},"content":{"rendered":"<p>Arad\u0131\u011f\u0131n Lacivert Kad\u0131n Standart F\u0131t Skuba Dalg\u0131\u00e7 Kuma\u015f en uygun fiyatla DeFacto&#8217;da! Yeni sezon Lacivert Kad\u0131n Standart F\u0131t Skuba Dalg\u0131\u00e7 Kuma\u015f i\u00e7in hemen DeFacto&#8217;ya t\u0131kla!<\/p>\n<p>\u2014 Technical Details \u2014<br \/>\nKuma\u015f: Skuba Dalg\u0131\u00e7 Kuma\u015f<br \/>\nYaka: Dik Yaka<br \/>\n\u00dcr\u00fcn Y\u00fcksekli\u011fi: 150<br \/>\nKol Boyu: Uzun Kollu<br \/>\nYa\u015fam Tarz\u0131: Sporcu<br \/>\nKal\u0131p: Standart F\u0131t<br \/>\nRenk: Lacivert<br \/>\nModel \u00d6l\u00e7\u00fcleri: S Beden \u2013 1,78cm \u2013 82\/60\/88<br \/>\nMarka: Defacto<br \/>\nMen\u015fei: CN<br \/>\n\u00dcr\u00fcn Grubu: Kad\u0131n Sweatshirt<\/p>\n","protected":false},"excerpt":{"rendered":"<p>Arad\u0131\u011f\u0131n Lacivert Kad\u0131n Standart F\u0131t Skuba Dalg\u0131\u00e7 Kuma\u015f en uygun fiyatla DeFacto&#8217;da! Yeni sezon Lacivert Kad\u0131n Standart F\u0131t Skuba Dalg\u0131\u00e7 Kuma\u015f i\u00e7in hemen DeFacto&#8217;ya t\u0131kla! \u2014 Technical Details \u2014 Kuma\u015f: Skuba Dalg\u0131\u00e7 Kuma\u015f Yaka: Dik Yaka \u00dcr\u00fcn Y\u00fcksekli\u011fi: 150 Kol Boyu: Uzun Kollu Ya\u015fam Tarz\u0131: Sporcu Kal\u0131p: Standart F\u0131t Renk: Lacivert Model \u00d6l\u00e7\u00fcleri: S Beden [&hellip;]<\/p>\n","protected":false},"featured_media":206485,"comment_status":"open","ping_status":"closed","template":"","meta":[],"product_brand":[],"product_cat":[6948,6951],"product_tag":[12533,12532,12535,12534],"class_list":{"0":"post-206494","1":"product","2":"type-product","3":"status-publish","4":"has-post-thumbnail","6":"product_cat-spor-giyim","7":"product_cat-ust-giyim-ustler","8":"product_tag-navy-blue-standard-fit-scuba-diving-fabric","9":"product_tag-navy-blue-women-standard-fit-scuba-diving-fabric","10":"product_tag-standard-fit-scuba-diving-fabric","11":"product_tag-women-standard-fit-scuba-diving-fabric","12":"pa_brand-defacto","13":"pa_color-lacivert","14":"pa_size-l","15":"pa_size-m","16":"pa_size-s","17":"pa_size-xl","18":"pa_size-xs","19":"pa_size-xxl","21":"first","22":"instock","23":"shipping-taxable","24":"purchasable","25":"product-type-variable"},"_links":{"self":[{"href":"https:\/\/mod.wisdar.net\/tr\/wp-json\/wp\/v2\/product\/206494","targetHints":{"allow":["GET"]}}],"collection":[{"href":"https:\/\/mod.wisdar.net\/tr\/wp-json\/wp\/v2\/product"}],"about":[{"href":"https:\/\/mod.wisdar.net\/tr\/wp-json\/wp\/v2\/types\/product"}],"replies":[{"embeddable":true,"href":"https:\/\/mod.wisdar.net\/tr\/wp-json\/wp\/v2\/comments?post=206494"}],"wp:featuredmedia":[{"embeddable":true,"href":"https:\/\/mod.wisdar.net\/tr\/wp-json\/wp\/v2\/media\/206485"}],"wp:attachment":[{"href":"https:\/\/mod.wisdar.net\/tr\/wp-json\/wp\/v2\/media?parent=206494"}],"wp:term":[{"taxonomy":"product_brand","embeddable":true,"href":"https:\/\/mod.wisdar.net\/tr\/wp-json\/wp\/v2\/product_brand?post=206494"},{"taxonomy":"product_cat","embeddable":true,"href":"https:\/\/mod.wisdar.net\/tr\/wp-json\/wp\/v2\/product_cat?post=206494"},{"taxonomy":"product_tag","embeddable":true,"href":"https:\/\/mod.wisdar.net\/tr\/wp-json\/wp\/v2\/product_tag?post=206494"}],"curies":[{"name":"wp","href":"https:\/\/api.w.org\/{rel}","templated":true}]}}