{"id":206553,"date":"2026-04-04T12:16:14","date_gmt":"2026-04-04T12:16:14","guid":{"rendered":"https:\/\/modesthanim.com\/product\/oversize-sporcu-modal-tisort\/"},"modified":"2026-04-04T12:16:39","modified_gmt":"2026-04-04T12:16:39","slug":"oversize-sporcu-modal-tisort","status":"publish","type":"product","link":"https:\/\/mod.wisdar.net\/tr\/urun\/oversize-sporcu-modal-tisort\/","title":{"rendered":"Overs\u0131ze Sporcu Modal Ti\u015f\u00f6rt"},"content":{"rendered":"<p>Rahat oversize kesimi ve yumu\u015fak modal kuma\u015f\u0131yla oversize sporcu modal ti\u015f\u00f6rt, spor ve g\u00fcnl\u00fck kombinler i\u00e7in ideal bir se\u00e7imdir. Hafif ve nefes alabilir yap\u0131s\u0131yla g\u00fcn boyu konfor sa\u011flar.<\/p>\n","protected":false},"excerpt":{"rendered":"<p>Rahat oversize kesimi ve yumu\u015fak modal kuma\u015f\u0131yla oversize sporcu modal ti\u015f\u00f6rt, spor ve g\u00fcnl\u00fck kombinler i\u00e7in ideal bir se\u00e7imdir. Hafif ve nefes alabilir yap\u0131s\u0131yla g\u00fcn boyu konfor sa\u011flar.<\/p>\n","protected":false},"featured_media":206540,"comment_status":"open","ping_status":"closed","template":"","meta":[],"product_brand":[],"product_cat":[6948,6951],"product_tag":[7426,7376,7423],"class_list":{"0":"post-206553","1":"product","2":"type-product","3":"status-publish","4":"has-post-thumbnail","6":"product_cat-spor-giyim","7":"product_cat-ust-giyim-ustler","8":"product_tag-gunluk-giyim-3","9":"product_tag-modal","10":"product_tag-oversize-2","11":"pa_brand-defacto","12":"pa_color-koyu-haki","13":"pa_size-l","14":"pa_size-m","15":"pa_size-s","16":"pa_size-xl","17":"pa_size-xs","18":"pa_size-xxl","20":"first","21":"instock","22":"shipping-taxable","23":"purchasable","24":"product-type-variable"},"_links":{"self":[{"href":"https:\/\/mod.wisdar.net\/tr\/wp-json\/wp\/v2\/product\/206553","targetHints":{"allow":["GET"]}}],"collection":[{"href":"https:\/\/mod.wisdar.net\/tr\/wp-json\/wp\/v2\/product"}],"about":[{"href":"https:\/\/mod.wisdar.net\/tr\/wp-json\/wp\/v2\/types\/product"}],"replies":[{"embeddable":true,"href":"https:\/\/mod.wisdar.net\/tr\/wp-json\/wp\/v2\/comments?post=206553"}],"wp:featuredmedia":[{"embeddable":true,"href":"https:\/\/mod.wisdar.net\/tr\/wp-json\/wp\/v2\/media\/206540"}],"wp:attachment":[{"href":"https:\/\/mod.wisdar.net\/tr\/wp-json\/wp\/v2\/media?parent=206553"}],"wp:term":[{"taxonomy":"product_brand","embeddable":true,"href":"https:\/\/mod.wisdar.net\/tr\/wp-json\/wp\/v2\/product_brand?post=206553"},{"taxonomy":"product_cat","embeddable":true,"href":"https:\/\/mod.wisdar.net\/tr\/wp-json\/wp\/v2\/product_cat?post=206553"},{"taxonomy":"product_tag","embeddable":true,"href":"https:\/\/mod.wisdar.net\/tr\/wp-json\/wp\/v2\/product_tag?post=206553"}],"curies":[{"name":"wp","href":"https:\/\/api.w.org\/{rel}","templated":true}]}}