{"id":206593,"date":"2026-04-04T12:16:39","date_gmt":"2026-04-04T12:16:39","guid":{"rendered":"https:\/\/modesthanim.com\/product\/standart-fit-dik-yaka-sporcu-tisort\/"},"modified":"2026-04-04T12:17:05","modified_gmt":"2026-04-04T12:17:05","slug":"standart-fit-dik-yaka-sporcu-tisort","status":"publish","type":"product","link":"https:\/\/mod.wisdar.net\/tr\/urun\/standart-fit-dik-yaka-sporcu-tisort\/","title":{"rendered":"Standart Fit Dik Yaka Sporcu Ti\u015f\u00f6rt"},"content":{"rendered":"<p>Rahat ve \u015f\u0131k bir kullan\u0131m sunan Standart Fit Dik Yaka Sporcu Ti\u015f\u00f6rt, dik yaka detay\u0131yla modern bir g\u00f6r\u00fcn\u00fcm sa\u011flar. G\u00fcnl\u00fck spor ve aktif ya\u015fam kombinleri i\u00e7in ideal bir tercih.<\/p>\n<p>\u2014 Technical Details \u2014<br \/>\nKapama Detay\u0131: Fermuarl\u0131<br \/>\nKullan\u0131m Alan\u0131: Ko\u015fu &amp; Antrenman<br \/>\nKal\u0131p: Standart F\u0131t<br \/>\nRenk: Ekru<br \/>\nYa\u015fam Tarz\u0131: Sporcu<br \/>\nKol Boyu: Uzun Kollu<br \/>\nYaka: Dik Yaka<br \/>\nMarka: Defacto<br \/>\nMen\u015fei: CN<br \/>\n\u00dcr\u00fcn Grubu: Kad\u0131n Ti\u015f\u00f6rt<\/p>\n","protected":false},"excerpt":{"rendered":"<p>Rahat ve \u015f\u0131k bir kullan\u0131m sunan Standart Fit Dik Yaka Sporcu Ti\u015f\u00f6rt, dik yaka detay\u0131yla modern bir g\u00f6r\u00fcn\u00fcm sa\u011flar. G\u00fcnl\u00fck spor ve aktif ya\u015fam kombinleri i\u00e7in ideal bir tercih. \u2014 Technical Details \u2014 Kapama Detay\u0131: Fermuarl\u0131 Kullan\u0131m Alan\u0131: Ko\u015fu &amp; Antrenman Kal\u0131p: Standart F\u0131t Renk: Ekru Ya\u015fam Tarz\u0131: Sporcu Kol Boyu: Uzun Kollu Yaka: Dik [&hellip;]<\/p>\n","protected":false},"featured_media":206581,"comment_status":"open","ping_status":"closed","template":"","meta":[],"product_brand":[],"product_cat":[6948,6951],"product_tag":[7638,8118,8110,8089,7357],"class_list":{"0":"post-206593","1":"product","2":"type-product","3":"status-publish","4":"has-post-thumbnail","6":"product_cat-spor-giyim","7":"product_cat-ust-giyim-ustler","8":"product_tag-aktif-giyim","9":"product_tag-atletik-t-shirt","10":"product_tag-bisiklet-yaka-2","11":"product_tag-kadin-spor-giyim-2","12":"product_tag-standart-kalip","13":"pa_brand-defacto","14":"pa_color-ekru","15":"pa_size-l","16":"pa_size-m","17":"pa_size-s","18":"pa_size-xl","19":"pa_size-xs","20":"pa_size-xxl","22":"first","23":"instock","24":"shipping-taxable","25":"purchasable","26":"product-type-variable"},"_links":{"self":[{"href":"https:\/\/mod.wisdar.net\/tr\/wp-json\/wp\/v2\/product\/206593","targetHints":{"allow":["GET"]}}],"collection":[{"href":"https:\/\/mod.wisdar.net\/tr\/wp-json\/wp\/v2\/product"}],"about":[{"href":"https:\/\/mod.wisdar.net\/tr\/wp-json\/wp\/v2\/types\/product"}],"replies":[{"embeddable":true,"href":"https:\/\/mod.wisdar.net\/tr\/wp-json\/wp\/v2\/comments?post=206593"}],"wp:featuredmedia":[{"embeddable":true,"href":"https:\/\/mod.wisdar.net\/tr\/wp-json\/wp\/v2\/media\/206581"}],"wp:attachment":[{"href":"https:\/\/mod.wisdar.net\/tr\/wp-json\/wp\/v2\/media?parent=206593"}],"wp:term":[{"taxonomy":"product_brand","embeddable":true,"href":"https:\/\/mod.wisdar.net\/tr\/wp-json\/wp\/v2\/product_brand?post=206593"},{"taxonomy":"product_cat","embeddable":true,"href":"https:\/\/mod.wisdar.net\/tr\/wp-json\/wp\/v2\/product_cat?post=206593"},{"taxonomy":"product_tag","embeddable":true,"href":"https:\/\/mod.wisdar.net\/tr\/wp-json\/wp\/v2\/product_tag?post=206593"}],"curies":[{"name":"wp","href":"https:\/\/api.w.org\/{rel}","templated":true}]}}