{"id":206650,"date":"2026-04-04T12:17:31","date_gmt":"2026-04-04T12:17:31","guid":{"rendered":"https:\/\/modesthanim.com\/product\/genis-paca-cepli-modal-sporcu-pantolon\/"},"modified":"2026-04-04T12:17:53","modified_gmt":"2026-04-04T12:17:53","slug":"genis-paca-cepli-modal-sporcu-pantolon","status":"publish","type":"product","link":"https:\/\/mod.wisdar.net\/tr\/urun\/genis-paca-cepli-modal-sporcu-pantolon\/","title":{"rendered":"Geni\u015f Pa\u00e7a Cepli Modal Sporcu Pantolon"},"content":{"rendered":"<p>Arad\u0131\u011f\u0131n\u0131z Siyah Kad\u0131n Geni\u015f Pa\u00e7a Pantolon en uygun fiyatla DeFacto&#8217;da! Yeni sezon Siyah Kad\u0131n Geni\u015f Pa\u00e7a Pantolon i\u00e7in hemen DeFacto&#8217;ya t\u0131klay\u0131n!<\/p>\n<p>\u2014 Teknik Detaylar \u2014<br \/>\nCep ve Fermuar Detay\u0131: Cepli<br \/>\nYa\u015fam Tarz\u0131: Sporcu<br \/>\nKal\u0131p: Geni\u015f Pa\u00e7a<br \/>\nKuma\u015f: Modal<br \/>\nKullan\u0131m Alan\u0131: G\u00fcnl\u00fck Giyim<br \/>\nRenk: Siyah<br \/>\nPa\u00e7a Detay: Geni\u015f Pa\u00e7a<\/p>\n","protected":false},"excerpt":{"rendered":"<p>Arad\u0131\u011f\u0131n\u0131z Siyah Kad\u0131n Geni\u015f Pa\u00e7a Pantolon en uygun fiyatla DeFacto&#8217;da! Yeni sezon Siyah Kad\u0131n Geni\u015f Pa\u00e7a Pantolon i\u00e7in hemen DeFacto&#8217;ya t\u0131klay\u0131n! \u2014 Teknik Detaylar \u2014 Cep ve Fermuar Detay\u0131: Cepli Ya\u015fam Tarz\u0131: Sporcu Kal\u0131p: Geni\u015f Pa\u00e7a Kuma\u015f: Modal Kullan\u0131m Alan\u0131: G\u00fcnl\u00fck Giyim Renk: Siyah Pa\u00e7a Detay: Geni\u015f Pa\u00e7a<\/p>\n","protected":false},"featured_media":206633,"comment_status":"open","ping_status":"closed","template":"","meta":[],"product_brand":[],"product_cat":[6954,6948],"product_tag":[12505,12538,12539,12506],"class_list":{"0":"post-206650","1":"product","2":"type-product","3":"status-publish","4":"has-post-thumbnail","6":"product_cat-alt-vucut-alt-giyim","7":"product_cat-spor-giyim","8":"product_tag-kadin-wide-leg-pantolon","9":"product_tag-siyah-kadin-wide-leg-pantolon","10":"product_tag-siyah-wide-leg-pantolon","11":"product_tag-wide-leg-pantolon","12":"pa_brand-defacto","13":"pa_color-siyah","14":"pa_size-l","15":"pa_size-m","16":"pa_size-s","18":"first","19":"instock","20":"sale","21":"shipping-taxable","22":"purchasable","23":"product-type-variable"},"_links":{"self":[{"href":"https:\/\/mod.wisdar.net\/tr\/wp-json\/wp\/v2\/product\/206650","targetHints":{"allow":["GET"]}}],"collection":[{"href":"https:\/\/mod.wisdar.net\/tr\/wp-json\/wp\/v2\/product"}],"about":[{"href":"https:\/\/mod.wisdar.net\/tr\/wp-json\/wp\/v2\/types\/product"}],"replies":[{"embeddable":true,"href":"https:\/\/mod.wisdar.net\/tr\/wp-json\/wp\/v2\/comments?post=206650"}],"wp:featuredmedia":[{"embeddable":true,"href":"https:\/\/mod.wisdar.net\/tr\/wp-json\/wp\/v2\/media\/206633"}],"wp:attachment":[{"href":"https:\/\/mod.wisdar.net\/tr\/wp-json\/wp\/v2\/media?parent=206650"}],"wp:term":[{"taxonomy":"product_brand","embeddable":true,"href":"https:\/\/mod.wisdar.net\/tr\/wp-json\/wp\/v2\/product_brand?post=206650"},{"taxonomy":"product_cat","embeddable":true,"href":"https:\/\/mod.wisdar.net\/tr\/wp-json\/wp\/v2\/product_cat?post=206650"},{"taxonomy":"product_tag","embeddable":true,"href":"https:\/\/mod.wisdar.net\/tr\/wp-json\/wp\/v2\/product_tag?post=206650"}],"curies":[{"name":"wp","href":"https:\/\/api.w.org\/{rel}","templated":true}]}}