{"id":206667,"date":"2026-04-04T12:17:43","date_gmt":"2026-04-04T12:17:43","guid":{"rendered":"https:\/\/modesthanim.com\/product\/genis-paca-pantolon-2\/"},"modified":"2026-04-04T12:18:04","modified_gmt":"2026-04-04T12:18:04","slug":"genis-paca-pantolon-2","status":"publish","type":"product","link":"https:\/\/mod.wisdar.net\/tr\/urun\/genis-paca-pantolon-2\/","title":{"rendered":"Geni\u015f Pa\u00e7a Pantolon"},"content":{"rendered":"<p>Arad\u0131\u011f\u0131n Lacivert Kad\u0131n Geni\u015f Pa\u00e7a Pantolon en uygun fiyatla DeFacto&#8217;da! Yeni sezon Lacivert Kad\u0131n Geni\u015f Pa\u00e7a Pantolon i\u00e7in hemen DeFacto&#8217;ya t\u0131kla!<\/p>\n<p>\u2014 Teknik Detaylar \u2014<br \/>\nKuma\u015f: Modal<br \/>\nKal\u0131p: Geni\u015f Pa\u00e7a<br \/>\nYa\u015fam Tarz\u0131: Sporcu<br \/>\nRenk: Lacivert<br \/>\nKullan\u0131m Alan\u0131: G\u00fcnl\u00fck Giyim<br \/>\nPa\u00e7a Detay: Geni\u015f Pa\u00e7a<br \/>\nCep ve Fermuar Detay\u0131: Cepli<br \/>\nMarka: Defacto<br \/>\nMen\u015fei: CN<br \/>\n\u00dcr\u00fcn Grubu: Kad\u0131n E\u015fofman Alt\u0131<br \/>\nModelin \u00d6l\u00e7\u00fcleri: M Beden \u2013 1,78cm \u2013 82\/60\/88<br \/>\nNumune Bedeni: M<\/p>\n","protected":false},"excerpt":{"rendered":"<p>Arad\u0131\u011f\u0131n Lacivert Kad\u0131n Geni\u015f Pa\u00e7a Pantolon en uygun fiyatla DeFacto&#8217;da! Yeni sezon Lacivert Kad\u0131n Geni\u015f Pa\u00e7a Pantolon i\u00e7in hemen DeFacto&#8217;ya t\u0131kla! \u2014 Teknik Detaylar \u2014 Kuma\u015f: Modal Kal\u0131p: Geni\u015f Pa\u00e7a Ya\u015fam Tarz\u0131: Sporcu Renk: Lacivert Kullan\u0131m Alan\u0131: G\u00fcnl\u00fck Giyim Pa\u00e7a Detay: Geni\u015f Pa\u00e7a Cep ve Fermuar Detay\u0131: Cepli Marka: Defacto Men\u015fei: CN \u00dcr\u00fcn Grubu: Kad\u0131n [&hellip;]<\/p>\n","protected":false},"featured_media":206657,"comment_status":"open","ping_status":"closed","template":"","meta":[],"product_brand":[],"product_cat":[6954,6948],"product_tag":[12505,12503,12504,12506],"class_list":{"0":"post-206667","1":"product","2":"type-product","3":"status-publish","4":"has-post-thumbnail","6":"product_cat-alt-vucut-alt-giyim","7":"product_cat-spor-giyim","8":"product_tag-kadin-wide-leg-pantolon","9":"product_tag-lacivert-kadin-wide-leg-pantolon","10":"product_tag-lacivert-wide-leg-pantolon","11":"product_tag-wide-leg-pantolon","12":"pa_brand-defacto","13":"pa_color-lacivert","14":"pa_size-l","15":"pa_size-m","16":"pa_size-s","17":"pa_size-xl","18":"pa_size-xs","20":"first","21":"instock","22":"sale","23":"shipping-taxable","24":"purchasable","25":"product-type-variable"},"_links":{"self":[{"href":"https:\/\/mod.wisdar.net\/tr\/wp-json\/wp\/v2\/product\/206667","targetHints":{"allow":["GET"]}}],"collection":[{"href":"https:\/\/mod.wisdar.net\/tr\/wp-json\/wp\/v2\/product"}],"about":[{"href":"https:\/\/mod.wisdar.net\/tr\/wp-json\/wp\/v2\/types\/product"}],"replies":[{"embeddable":true,"href":"https:\/\/mod.wisdar.net\/tr\/wp-json\/wp\/v2\/comments?post=206667"}],"wp:featuredmedia":[{"embeddable":true,"href":"https:\/\/mod.wisdar.net\/tr\/wp-json\/wp\/v2\/media\/206657"}],"wp:attachment":[{"href":"https:\/\/mod.wisdar.net\/tr\/wp-json\/wp\/v2\/media?parent=206667"}],"wp:term":[{"taxonomy":"product_brand","embeddable":true,"href":"https:\/\/mod.wisdar.net\/tr\/wp-json\/wp\/v2\/product_brand?post=206667"},{"taxonomy":"product_cat","embeddable":true,"href":"https:\/\/mod.wisdar.net\/tr\/wp-json\/wp\/v2\/product_cat?post=206667"},{"taxonomy":"product_tag","embeddable":true,"href":"https:\/\/mod.wisdar.net\/tr\/wp-json\/wp\/v2\/product_tag?post=206667"}],"curies":[{"name":"wp","href":"https:\/\/api.w.org\/{rel}","templated":true}]}}