{"id":206809,"date":"2026-04-04T14:45:38","date_gmt":"2026-04-04T14:45:38","guid":{"rendered":"https:\/\/modesthanim.com\/product\/karisik-3lu-pamuklu-erkek-cocuk-boxer\/"},"modified":"2026-04-11T15:02:23","modified_gmt":"2026-04-11T15:02:23","slug":"karisik-3lu-pamuklu-erkek-cocuk-boxer","status":"publish","type":"product","link":"https:\/\/mod.wisdar.net\/tr\/urun\/karisik-3lu-pamuklu-erkek-cocuk-boxer\/","title":{"rendered":"Kar\u0131\u015f\u0131k 3&#8217;l\u00fc Pamuklu Erkek \u00c7ocuk Boxer"},"content":{"rendered":"<p>LC WAIKIKI Kar\u0131\u015f\u0131k 3&#8217;l\u00fc Pamuklu Erkek \u00c7ocuk Boxer size \u00f6zel indirim, taksit ve kap\u0131da \u00f6deme avantajlar\u0131yla LCW&#8217;de! Hemen online al\u0131\u015fveri\u015f yap, \u00fcr\u00fcn kap\u0131na gelsin! \u2013 S6JT17Z4-F9C<\/p>\n<p>\u2014 Technical Details \u2014<br \/>\nMen\u015fei: Turk\u0131ye<br \/>\nSat\u0131c\u0131: LC Waikiki<br \/>\nMarka: LC WAIKIKI<br \/>\n\u00dcr\u00fcn Tipi: Boxer<br \/>\nCinsiyet: Erkek \u00c7ocuk<br \/>\nKal\u0131p: Standart &amp; Regular<br \/>\nDesen: Bask\u0131l\u0131<br \/>\nPaket \u0130\u00e7eri\u011fi: 3&#8217;l\u00fc Paket<br \/>\nMalzeme: Y\u00fcksek Pamuk \u0130\u00e7erir<br \/>\nPar\u00e7a Say\u0131s\u0131: 3 Par\u00e7a<br \/>\nKal\u0131nl\u0131k: Orta Kal\u0131nl\u0131k<\/p>\n","protected":false},"excerpt":{"rendered":"<p>LC WAIKIKI Kar\u0131\u015f\u0131k 3&#8217;l\u00fc Pamuklu Erkek \u00c7ocuk Boxer size \u00f6zel indirim, taksit ve kap\u0131da \u00f6deme avantajlar\u0131yla LCW&#8217;de! Hemen online al\u0131\u015fveri\u015f yap, \u00fcr\u00fcn kap\u0131na gelsin! \u2013 S6JT17Z4-F9C \u2014 Technical Details \u2014 Men\u015fei: Turk\u0131ye Sat\u0131c\u0131: LC Waikiki Marka: LC WAIKIKI \u00dcr\u00fcn Tipi: Boxer Cinsiyet: Erkek \u00c7ocuk Kal\u0131p: Standart &amp; Regular Desen: Bask\u0131l\u0131 Paket \u0130\u00e7eri\u011fi: 3&#8217;l\u00fc Paket Malzeme: [&hellip;]<\/p>\n","protected":false},"featured_media":206804,"comment_status":"open","ping_status":"closed","template":"","meta":[],"product_brand":[],"product_cat":[8739,8757,8694],"product_tag":[7700],"class_list":{"0":"post-206809","1":"product","2":"type-product","3":"status-publish","4":"has-post-thumbnail","6":"product_cat-erkek-cocuklar-2-14-yas","7":"product_cat-ic-giyim","8":"product_cat-cocuklar","9":"product_tag-lc-waikiki","10":"pa_brand-lc-waikiki","11":"pa_color-karisik","12":"pa_size-11-12-yas","13":"pa_size-13-14-yas","14":"pa_size-7-8-yas","15":"pa_size-9-10-yas","17":"first","18":"instock","19":"sale","20":"shipping-taxable","21":"purchasable","22":"product-type-variable"},"_links":{"self":[{"href":"https:\/\/mod.wisdar.net\/tr\/wp-json\/wp\/v2\/product\/206809","targetHints":{"allow":["GET"]}}],"collection":[{"href":"https:\/\/mod.wisdar.net\/tr\/wp-json\/wp\/v2\/product"}],"about":[{"href":"https:\/\/mod.wisdar.net\/tr\/wp-json\/wp\/v2\/types\/product"}],"replies":[{"embeddable":true,"href":"https:\/\/mod.wisdar.net\/tr\/wp-json\/wp\/v2\/comments?post=206809"}],"wp:featuredmedia":[{"embeddable":true,"href":"https:\/\/mod.wisdar.net\/tr\/wp-json\/wp\/v2\/media\/206804"}],"wp:attachment":[{"href":"https:\/\/mod.wisdar.net\/tr\/wp-json\/wp\/v2\/media?parent=206809"}],"wp:term":[{"taxonomy":"product_brand","embeddable":true,"href":"https:\/\/mod.wisdar.net\/tr\/wp-json\/wp\/v2\/product_brand?post=206809"},{"taxonomy":"product_cat","embeddable":true,"href":"https:\/\/mod.wisdar.net\/tr\/wp-json\/wp\/v2\/product_cat?post=206809"},{"taxonomy":"product_tag","embeddable":true,"href":"https:\/\/mod.wisdar.net\/tr\/wp-json\/wp\/v2\/product_tag?post=206809"}],"curies":[{"name":"wp","href":"https:\/\/api.w.org\/{rel}","templated":true}]}}