{"id":207007,"date":"2026-04-04T14:50:22","date_gmt":"2026-04-04T14:50:22","guid":{"rendered":"https:\/\/modesthanim.com\/product\/mavi-baskili-erkek-cocuk-kulot-3lu\/"},"modified":"2026-04-15T22:01:45","modified_gmt":"2026-04-15T22:01:45","slug":"mavi-baskili-erkek-cocuk-kulot-3lu","status":"publish","type":"product","link":"https:\/\/mod.wisdar.net\/tr\/urun\/mavi-baskili-erkek-cocuk-kulot-3lu\/","title":{"rendered":"Mavi Bask\u0131l\u0131 Erkek \u00c7ocuk K\u00fclot 3&#8217;l\u00fc"},"content":{"rendered":"<p>LCW Kids Mavi Bask\u0131l\u0131 Erkek \u00c7ocuk K\u00fclot 3&#8217;l\u00fc size \u00f6zel indirim, taksit ve kap\u0131da \u00f6deme avantajlar\u0131yla LCW&#8217;de! Hemen online al\u0131\u015fveri\u015f yap, \u00fcr\u00fcn kap\u0131na gelsin! \u2013 S61614Z4-LQL<\/p>\n<p>\u2014 Technical Details \u2014<br \/>\nMaterial: %100 Pamuk<br \/>\nFabric: Penye<br \/>\nPattern: Bask\u0131l\u0131<br \/>\nPackage Content: 3&#8217;l\u00fc Paket<br \/>\nPiece Count: 3 Par\u00e7a<br \/>\nFit: Standart &amp; Regular<br \/>\nOrigin: Banglade\u015f,Turk\u0131ye<br \/>\nProduct Type: K\u00fclot<br \/>\nGender: Erkek \u00c7ocuk<\/p>\n","protected":false},"excerpt":{"rendered":"<p>LCW Kids Mavi Bask\u0131l\u0131 Erkek \u00c7ocuk K\u00fclot 3&#8217;l\u00fc size \u00f6zel indirim, taksit ve kap\u0131da \u00f6deme avantajlar\u0131yla LCW&#8217;de! Hemen online al\u0131\u015fveri\u015f yap, \u00fcr\u00fcn kap\u0131na gelsin! \u2013 S61614Z4-LQL \u2014 Technical Details \u2014 Material: %100 Pamuk Fabric: Penye Pattern: Bask\u0131l\u0131 Package Content: 3&#8217;l\u00fc Paket Piece Count: 3 Par\u00e7a Fit: Standart &amp; Regular Origin: Banglade\u015f,Turk\u0131ye Product Type: K\u00fclot Gender: [&hellip;]<\/p>\n","protected":false},"featured_media":207005,"comment_status":"open","ping_status":"closed","template":"","meta":[],"product_brand":[],"product_cat":[8739,8757,8694],"product_tag":[4579,8022],"class_list":{"0":"post-207007","1":"product","2":"type-product","3":"status-publish","4":"has-post-thumbnail","6":"product_cat-erkek-cocuklar-2-14-yas","7":"product_cat-ic-giyim","8":"product_cat-cocuklar","9":"product_tag-100-cotton","10":"product_tag-baskili-2","11":"pa_brand-lcw-kids","12":"pa_color-mavi","13":"pa_size-11-12-yas","14":"pa_size-13-14-yas","15":"pa_size-7-8-yas","16":"pa_size-9-10-yas","18":"first","19":"instock","20":"sale","21":"shipping-taxable","22":"purchasable","23":"product-type-variable"},"_links":{"self":[{"href":"https:\/\/mod.wisdar.net\/tr\/wp-json\/wp\/v2\/product\/207007","targetHints":{"allow":["GET"]}}],"collection":[{"href":"https:\/\/mod.wisdar.net\/tr\/wp-json\/wp\/v2\/product"}],"about":[{"href":"https:\/\/mod.wisdar.net\/tr\/wp-json\/wp\/v2\/types\/product"}],"replies":[{"embeddable":true,"href":"https:\/\/mod.wisdar.net\/tr\/wp-json\/wp\/v2\/comments?post=207007"}],"wp:featuredmedia":[{"embeddable":true,"href":"https:\/\/mod.wisdar.net\/tr\/wp-json\/wp\/v2\/media\/207005"}],"wp:attachment":[{"href":"https:\/\/mod.wisdar.net\/tr\/wp-json\/wp\/v2\/media?parent=207007"}],"wp:term":[{"taxonomy":"product_brand","embeddable":true,"href":"https:\/\/mod.wisdar.net\/tr\/wp-json\/wp\/v2\/product_brand?post=207007"},{"taxonomy":"product_cat","embeddable":true,"href":"https:\/\/mod.wisdar.net\/tr\/wp-json\/wp\/v2\/product_cat?post=207007"},{"taxonomy":"product_tag","embeddable":true,"href":"https:\/\/mod.wisdar.net\/tr\/wp-json\/wp\/v2\/product_tag?post=207007"}],"curies":[{"name":"wp","href":"https:\/\/api.w.org\/{rel}","templated":true}]}}