{"id":207042,"date":"2026-04-04T14:55:15","date_gmt":"2026-04-04T14:55:15","guid":{"rendered":"https:\/\/modesthanim.com\/product\/boys-erkek-cocuk-3lu-kulot-set-2-10-yas-ekru\/"},"modified":"2026-04-05T10:28:05","modified_gmt":"2026-04-05T10:28:05","slug":"boys-erkek-cocuk-3lu-kulot-set-2-10-yas-ekru","status":"publish","type":"product","link":"https:\/\/mod.wisdar.net\/tr\/urun\/boys-erkek-cocuk-3lu-kulot-set-2-10-yas-ekru\/","title":{"rendered":"Boys Erkek \u00c7ocuk 3&#8217;l\u00fc K\u00fclot Set 2-10 Ya\u015f Ekru"},"content":{"rendered":"<p>Civil Boys Erkek \u00c7ocuk 3&#8217;l\u00fc K\u00fclot Set 2-10 Ya\u015f Ekru size \u00f6zel indirim, taksit ve kap\u0131da \u00f6deme avantajlar\u0131yla LCW&#8217;de! Hemen online al\u0131\u015fveri\u015f yap, \u00fcr\u00fcn kap\u0131na gelsin! \u2013 S000345239-19965<\/p>\n<p>\u2014 Technical Details \u2014<br \/>\nDesen: D\u00fcz<br \/>\nCinsiyet: Erkek \u00c7ocuk<br \/>\n\u00dcr\u00fcn Tipi: K\u00fclot<\/p>\n","protected":false},"excerpt":{"rendered":"<p>Civil Boys Erkek \u00c7ocuk 3&#8217;l\u00fc K\u00fclot Set 2-10 Ya\u015f Ekru size \u00f6zel indirim, taksit ve kap\u0131da \u00f6deme avantajlar\u0131yla LCW&#8217;de! Hemen online al\u0131\u015fveri\u015f yap, \u00fcr\u00fcn kap\u0131na gelsin! \u2013 S000345239-19965 \u2014 Technical Details \u2014 Desen: D\u00fcz Cinsiyet: Erkek \u00c7ocuk \u00dcr\u00fcn Tipi: K\u00fclot<\/p>\n","protected":false},"featured_media":207035,"comment_status":"open","ping_status":"closed","template":"","meta":[],"product_brand":[],"product_cat":[8739,8757,8694],"product_tag":[7808],"class_list":{"0":"post-207042","1":"product","2":"type-product","3":"status-publish","4":"has-post-thumbnail","6":"product_cat-erkek-cocuklar-2-14-yas","7":"product_cat-ic-giyim","8":"product_cat-cocuklar","9":"product_tag-solid","10":"pa_brand-civil","11":"pa_color-ekru","12":"pa_size-10-11-yas","13":"pa_size-4-5-yas","14":"pa_size-6-7-yas","15":"pa_size-8-9-yas","17":"first","18":"instock","19":"sale","20":"shipping-taxable","21":"purchasable","22":"product-type-variable"},"_links":{"self":[{"href":"https:\/\/mod.wisdar.net\/tr\/wp-json\/wp\/v2\/product\/207042","targetHints":{"allow":["GET"]}}],"collection":[{"href":"https:\/\/mod.wisdar.net\/tr\/wp-json\/wp\/v2\/product"}],"about":[{"href":"https:\/\/mod.wisdar.net\/tr\/wp-json\/wp\/v2\/types\/product"}],"replies":[{"embeddable":true,"href":"https:\/\/mod.wisdar.net\/tr\/wp-json\/wp\/v2\/comments?post=207042"}],"wp:featuredmedia":[{"embeddable":true,"href":"https:\/\/mod.wisdar.net\/tr\/wp-json\/wp\/v2\/media\/207035"}],"wp:attachment":[{"href":"https:\/\/mod.wisdar.net\/tr\/wp-json\/wp\/v2\/media?parent=207042"}],"wp:term":[{"taxonomy":"product_brand","embeddable":true,"href":"https:\/\/mod.wisdar.net\/tr\/wp-json\/wp\/v2\/product_brand?post=207042"},{"taxonomy":"product_cat","embeddable":true,"href":"https:\/\/mod.wisdar.net\/tr\/wp-json\/wp\/v2\/product_cat?post=207042"},{"taxonomy":"product_tag","embeddable":true,"href":"https:\/\/mod.wisdar.net\/tr\/wp-json\/wp\/v2\/product_tag?post=207042"}],"curies":[{"name":"wp","href":"https:\/\/api.w.org\/{rel}","templated":true}]}}