{"id":207107,"date":"2026-04-04T14:55:53","date_gmt":"2026-04-04T14:55:53","guid":{"rendered":"https:\/\/modesthanim.com\/product\/boys-erkek-cocuk-2li-kulot-set-2-10-yas-mavi\/"},"modified":"2026-04-05T10:26:36","modified_gmt":"2026-04-05T10:26:36","slug":"boys-erkek-cocuk-2li-kulot-set-2-10-yas-mavi","status":"publish","type":"product","link":"https:\/\/mod.wisdar.net\/tr\/urun\/boys-erkek-cocuk-2li-kulot-set-2-10-yas-mavi\/","title":{"rendered":"Boys Erkek \u00c7ocuk 2&#8217;li K\u00fclot Set 2-10 Ya\u015f Mavi"},"content":{"rendered":"<p>Civil Boys Erkek \u00c7ocuk 2&#8217;li K\u00fclot Set 2-10 Ya\u015f Mavi size \u00f6zel indirim, taksit ve kap\u0131da \u00f6deme avantajlar\u0131yla LCW&#8217;de! Hemen online al\u0131\u015fveri\u015f yap, \u00fcr\u00fcn kap\u0131na gelsin! \u2013 S000316841-17234<\/p>\n<p>\u2014 Technical Details \u2014<br \/>\nDesen: Bask\u0131l\u0131<br \/>\nCinsiyet: Erkek \u00c7ocuk<br \/>\n\u00dcr\u00fcn Tipi: K\u00fclot<\/p>\n","protected":false},"excerpt":{"rendered":"<p>Civil Boys Erkek \u00c7ocuk 2&#8217;li K\u00fclot Set 2-10 Ya\u015f Mavi size \u00f6zel indirim, taksit ve kap\u0131da \u00f6deme avantajlar\u0131yla LCW&#8217;de! Hemen online al\u0131\u015fveri\u015f yap, \u00fcr\u00fcn kap\u0131na gelsin! \u2013 S000316841-17234 \u2014 Technical Details \u2014 Desen: Bask\u0131l\u0131 Cinsiyet: Erkek \u00c7ocuk \u00dcr\u00fcn Tipi: K\u00fclot<\/p>\n","protected":false},"featured_media":207101,"comment_status":"open","ping_status":"closed","template":"","meta":[],"product_brand":[],"product_cat":[8739,8757,8694],"product_tag":[],"class_list":{"0":"post-207107","1":"product","2":"type-product","3":"status-publish","4":"has-post-thumbnail","6":"product_cat-erkek-cocuklar-2-14-yas","7":"product_cat-ic-giyim","8":"product_cat-cocuklar","9":"pa_brand-civil","10":"pa_color-mavi","11":"pa_size-10-11-yas","12":"pa_size-4-5-yas","13":"pa_size-6-7-yas","14":"pa_size-8-9-yas","16":"first","17":"instock","18":"sale","19":"shipping-taxable","20":"purchasable","21":"product-type-variable"},"_links":{"self":[{"href":"https:\/\/mod.wisdar.net\/tr\/wp-json\/wp\/v2\/product\/207107","targetHints":{"allow":["GET"]}}],"collection":[{"href":"https:\/\/mod.wisdar.net\/tr\/wp-json\/wp\/v2\/product"}],"about":[{"href":"https:\/\/mod.wisdar.net\/tr\/wp-json\/wp\/v2\/types\/product"}],"replies":[{"embeddable":true,"href":"https:\/\/mod.wisdar.net\/tr\/wp-json\/wp\/v2\/comments?post=207107"}],"wp:featuredmedia":[{"embeddable":true,"href":"https:\/\/mod.wisdar.net\/tr\/wp-json\/wp\/v2\/media\/207101"}],"wp:attachment":[{"href":"https:\/\/mod.wisdar.net\/tr\/wp-json\/wp\/v2\/media?parent=207107"}],"wp:term":[{"taxonomy":"product_brand","embeddable":true,"href":"https:\/\/mod.wisdar.net\/tr\/wp-json\/wp\/v2\/product_brand?post=207107"},{"taxonomy":"product_cat","embeddable":true,"href":"https:\/\/mod.wisdar.net\/tr\/wp-json\/wp\/v2\/product_cat?post=207107"},{"taxonomy":"product_tag","embeddable":true,"href":"https:\/\/mod.wisdar.net\/tr\/wp-json\/wp\/v2\/product_tag?post=207107"}],"curies":[{"name":"wp","href":"https:\/\/api.w.org\/{rel}","templated":true}]}}