{"id":207138,"date":"2026-04-04T14:56:11","date_gmt":"2026-04-04T14:56:11","guid":{"rendered":"https:\/\/modesthanim.com\/product\/siyah-bisiklet-yaka-erkek-cocuk-atlet-2li\/"},"modified":"2026-04-05T10:28:30","modified_gmt":"2026-04-05T10:28:30","slug":"siyah-bisiklet-yaka-erkek-cocuk-atlet-2li","status":"publish","type":"product","link":"https:\/\/mod.wisdar.net\/tr\/urun\/siyah-bisiklet-yaka-erkek-cocuk-atlet-2li\/","title":{"rendered":"Siyah Bisiklet Yaka Erkek \u00c7ocuk Atlet 2&#8217;li"},"content":{"rendered":"<p>LCW Kids Siyah Bisiklet Yaka Erkek \u00c7ocuk Atlet 2&#8217;li size \u00f6zel indirim, taksit ve kap\u0131da \u00f6deme avantajlar\u0131yla LCW&#8217;de! Hemen online al\u0131\u015fveri\u015f yap, \u00fcr\u00fcn kap\u0131na gelsin! \u2013 S61754Z4-CVL<\/p>\n<p>\u2014 Technical Details \u2014<br \/>\nMen\u015fei: Banglade\u015f,Turk\u0131ye<br \/>\nSat\u0131c\u0131: LC Waikiki<br \/>\nMarka: LCW Kids<br \/>\n\u00dcr\u00fcn Tipi: \u0130\u00e7 Giyim Atlet<br \/>\nCinsiyet: Erkek \u00c7ocuk<br \/>\nKal\u0131p: Standart &amp; Regular<br \/>\nKuma\u015f: Penye<br \/>\nDesen: D\u00fcz<br \/>\nYaka: Bisiklet Yaka<br \/>\nKol Boyu: Kolsuz<br \/>\nPaket \u0130\u00e7eri\u011fi: 2&#8217;li Paket<br \/>\nMalzeme: %100 Pamuk<br \/>\nPar\u00e7a Say\u0131s\u0131: 2 Par\u00e7a<\/p>\n","protected":false},"excerpt":{"rendered":"<p>LCW Kids Siyah Bisiklet Yaka Erkek \u00c7ocuk Atlet 2&#8217;li size \u00f6zel indirim, taksit ve kap\u0131da \u00f6deme avantajlar\u0131yla LCW&#8217;de! Hemen online al\u0131\u015fveri\u015f yap, \u00fcr\u00fcn kap\u0131na gelsin! \u2013 S61754Z4-CVL \u2014 Technical Details \u2014 Men\u015fei: Banglade\u015f,Turk\u0131ye Sat\u0131c\u0131: LC Waikiki Marka: LCW Kids \u00dcr\u00fcn Tipi: \u0130\u00e7 Giyim Atlet Cinsiyet: Erkek \u00c7ocuk Kal\u0131p: Standart &amp; Regular Kuma\u015f: Penye Desen: D\u00fcz [&hellip;]<\/p>\n","protected":false},"featured_media":207133,"comment_status":"open","ping_status":"closed","template":"","meta":[],"product_brand":[],"product_cat":[8739,8757,8694],"product_tag":[8110,7488],"class_list":{"0":"post-207138","1":"product","2":"type-product","3":"status-publish","4":"has-post-thumbnail","6":"product_cat-erkek-cocuklar-2-14-yas","7":"product_cat-ic-giyim","8":"product_cat-cocuklar","9":"product_tag-bisiklet-yaka-2","10":"product_tag-pamuk","11":"pa_brand-lcw-kids","12":"pa_color-yeni-siyah","13":"pa_size-11-12-yas","14":"pa_size-13-14-yas","15":"pa_size-7-8-yas","16":"pa_size-9-10-yas","18":"first","19":"instock","20":"sale","21":"shipping-taxable","22":"purchasable","23":"product-type-variable"},"_links":{"self":[{"href":"https:\/\/mod.wisdar.net\/tr\/wp-json\/wp\/v2\/product\/207138","targetHints":{"allow":["GET"]}}],"collection":[{"href":"https:\/\/mod.wisdar.net\/tr\/wp-json\/wp\/v2\/product"}],"about":[{"href":"https:\/\/mod.wisdar.net\/tr\/wp-json\/wp\/v2\/types\/product"}],"replies":[{"embeddable":true,"href":"https:\/\/mod.wisdar.net\/tr\/wp-json\/wp\/v2\/comments?post=207138"}],"wp:featuredmedia":[{"embeddable":true,"href":"https:\/\/mod.wisdar.net\/tr\/wp-json\/wp\/v2\/media\/207133"}],"wp:attachment":[{"href":"https:\/\/mod.wisdar.net\/tr\/wp-json\/wp\/v2\/media?parent=207138"}],"wp:term":[{"taxonomy":"product_brand","embeddable":true,"href":"https:\/\/mod.wisdar.net\/tr\/wp-json\/wp\/v2\/product_brand?post=207138"},{"taxonomy":"product_cat","embeddable":true,"href":"https:\/\/mod.wisdar.net\/tr\/wp-json\/wp\/v2\/product_cat?post=207138"},{"taxonomy":"product_tag","embeddable":true,"href":"https:\/\/mod.wisdar.net\/tr\/wp-json\/wp\/v2\/product_tag?post=207138"}],"curies":[{"name":"wp","href":"https:\/\/api.w.org\/{rel}","templated":true}]}}