{"id":207184,"date":"2026-04-04T14:56:47","date_gmt":"2026-04-04T14:56:47","guid":{"rendered":"https:\/\/modesthanim.com\/product\/lacivert-erkek-cocuk-boxer-3lu-paket\/"},"modified":"2026-04-15T22:09:36","modified_gmt":"2026-04-15T22:09:36","slug":"lacivert-erkek-cocuk-boxer-3lu-paket","status":"publish","type":"product","link":"https:\/\/mod.wisdar.net\/tr\/urun\/lacivert-erkek-cocuk-boxer-3lu-paket\/","title":{"rendered":"Lacivert Erkek \u00c7ocuk Boxer 3&#8217;l\u00fc Paket"},"content":{"rendered":"<p>LCW Kids Lacivert Erkek \u00c7ocuk Boxer 3&#8217;l\u00fc Paket size \u00f6zel indirim, taksit ve kap\u0131da \u00f6deme avantajlar\u0131yla LCW&#8217;de! Hemen online al\u0131\u015fveri\u015f yap, \u00fcr\u00fcn kap\u0131na gelsin! \u2013 S68855Z4-LSJ<\/p>\n<p>\u2014 Technical Details \u2014<br \/>\nMen\u015fei: Banglade\u015f,Turk\u0131ye<br \/>\nSat\u0131c\u0131: LC Waikiki<br \/>\nMarka: LCW Kids<br \/>\n\u00dcr\u00fcn Tipi: Boxer<br \/>\nCinsiyet: Erkek \u00c7ocuk<br \/>\nKuma\u015f: Penye<br \/>\nDesen: Desenli<br \/>\nPaket \u0130\u00e7eri\u011fi: 3&#8217;l\u00fc Paket<br \/>\nMalzeme: Y\u00fcksek Pamuk \u0130\u00e7erir<br \/>\nBel Fiti: Beli Lastikli<\/p>\n","protected":false},"excerpt":{"rendered":"<p>LCW Kids Lacivert Erkek \u00c7ocuk Boxer 3&#8217;l\u00fc Paket size \u00f6zel indirim, taksit ve kap\u0131da \u00f6deme avantajlar\u0131yla LCW&#8217;de! Hemen online al\u0131\u015fveri\u015f yap, \u00fcr\u00fcn kap\u0131na gelsin! \u2013 S68855Z4-LSJ \u2014 Technical Details \u2014 Men\u015fei: Banglade\u015f,Turk\u0131ye Sat\u0131c\u0131: LC Waikiki Marka: LCW Kids \u00dcr\u00fcn Tipi: Boxer Cinsiyet: Erkek \u00c7ocuk Kuma\u015f: Penye Desen: Desenli Paket \u0130\u00e7eri\u011fi: 3&#8217;l\u00fc Paket Malzeme: Y\u00fcksek Pamuk [&hellip;]<\/p>\n","protected":false},"featured_media":207176,"comment_status":"open","ping_status":"closed","template":"","meta":[],"product_brand":[],"product_cat":[8739,8757,8694],"product_tag":[7238,6765,7488],"class_list":{"0":"post-207184","1":"product","2":"type-product","3":"status-publish","4":"has-post-thumbnail","6":"product_cat-erkek-cocuklar-2-14-yas","7":"product_cat-ic-giyim","8":"product_cat-cocuklar","9":"product_tag-lacivert","10":"product_tag-lastikli-bel","11":"product_tag-pamuk","12":"pa_brand-lcw-kids","13":"pa_color-lacivert-baskili","14":"pa_size-11-12-yas","15":"pa_size-13-14-yas","16":"pa_size-7-8-yas","17":"pa_size-9-10-yas","19":"first","20":"instock","21":"sale","22":"shipping-taxable","23":"purchasable","24":"product-type-variable"},"_links":{"self":[{"href":"https:\/\/mod.wisdar.net\/tr\/wp-json\/wp\/v2\/product\/207184","targetHints":{"allow":["GET"]}}],"collection":[{"href":"https:\/\/mod.wisdar.net\/tr\/wp-json\/wp\/v2\/product"}],"about":[{"href":"https:\/\/mod.wisdar.net\/tr\/wp-json\/wp\/v2\/types\/product"}],"replies":[{"embeddable":true,"href":"https:\/\/mod.wisdar.net\/tr\/wp-json\/wp\/v2\/comments?post=207184"}],"wp:featuredmedia":[{"embeddable":true,"href":"https:\/\/mod.wisdar.net\/tr\/wp-json\/wp\/v2\/media\/207176"}],"wp:attachment":[{"href":"https:\/\/mod.wisdar.net\/tr\/wp-json\/wp\/v2\/media?parent=207184"}],"wp:term":[{"taxonomy":"product_brand","embeddable":true,"href":"https:\/\/mod.wisdar.net\/tr\/wp-json\/wp\/v2\/product_brand?post=207184"},{"taxonomy":"product_cat","embeddable":true,"href":"https:\/\/mod.wisdar.net\/tr\/wp-json\/wp\/v2\/product_cat?post=207184"},{"taxonomy":"product_tag","embeddable":true,"href":"https:\/\/mod.wisdar.net\/tr\/wp-json\/wp\/v2\/product_tag?post=207184"}],"curies":[{"name":"wp","href":"https:\/\/api.w.org\/{rel}","templated":true}]}}